{"id":14913,"date":"2024-07-13T00:00:41","date_gmt":"2025-03-20T10:48:27","guid":{"rendered":"https:\/\/delices.lu\/produit\/rose-garden-flacher-teller-mit-rand\/"},"modified":"2025-03-20T11:48:27","modified_gmt":"2025-03-20T10:48:27","slug":"rose-garden-flacher-teller-mit-rand","status":"publish","type":"product","link":"https:\/\/delices.lu\/de\/produit\/rose-garden-flacher-teller-mit-rand\/","title":{"rendered":"Rose Garden &#8211; Flacher Teller mit Rand"},"content":{"rendered":"<p><strong>Ein flacher Teller mit Rand im l\u00e4ndlichen Design<\/strong><br \/>\nBringen Sie mit diesem flachen, runden Teller mit Rand eine elegante Note auf Ihren Tisch. Eine zarte, aquarellierte rosa Blume ist auf dem makellos wei\u00dfen Porzellan zu sehen. Ein raffiniertes Motiv, das diesem Geschirrst\u00fcck eine frische Anmut verleiht. Das florale Design passt perfekt zu geselligen Mahlzeiten unter der Sonne. F\u00fcr einen harmonischen Tisch decken Sie den Rest des Rose Garden Geschirrsets ab: Dessertteller, Schalen, Tassen, Untertassen&#8230; Dieser flache Teller bietet Platz f\u00fcr kalte und warme Speisen und ist mikrowellen- und sp\u00fclmaschinengeeignet, um Ihren Alltag zu erleichtern. Neben dem Charme und der Sch\u00f6nheit, die er Ihrem Tisch verleiht, kann dieser Designteller auch als Dekorationsobjekt in einem Wohn- oder Schlafzimmer dienen, wo er z.B. Schmuckst\u00fccke aufbewahren kann. Setzen Sie auf ein zeitloses Design und trendige Blumenfarben.      <\/p>\n","protected":false},"excerpt":{"rendered":"<p>MATERIAL: Hochwertiges Porzellan<br \/>\nDURCHMESSER: ca. 285 mm<br \/>\nFARBE: Zartrosa<br \/>\nGARANTIERT SP\u00dcLMASCHINENGARANTIE: Ja<br \/>\nMIKROWELLENKOMPATIBEL: Ja<br \/>\nREF. ARTIKEL: 1042872621 <\/p>\n","protected":false},"featured_media":14917,"template":"","meta":[],"location":[959,1260],"product_brand":[],"product_cat":[1354,2231,1309],"product_tag":[2391,2249,2392,2239],"class_list":{"0":"post-14913","1":"product","2":"type-product","3":"status-publish","4":"has-post-thumbnail","6":"location-0-shop","7":"location-22-3","8":"product_cat-art-de-la-table-de","9":"product_cat-teller","10":"product_cat-villeroy-boch-de","11":"product_tag-blumen","12":"product_tag-flacher-teller","13":"product_tag-rander","14":"product_tag-rosengarten","16":"first","17":"instock","18":"shipping-taxable","19":"purchasable","20":"product-type-simple"},"supplier_id":9071,"supplier_sku":"1042872621","barcode":"4003686420489","atum_controlled":true,"out_stock_date":null,"out_stock_threshold":0,"inheritable":false,"inbound_stock":0,"stock_on_hold":0,"sold_today":0,"sales_last_days":0,"reserved_stock":0,"customer_returns":0,"warehouse_damage":null,"lost_in_post":0,"other_logs":0,"out_stock_days":0,"lost_sales":0,"has_location":false,"update_date":"2025-07-19T06:26:24","atum_locations":[{"id":960,"name":"0 SHOP","slug":"0-shop"},{"id":1276,"name":"223","slug":"223"}],"atum_stock_status":"instock","restock_status":false,"low_stock_amount":"","sales_update_date":"2025-07-19T06:26:24","calc_backorders":0,"locations":[],"_links":{"self":[{"href":"https:\/\/delices.lu\/de\/wp-json\/wp\/v2\/product\/14913","targetHints":{"allow":["GET"]}}],"collection":[{"href":"https:\/\/delices.lu\/de\/wp-json\/wp\/v2\/product"}],"about":[{"href":"https:\/\/delices.lu\/de\/wp-json\/wp\/v2\/types\/product"}],"wp:featuredmedia":[{"embeddable":true,"href":"https:\/\/delices.lu\/de\/wp-json\/wp\/v2\/media\/14917"}],"wp:attachment":[{"href":"https:\/\/delices.lu\/de\/wp-json\/wp\/v2\/media?parent=14913"}],"wp:term":[{"taxonomy":"location","embeddable":true,"href":"https:\/\/delices.lu\/de\/wp-json\/wp\/v2\/location?post=14913"},{"taxonomy":"product_brand","embeddable":true,"href":"https:\/\/delices.lu\/de\/wp-json\/wp\/v2\/product_brand?post=14913"},{"taxonomy":"product_cat","embeddable":true,"href":"https:\/\/delices.lu\/de\/wp-json\/wp\/v2\/product_cat?post=14913"},{"taxonomy":"product_tag","embeddable":true,"href":"https:\/\/delices.lu\/de\/wp-json\/wp\/v2\/product_tag?post=14913"}],"curies":[{"name":"wp","href":"https:\/\/api.w.org\/{rel}","templated":true}]}}