{"id":14925,"date":"2024-07-14T00:00:12","date_gmt":"2025-03-20T10:48:28","guid":{"rendered":"https:\/\/delices.lu\/produit\/rose-garden-suppenteller\/"},"modified":"2025-03-20T11:48:28","modified_gmt":"2025-03-20T10:48:28","slug":"rose-garden-suppenteller","status":"publish","type":"product","link":"https:\/\/delices.lu\/de\/produit\/rose-garden-suppenteller\/","title":{"rendered":"Rose Garden &#8211; Suppenteller"},"content":{"rendered":"<p><strong>Ein Suppenteller aus Porzellan im Blumendesign<\/strong><br \/>\nDieser sch\u00f6ne Teller besticht durch sein schickes und zeitloses Blumenmuster. Er ist Teil der Rose Garden Kollektion, einem Geschirrset, das durch seinen rosafarbenen Blumenlook im Vintage-Stil eine sanfte Ausstrahlung hat. Setzen Sie auf Originalit\u00e4t und schaffen Sie eine gem\u00fctliche Atmosph\u00e4re in Ihrem Esszimmer, indem Sie es mit den Gl\u00e4sern, Tassen und Untertassen aus der gleichen Kollektion kombinieren! Ob Sie nun Suppen, Pasta oder Salate bevorzugen, Ihre warmen und kalten Lieblingsspeisen kommen auf diesem originellen Teller besonders gut zur Geltung. Aber mit seinem eleganten Design kann dieser farbenfrohe Teller auch als dekorativer Teller verwendet werden. Wie w\u00e4re es, wenn Sie ein paar Kerzen darauf stellen, um eine warme Atmosph\u00e4re zu schaffen? Er kann auch als Taschenleerer am Eingang des Wohnzimmers oder als Dekorationsobjekt an der Wand dienen&#8230; Lassen Sie Ihrer Fantasie mit den Geschirrsets von Villeroy &amp; Boch freien Lauf! Setzen Sie auf ein zeitloses Design und trendige Blumenfarben.       <\/p>\n","protected":false},"excerpt":{"rendered":"<p>MATERIAL: Hochwertiges Porzellan<br \/>\nDURCHMESSER: ca. 318 mm<br \/>\nFARBE: zartrosa<br \/>\nGARANTIERT SP\u00dcLMASCHINENGARANTIE: Ja<br \/>\nMIKROWELLENKOMPATIBEL: Ja<br \/>\nREF. ARTIKEL: 1042872595 <\/p>\n","protected":false},"featured_media":14926,"template":"","meta":[],"location":[959,1260],"product_brand":[],"product_cat":[1354,2231,1309],"product_tag":[2391,2316,2239],"class_list":{"0":"post-14925","1":"product","2":"type-product","3":"status-publish","4":"has-post-thumbnail","6":"location-0-shop","7":"location-22-3","8":"product_cat-art-de-la-table-de","9":"product_cat-teller","10":"product_cat-villeroy-boch-de","11":"product_tag-blumen","12":"product_tag-groser-teller","13":"product_tag-rosengarten","15":"first","16":"instock","17":"shipping-taxable","18":"purchasable","19":"product-type-simple"},"supplier_id":9071,"supplier_sku":"1042872595","barcode":"40036862595","atum_controlled":true,"out_stock_date":null,"out_stock_threshold":0,"inheritable":false,"inbound_stock":0,"stock_on_hold":0,"sold_today":0,"sales_last_days":0,"reserved_stock":0,"customer_returns":0,"warehouse_damage":null,"lost_in_post":0,"other_logs":0,"out_stock_days":0,"lost_sales":0,"has_location":false,"update_date":"2025-07-19T06:26:24","atum_locations":[{"id":960,"name":"0 SHOP","slug":"0-shop"},{"id":1276,"name":"223","slug":"223"}],"atum_stock_status":"instock","restock_status":false,"low_stock_amount":"","sales_update_date":"2025-07-19T06:26:24","calc_backorders":0,"locations":[],"_links":{"self":[{"href":"https:\/\/delices.lu\/de\/wp-json\/wp\/v2\/product\/14925","targetHints":{"allow":["GET"]}}],"collection":[{"href":"https:\/\/delices.lu\/de\/wp-json\/wp\/v2\/product"}],"about":[{"href":"https:\/\/delices.lu\/de\/wp-json\/wp\/v2\/types\/product"}],"wp:featuredmedia":[{"embeddable":true,"href":"https:\/\/delices.lu\/de\/wp-json\/wp\/v2\/media\/14926"}],"wp:attachment":[{"href":"https:\/\/delices.lu\/de\/wp-json\/wp\/v2\/media?parent=14925"}],"wp:term":[{"taxonomy":"location","embeddable":true,"href":"https:\/\/delices.lu\/de\/wp-json\/wp\/v2\/location?post=14925"},{"taxonomy":"product_brand","embeddable":true,"href":"https:\/\/delices.lu\/de\/wp-json\/wp\/v2\/product_brand?post=14925"},{"taxonomy":"product_cat","embeddable":true,"href":"https:\/\/delices.lu\/de\/wp-json\/wp\/v2\/product_cat?post=14925"},{"taxonomy":"product_tag","embeddable":true,"href":"https:\/\/delices.lu\/de\/wp-json\/wp\/v2\/product_tag?post=14925"}],"curies":[{"name":"wp","href":"https:\/\/api.w.org\/{rel}","templated":true}]}}