{"id":14933,"date":"2024-04-23T00:00:08","date_gmt":"2025-03-20T10:48:29","guid":{"rendered":"https:\/\/delices.lu\/produit\/rose-garden-untertasse-weiss\/"},"modified":"2025-03-20T11:48:29","modified_gmt":"2025-03-20T10:48:29","slug":"rose-garden-untertasse-weiss","status":"publish","type":"product","link":"https:\/\/delices.lu\/de\/produit\/rose-garden-untertasse-weiss\/","title":{"rendered":"Rose Garden &#8211; Untertasse wei\u00df"},"content":{"rendered":"<p><strong>Eine wei\u00dfe Untertasse aus Porzellan, um den Kaffee zu veredeln<\/strong><br \/>\nDiese <strong>Kaffeeuntertasse<\/strong> aus der Rose Garden Kollektion ist ein unverzichtbares Teil eines jeden kompletten Geschirrsets. Dank ihres einfachen und klaren Designs passt sie perfekt zu jedem Tafelservice. Sie k\u00f6nnen sie also problemlos mit Ihren Tellern, Gl\u00e4sern, Sch\u00fcsseln und anderen Geschirrteilen kombinieren. Am Ende des Essens oder bei einem Snack ist diese kleine Untertasse ideal, um Ihre Rose Garden Kaffeetasse abzustellen&#8230; genauso wie Ihre Lieblingskekse! Ihr gl\u00e4nzendes Aussehen verleiht ihr den sch\u00f6nsten Effekt. So begleitet sie Ihre Gourmet-Pause in aller Diskretion und verleiht Ihrer Tischdekoration einen schicken und eleganten Touch. Diese zeitlose wei\u00dfe Kaffeeuntertasse eignet sich f\u00fcr alle Gelegenheiten, sowohl f\u00fcr den Alltag als auch f\u00fcr besondere Anl\u00e4sse: Brunch mit Freunden, Ostern mit der Familie, Muttertag&#8230; Setzen Sie auf ein zeitloses Design und hochwertige Qualit\u00e4t.      <\/p>\n","protected":false},"excerpt":{"rendered":"<p>MATERIAL: Hochwertiges Porzellan<br \/>\nDURCHMESSER: ca. 117 mm<br \/>\nFARBE: wei\u00df<br \/>\nGARANTIERT SP\u00dcLMASCHINENGARANTIE: Ja<br \/>\nMIKROWELLENKOMPATIBEL: Ja<br \/>\nREF. ARTIKEL: 1042871431 <\/p>\n","protected":false},"featured_media":14939,"template":"","meta":[],"location":[959],"product_brand":[],"product_cat":[1354,2235,2266,1309],"product_tag":[2239,2267,2166],"class_list":{"0":"post-14933","1":"product","2":"type-product","3":"status-publish","4":"has-post-thumbnail","6":"location-0-shop","7":"product_cat-art-de-la-table-de","8":"product_cat-tasse-de","9":"product_cat-untertasse","10":"product_cat-villeroy-boch-de","11":"product_tag-rosengarten","12":"product_tag-untertasse-ohne-tasse","13":"product_tag-weis","15":"first","16":"instock","17":"shipping-taxable","18":"purchasable","19":"product-type-simple"},"supplier_id":9071,"supplier_sku":"1042871431","barcode":"4003686423428","atum_controlled":true,"out_stock_date":null,"out_stock_threshold":0,"inheritable":false,"inbound_stock":0,"stock_on_hold":0,"sold_today":0,"sales_last_days":0,"reserved_stock":0,"customer_returns":0,"warehouse_damage":null,"lost_in_post":0,"other_logs":0,"out_stock_days":0,"lost_sales":0,"has_location":false,"update_date":"2025-07-19T06:26:31","atum_locations":[{"id":960,"name":"0 SHOP","slug":"0-shop"}],"atum_stock_status":"instock","restock_status":false,"low_stock_amount":"","sales_update_date":"2025-07-19T06:26:31","calc_backorders":0,"locations":[],"_links":{"self":[{"href":"https:\/\/delices.lu\/de\/wp-json\/wp\/v2\/product\/14933","targetHints":{"allow":["GET"]}}],"collection":[{"href":"https:\/\/delices.lu\/de\/wp-json\/wp\/v2\/product"}],"about":[{"href":"https:\/\/delices.lu\/de\/wp-json\/wp\/v2\/types\/product"}],"wp:featuredmedia":[{"embeddable":true,"href":"https:\/\/delices.lu\/de\/wp-json\/wp\/v2\/media\/14939"}],"wp:attachment":[{"href":"https:\/\/delices.lu\/de\/wp-json\/wp\/v2\/media?parent=14933"}],"wp:term":[{"taxonomy":"location","embeddable":true,"href":"https:\/\/delices.lu\/de\/wp-json\/wp\/v2\/location?post=14933"},{"taxonomy":"product_brand","embeddable":true,"href":"https:\/\/delices.lu\/de\/wp-json\/wp\/v2\/product_brand?post=14933"},{"taxonomy":"product_cat","embeddable":true,"href":"https:\/\/delices.lu\/de\/wp-json\/wp\/v2\/product_cat?post=14933"},{"taxonomy":"product_tag","embeddable":true,"href":"https:\/\/delices.lu\/de\/wp-json\/wp\/v2\/product_tag?post=14933"}],"curies":[{"name":"wp","href":"https:\/\/api.w.org\/{rel}","templated":true}]}}