{"id":14940,"date":"2024-07-13T00:00:34","date_gmt":"2025-03-20T10:48:29","guid":{"rendered":"https:\/\/delices.lu\/produit\/rose-garden-kleine-kaffeetasse\/"},"modified":"2025-03-20T11:48:29","modified_gmt":"2025-03-20T10:48:29","slug":"rose-garden-kleine-kaffeetasse","status":"publish","type":"product","link":"https:\/\/delices.lu\/de\/produit\/rose-garden-kleine-kaffeetasse\/","title":{"rendered":"Rose Garden &#8211; Kleine Kaffeetasse"},"content":{"rendered":"<p><strong>Eine kleine, elegante Kaffeetasse ohne Untertasse<\/strong><br \/>\nDiese sehr sch\u00f6ne Tasse aus hochwertigem Porzellan ist perfekt f\u00fcr einen Moment des Genie\u00dfens. Die wei\u00dfe Kaffeetasse hat ein bezauberndes rosafarbenes Blumenmuster, das ihr einen Retro-Charme verleiht. Dieses Muster ist typisch f\u00fcr die Rose Garden Kollektion und verleiht dieser sch\u00f6nen, sp\u00fclmaschinen- und mikrowellengeeigneten Espressotasse ihren Charakter. Diese Espressotasse passt zu jeder Gelegenheit, auch zu besonderen Anl\u00e4ssen wie Ostern oder Muttertag. Sie l\u00e4sst sich wunderbar mit anderen St\u00fccken aus der gleichen Kollektion kombinieren, um ein komplettes und harmonisches Vintage-Tischset zu bilden. Genie\u00dfen Sie Ihren italienischen Kaffee.     <\/p>\n","protected":false},"excerpt":{"rendered":"<p>MATERIAL: Hochwertiges Porzellan<br \/>\nGR\u00d6SSE: ca. 70 ml<br \/>\nFARBE: Zartrosa<br \/>\nGARANTIERT SP\u00dcLMASCHINENGARANTIE: Ja<br \/>\nMIKROWELLENKOMPATIBEL: Ja<br \/>\nREF. ARTIKEL: 1042871420 <\/p>\n","protected":false},"featured_media":14942,"template":"","meta":[],"location":[959,1260],"product_brand":[],"product_cat":[1354,2235,1309],"product_tag":[2354,2395,2239],"class_list":{"0":"post-14940","1":"product","2":"type-product","3":"status-publish","4":"has-post-thumbnail","6":"location-0-shop","7":"location-22-3","8":"product_cat-art-de-la-table-de","9":"product_cat-tasse-de","10":"product_cat-villeroy-boch-de","11":"product_tag-espressotasse","12":"product_tag-ohne-untertasse","13":"product_tag-rosengarten","15":"first","16":"instock","17":"shipping-taxable","18":"purchasable","19":"product-type-simple"},"supplier_id":9071,"supplier_sku":"1042871420","barcode":"4003686420441","atum_controlled":true,"out_stock_date":null,"out_stock_threshold":0,"inheritable":false,"inbound_stock":0,"stock_on_hold":0,"sold_today":0,"sales_last_days":0,"reserved_stock":0,"customer_returns":0,"warehouse_damage":null,"lost_in_post":0,"other_logs":0,"out_stock_days":0,"lost_sales":0,"has_location":false,"update_date":"2025-07-19T06:26:25","atum_locations":[{"id":960,"name":"0 SHOP","slug":"0-shop"},{"id":1276,"name":"223","slug":"223"}],"atum_stock_status":"instock","restock_status":false,"low_stock_amount":"","sales_update_date":"2025-07-19T06:26:25","calc_backorders":0,"locations":[],"_links":{"self":[{"href":"https:\/\/delices.lu\/de\/wp-json\/wp\/v2\/product\/14940","targetHints":{"allow":["GET"]}}],"collection":[{"href":"https:\/\/delices.lu\/de\/wp-json\/wp\/v2\/product"}],"about":[{"href":"https:\/\/delices.lu\/de\/wp-json\/wp\/v2\/types\/product"}],"wp:featuredmedia":[{"embeddable":true,"href":"https:\/\/delices.lu\/de\/wp-json\/wp\/v2\/media\/14942"}],"wp:attachment":[{"href":"https:\/\/delices.lu\/de\/wp-json\/wp\/v2\/media?parent=14940"}],"wp:term":[{"taxonomy":"location","embeddable":true,"href":"https:\/\/delices.lu\/de\/wp-json\/wp\/v2\/location?post=14940"},{"taxonomy":"product_brand","embeddable":true,"href":"https:\/\/delices.lu\/de\/wp-json\/wp\/v2\/product_brand?post=14940"},{"taxonomy":"product_cat","embeddable":true,"href":"https:\/\/delices.lu\/de\/wp-json\/wp\/v2\/product_cat?post=14940"},{"taxonomy":"product_tag","embeddable":true,"href":"https:\/\/delices.lu\/de\/wp-json\/wp\/v2\/product_tag?post=14940"}],"curies":[{"name":"wp","href":"https:\/\/api.w.org\/{rel}","templated":true}]}}