{"id":14941,"date":"2025-09-09T00:00:57","date_gmt":"2025-09-08T22:00:57","guid":{"rendered":"https:\/\/delices.lu\/produit\/rose-garden-set-4-x-rotweinglas\/"},"modified":"2025-03-20T11:48:29","modified_gmt":"2025-03-20T10:48:29","slug":"rose-garden-set-4-x-rotweinglas","status":"publish","type":"product","link":"https:\/\/delices.lu\/de\/produit\/rose-garden-set-4-x-rotweinglas\/","title":{"rendered":"Rose Garden Set 4 x Rotweinglas"},"content":{"rendered":"<p><strong>Ein einzigartiges Glas f\u00fcr kr\u00e4ftige Rotweine<\/strong><br \/>\nDie Kristallgl\u00e4ser von Rose Garden sind \u00fcberall im Haus zu Hause, wo sich romantischer Lebensstil und Designliebhaber begegnen. Mit ihrem Glanz und den sch\u00f6nen Brechungen tr\u00e4gt diese Glasform zu einer gediegenen Atmosph\u00e4re auf dem Tisch bei. Das aufeinander abgestimmte Sortiment ist robust, sp\u00fclmaschinenfest und verleiht jedem Getr\u00e4nk einen Hauch von Luxus. Die durchdachte Form und das elegante Design des Rose Garden Rotweinglases aus Kristallglas sind ideal f\u00fcr kr\u00e4ftige Bordeauxweine und bringen das Beste aus jedem Wein hervor. G\u00f6nnen Sie sich einen exklusiven Moment mit den perfekt passenden Gl\u00e4sern.    <\/p>\n","protected":false},"excerpt":{"rendered":"<p>MATERIAL: Kristallglas<br \/>\nDURCHMESSER: ca. 95 mm<br \/>\nGR\u00d6SSE: ca. 200 ml<br \/>\nFARBE: transparent<br \/>\nGARANTIERT SP\u00dcLMASCHINENGARANTIE: Ja<br \/>\nMIKROWELLENKOMPATIBEL: Nein<br \/>\nREF. ARTIKEL: 1137258110 <\/p>\n","protected":false},"featured_media":14944,"template":"","meta":[],"location":[959],"product_brand":[],"product_cat":[1354,2359,1309],"product_tag":[2378,2386,2393],"class_list":{"0":"post-14941","1":"product","2":"type-product","3":"status-publish","4":"has-post-thumbnail","6":"location-0-shop","7":"product_cat-art-de-la-table-de","8":"product_cat-glas","9":"product_cat-villeroy-boch-de","10":"product_tag-kristallin","11":"product_tag-rotwein","12":"product_tag-set-mit-4-glasern","14":"first","15":"instock","16":"shipping-taxable","17":"purchasable","18":"product-type-simple"},"supplier_id":9071,"supplier_sku":"1137258110","barcode":"4003686420311","atum_controlled":true,"out_stock_date":null,"out_stock_threshold":0,"inheritable":false,"inbound_stock":0,"stock_on_hold":0,"sold_today":0,"sales_last_days":0,"reserved_stock":0,"customer_returns":0,"warehouse_damage":null,"lost_in_post":0,"other_logs":0,"out_stock_days":0,"lost_sales":0,"has_location":false,"update_date":"2025-09-28T04:37:03","atum_locations":[{"id":960,"name":"0 SHOP","slug":"0-shop"}],"atum_stock_status":"instock","restock_status":false,"low_stock_amount":"","sales_update_date":"2025-07-19T06:26:23","calc_backorders":0,"locations":[],"_links":{"self":[{"href":"https:\/\/delices.lu\/de\/wp-json\/wp\/v2\/product\/14941","targetHints":{"allow":["GET"]}}],"collection":[{"href":"https:\/\/delices.lu\/de\/wp-json\/wp\/v2\/product"}],"about":[{"href":"https:\/\/delices.lu\/de\/wp-json\/wp\/v2\/types\/product"}],"wp:featuredmedia":[{"embeddable":true,"href":"https:\/\/delices.lu\/de\/wp-json\/wp\/v2\/media\/14944"}],"wp:attachment":[{"href":"https:\/\/delices.lu\/de\/wp-json\/wp\/v2\/media?parent=14941"}],"wp:term":[{"taxonomy":"location","embeddable":true,"href":"https:\/\/delices.lu\/de\/wp-json\/wp\/v2\/location?post=14941"},{"taxonomy":"product_brand","embeddable":true,"href":"https:\/\/delices.lu\/de\/wp-json\/wp\/v2\/product_brand?post=14941"},{"taxonomy":"product_cat","embeddable":true,"href":"https:\/\/delices.lu\/de\/wp-json\/wp\/v2\/product_cat?post=14941"},{"taxonomy":"product_tag","embeddable":true,"href":"https:\/\/delices.lu\/de\/wp-json\/wp\/v2\/product_tag?post=14941"}],"curies":[{"name":"wp","href":"https:\/\/api.w.org\/{rel}","templated":true}]}}