{"id":14951,"date":"2024-04-23T00:00:18","date_gmt":"2025-03-20T10:48:30","guid":{"rendered":"https:\/\/delices.lu\/produit\/rose-garden-flacher-teller-mit-rand-2\/"},"modified":"2025-03-20T11:48:30","modified_gmt":"2025-03-20T10:48:30","slug":"rose-garden-flacher-teller-mit-rand-2","status":"publish","type":"product","link":"https:\/\/delices.lu\/de\/produit\/rose-garden-flacher-teller-mit-rand-2\/","title":{"rendered":"Rose Garden &#8211; Flacher Teller mit Rand"},"content":{"rendered":"<p><strong>Ein eleganter und romantischer Platzteller aus Porzellan<\/strong><br \/>\nDie Rose Garden Kollektion eignet sich sowohl f\u00fcr besondere Anl\u00e4sse &#8211; Ostern, Muttertag, Brunch mit Freunden&#8230; &#8211; als auch f\u00fcr den t\u00e4glichen Gebrauch. Kombinieren Sie diesen Teller mit Rand mit anderen Geschirrteilen von Rose Garden, um eine frische, l\u00e4ndliche Atmosph\u00e4re in Ihr Zuhause zu bringen: kristallklare Wassergl\u00e4ser, Schalen, Dessertteller oder ein flacher Teller mit einer zarten Aquarellblume. Bringen Sie mit dem Geschirrset Rose Garden einen frischen Wind in Ihr Esszimmer. Inspiriert vom Duft des Fr\u00fchlings pr\u00e4sentiert Villeroy &amp; Boch ein poetisches und blumiges Tafelservice in frischen, rosa T\u00f6nen. Der flache Teller mit Rand aus hochwertigem Porzellan ist ein Versprechen f\u00fcr eine elegante Tischdekoration. Sein einfaches und schlichtes Design ist ein Lob der Sanftheit. Setzen Sie auf ein zeitloses Design und trendige Blumenfarben.      <\/p>\n","protected":false},"excerpt":{"rendered":"<p>MATERIAL: Hochwertiges Porzellan<br \/>\nDURCHMESSER: ca. 285 mm<br \/>\nFARBE: Zartrosa<br \/>\nGARANTIERT SP\u00dcLMASCHINENGARANTIE: Ja<br \/>\nMIKROWELLENKOMPATIBEL: Ja<br \/>\nREF. ARTIKEL: 1042872622 <\/p>\n","protected":false},"featured_media":14953,"template":"","meta":[],"location":[959],"product_brand":[],"product_cat":[1354,2231,1309],"product_tag":[2391,2249,2239],"class_list":{"0":"post-14951","1":"product","2":"type-product","3":"status-publish","4":"has-post-thumbnail","6":"location-0-shop","7":"product_cat-art-de-la-table-de","8":"product_cat-teller","9":"product_cat-villeroy-boch-de","10":"product_tag-blumen","11":"product_tag-flacher-teller","12":"product_tag-rosengarten","14":"first","15":"instock","16":"shipping-taxable","17":"purchasable","18":"product-type-simple"},"supplier_id":9071,"supplier_sku":"1042872622","barcode":"4003686423312","atum_controlled":true,"out_stock_date":null,"out_stock_threshold":0,"inheritable":false,"inbound_stock":0,"stock_on_hold":0,"sold_today":0,"sales_last_days":0,"reserved_stock":0,"customer_returns":0,"warehouse_damage":null,"lost_in_post":0,"other_logs":0,"out_stock_days":0,"lost_sales":0,"has_location":false,"update_date":"2025-07-19T06:26:22","atum_locations":[{"id":960,"name":"0 SHOP","slug":"0-shop"}],"atum_stock_status":"instock","restock_status":false,"low_stock_amount":"","sales_update_date":"2025-07-19T06:26:22","calc_backorders":0,"locations":[],"_links":{"self":[{"href":"https:\/\/delices.lu\/de\/wp-json\/wp\/v2\/product\/14951","targetHints":{"allow":["GET"]}}],"collection":[{"href":"https:\/\/delices.lu\/de\/wp-json\/wp\/v2\/product"}],"about":[{"href":"https:\/\/delices.lu\/de\/wp-json\/wp\/v2\/types\/product"}],"wp:featuredmedia":[{"embeddable":true,"href":"https:\/\/delices.lu\/de\/wp-json\/wp\/v2\/media\/14953"}],"wp:attachment":[{"href":"https:\/\/delices.lu\/de\/wp-json\/wp\/v2\/media?parent=14951"}],"wp:term":[{"taxonomy":"location","embeddable":true,"href":"https:\/\/delices.lu\/de\/wp-json\/wp\/v2\/location?post=14951"},{"taxonomy":"product_brand","embeddable":true,"href":"https:\/\/delices.lu\/de\/wp-json\/wp\/v2\/product_brand?post=14951"},{"taxonomy":"product_cat","embeddable":true,"href":"https:\/\/delices.lu\/de\/wp-json\/wp\/v2\/product_cat?post=14951"},{"taxonomy":"product_tag","embeddable":true,"href":"https:\/\/delices.lu\/de\/wp-json\/wp\/v2\/product_tag?post=14951"}],"curies":[{"name":"wp","href":"https:\/\/api.w.org\/{rel}","templated":true}]}}