{"id":14952,"date":"2024-07-13T00:00:43","date_gmt":"2025-03-20T10:48:30","guid":{"rendered":"https:\/\/delices.lu\/produit\/rose-garden-untertasse-weiss-2\/"},"modified":"2025-03-20T11:48:30","modified_gmt":"2025-03-20T10:48:30","slug":"rose-garden-untertasse-weiss-2","status":"publish","type":"product","link":"https:\/\/delices.lu\/de\/produit\/rose-garden-untertasse-weiss-2\/","title":{"rendered":"Rose Garden &#8211; Untertasse wei\u00df"},"content":{"rendered":"<p><strong>Eine elegante Untertasse f\u00fcr Ihre Kaffee- oder Teetasse<\/strong><br \/>\nDiese hochwertige Kaffeeuntertasse passt perfekt unter eine sch\u00f6ne Porzellantasse aus der Serie Villeroy &amp; Boch. Sie eignet sich perfekt als Schutz f\u00fcr Ihren Tisch oder Ihre Tischdecke und kann auch als kleiner Platzteller f\u00fcr s\u00fc\u00dfe Leckereien verwendet werden. Diese schlanke und elegante Kaffeeuntertasse erm\u00f6glicht es Ihnen, ein modernes und hochwertiges Tafelservice zu kreieren. Sie ist mikrowellen- und sp\u00fclmaschinenfest, um die t\u00e4gliche Pflege zu erleichtern. Diese Untertasse aus Porzellan kann zu jeder Gelegenheit verwendet werden und erg\u00e4nzt das h\u00fcbsche Porzellan-Geschirrset Rose Garden und passt perfekt zur Fr\u00fchlingssaison. Setzen Sie auf zeitloses Design und hochwertige Qualit\u00e4t.     <\/p>\n","protected":false},"excerpt":{"rendered":"<p>MATERIAL: Hochwertiges Porzellan<br \/>\nDURCHMESSER: ca. 148 mm<br \/>\nFARBE: wei\u00df<br \/>\nGARANTIERT SP\u00dcLMASCHINENGARANTIE: Ja<br \/>\nMIKROWELLENKOMPATIBEL: Ja<br \/>\nREF. ARTIKEL: 1042871311 <\/p>\n","protected":false},"featured_media":14954,"template":"","meta":[],"location":[959,1260],"product_brand":[],"product_cat":[1354,2235,2266,1309],"product_tag":[2239,2267,2166],"class_list":{"0":"post-14952","1":"product","2":"type-product","3":"status-publish","4":"has-post-thumbnail","6":"location-0-shop","7":"location-22-3","8":"product_cat-art-de-la-table-de","9":"product_cat-tasse-de","10":"product_cat-untertasse","11":"product_cat-villeroy-boch-de","12":"product_tag-rosengarten","13":"product_tag-untertasse-ohne-tasse","14":"product_tag-weis","16":"first","17":"instock","18":"shipping-taxable","19":"purchasable","20":"product-type-simple"},"supplier_id":null,"supplier_sku":"1042871311","barcode":"4003686423411","atum_controlled":true,"out_stock_date":null,"out_stock_threshold":0,"inheritable":false,"inbound_stock":0,"stock_on_hold":0,"sold_today":0,"sales_last_days":0,"reserved_stock":0,"customer_returns":0,"warehouse_damage":null,"lost_in_post":0,"other_logs":0,"out_stock_days":0,"lost_sales":0,"has_location":false,"update_date":"2025-07-19T06:26:31","atum_locations":[{"id":960,"name":"0 SHOP","slug":"0-shop"},{"id":1276,"name":"223","slug":"223"}],"atum_stock_status":"instock","restock_status":false,"low_stock_amount":"","sales_update_date":"2025-07-19T06:26:31","calc_backorders":0,"locations":[],"_links":{"self":[{"href":"https:\/\/delices.lu\/de\/wp-json\/wp\/v2\/product\/14952","targetHints":{"allow":["GET"]}}],"collection":[{"href":"https:\/\/delices.lu\/de\/wp-json\/wp\/v2\/product"}],"about":[{"href":"https:\/\/delices.lu\/de\/wp-json\/wp\/v2\/types\/product"}],"wp:featuredmedia":[{"embeddable":true,"href":"https:\/\/delices.lu\/de\/wp-json\/wp\/v2\/media\/14954"}],"wp:attachment":[{"href":"https:\/\/delices.lu\/de\/wp-json\/wp\/v2\/media?parent=14952"}],"wp:term":[{"taxonomy":"location","embeddable":true,"href":"https:\/\/delices.lu\/de\/wp-json\/wp\/v2\/location?post=14952"},{"taxonomy":"product_brand","embeddable":true,"href":"https:\/\/delices.lu\/de\/wp-json\/wp\/v2\/product_brand?post=14952"},{"taxonomy":"product_cat","embeddable":true,"href":"https:\/\/delices.lu\/de\/wp-json\/wp\/v2\/product_cat?post=14952"},{"taxonomy":"product_tag","embeddable":true,"href":"https:\/\/delices.lu\/de\/wp-json\/wp\/v2\/product_tag?post=14952"}],"curies":[{"name":"wp","href":"https:\/\/api.w.org\/{rel}","templated":true}]}}