{"id":14961,"date":"2024-07-13T00:00:31","date_gmt":"2025-03-20T10:48:41","guid":{"rendered":"https:\/\/delices.lu\/produit\/rose-garden-grosse-kaffeetasse-in-puderrosa\/"},"modified":"2025-03-20T11:48:41","modified_gmt":"2025-03-20T10:48:41","slug":"rose-garden-grosse-kaffeetasse-in-puderrosa","status":"publish","type":"product","link":"https:\/\/delices.lu\/de\/produit\/rose-garden-grosse-kaffeetasse-in-puderrosa\/","title":{"rendered":"Rose Garden &#8211; Gro\u00dfe Kaffeetasse in Puderrosa"},"content":{"rendered":"<p><strong>Eine gro\u00dfe Kaffeetasse mit elegantem Blumenmuster ohne Untertasse<\/strong><br \/>\nDiese gro\u00dfe Kaffeetasse ohne Untertasse spiegelt perfekt die zeitlosen Trends der Rose Garden Kollektion wider. Ihr Vintage-Stil macht sie zu einer originellen Kaffeetasse. Das sch\u00f6ne Design der Kaffeetasse verleiht jedem gemeinsamen Moment, z.B. bei einem Familienessen oder einem Brunch, ein l\u00e4ndliches und gem\u00fctliches Flair. Mit dieser zarten Kaffeetasse schmeckt der Kaffee noch besser. Das puderrosa Blumenmuster auf dieser wei\u00dfen Porzellantasse ist perfekt f\u00fcr den Fr\u00fchling. Die Linien der Kaffeetasse aus Porzellan werden auch durch den eleganten, abgerundeten Griff unterstrichen. G\u00f6nnen Sie sich einzigartige Momente des Genusses.      <\/p>\n","protected":false},"excerpt":{"rendered":"<p>[woo_product_slider id=\"191\"]MATERIAL: Premium Porcelain<br \/>\nGR\u00d6\u00dfE: ca. 160 ml<br \/>\nFARBE: zartrosa<br \/>\nGARANTIERT SP\u00dcLMASCHINENGARANTIE: Ja<br \/>\nMIKROWELLENKOMPATIBEL: Ja<br \/>\nREF. ARTIKEL: 1042871300 <\/p>\n","protected":false},"featured_media":14968,"template":"","meta":[],"location":[959,1260],"product_brand":[],"product_cat":[1354,2235,1309],"product_tag":[2391,2385,2395,2239],"class_list":{"0":"post-14961","1":"product","2":"type-product","3":"status-publish","4":"has-post-thumbnail","6":"location-0-shop","7":"location-22-3","8":"product_cat-art-de-la-table-de","9":"product_cat-tasse-de","10":"product_cat-villeroy-boch-de","11":"product_tag-blumen","12":"product_tag-grose-tasse","13":"product_tag-ohne-untertasse","14":"product_tag-rosengarten","16":"first","17":"instock","18":"shipping-taxable","19":"purchasable","20":"product-type-simple"},"supplier_id":9071,"supplier_sku":"1042871300","barcode":"4003686420427","atum_controlled":true,"out_stock_date":null,"out_stock_threshold":0,"inheritable":false,"inbound_stock":0,"stock_on_hold":0,"sold_today":0,"sales_last_days":0,"reserved_stock":0,"customer_returns":0,"warehouse_damage":null,"lost_in_post":0,"other_logs":0,"out_stock_days":0,"lost_sales":0,"has_location":false,"update_date":"2025-07-19T06:26:26","atum_locations":[{"id":960,"name":"0 SHOP","slug":"0-shop"},{"id":1276,"name":"223","slug":"223"}],"atum_stock_status":"instock","restock_status":false,"low_stock_amount":"","sales_update_date":"2025-07-19T06:26:26","calc_backorders":0,"locations":[],"_links":{"self":[{"href":"https:\/\/delices.lu\/de\/wp-json\/wp\/v2\/product\/14961","targetHints":{"allow":["GET"]}}],"collection":[{"href":"https:\/\/delices.lu\/de\/wp-json\/wp\/v2\/product"}],"about":[{"href":"https:\/\/delices.lu\/de\/wp-json\/wp\/v2\/types\/product"}],"wp:featuredmedia":[{"embeddable":true,"href":"https:\/\/delices.lu\/de\/wp-json\/wp\/v2\/media\/14968"}],"wp:attachment":[{"href":"https:\/\/delices.lu\/de\/wp-json\/wp\/v2\/media?parent=14961"}],"wp:term":[{"taxonomy":"location","embeddable":true,"href":"https:\/\/delices.lu\/de\/wp-json\/wp\/v2\/location?post=14961"},{"taxonomy":"product_brand","embeddable":true,"href":"https:\/\/delices.lu\/de\/wp-json\/wp\/v2\/product_brand?post=14961"},{"taxonomy":"product_cat","embeddable":true,"href":"https:\/\/delices.lu\/de\/wp-json\/wp\/v2\/product_cat?post=14961"},{"taxonomy":"product_tag","embeddable":true,"href":"https:\/\/delices.lu\/de\/wp-json\/wp\/v2\/product_tag?post=14961"}],"curies":[{"name":"wp","href":"https:\/\/api.w.org\/{rel}","templated":true}]}}