{"id":14975,"date":"2024-07-14T00:00:15","date_gmt":"2025-03-20T10:48:42","guid":{"rendered":"https:\/\/delices.lu\/produit\/rose-garden-zuckerdose-mit-deckel-oder-konfituere\/"},"modified":"2025-03-20T11:48:42","modified_gmt":"2025-03-20T10:48:42","slug":"rose-garden-zuckerdose-mit-deckel-oder-konfituere","status":"publish","type":"product","link":"https:\/\/delices.lu\/de\/produit\/rose-garden-zuckerdose-mit-deckel-oder-konfituere\/","title":{"rendered":"Rose Garden &#8211; Zuckerdose mit Deckel oder Konfit\u00fcre"},"content":{"rendered":"<p><strong>Eine h\u00fcbsche Zuckerdose mit Blumendekor f\u00fcr Kaffee und Kuchen<\/strong><br \/>\nDiese Zuckerdose aus Porzellan verleiht dem Tisch einen Hauch von Eleganz und ist eine zarte Tischdekoration. Dank des kleinen Deckels dieser Vintage Zuckerdose kann der Zucker vor Feuchtigkeit und Licht gesch\u00fctzt aufbewahrt werden. Ihr l\u00e4ndlicher Stil mit der gemalten Blume passt harmonisch zu dem Kaffee- und Tafelservice der Rose Garden Kollektion. Diese raffinierte Zuckerdose aus wei\u00dfem Porzellan kann auch als Retro-Konfit\u00fcre verwendet werden, die perfekt zu jedem Fr\u00fchst\u00fcck passt. In der Vintage-Konfit\u00fcre k\u00f6nnen Sie Ihre Lieblingskonfit\u00fcre oder -marmelade einf\u00fcllen und Ihren G\u00e4sten mit einem eleganten, vergoldeten Servierl\u00f6ffel servieren. Setzen Sie auf ein zeitloses Design und trendige Blumenfarben.     <\/p>\n","protected":false},"excerpt":{"rendered":"<p>MATERIAL: Premium Porcelain<br \/>\nDURCHMESSER: ca. 99 mm<br \/>\nGR\u00d6\u00dfE: ca. 270 ml<br \/>\nFARBE: zartrosa<br \/>\nGARANTIERT SP\u00dcLMASCHINENGARANTIE: Ja<br \/>\nMIKROWELLENKOMPATIBEL: Ja<br \/>\nREF. ARTIKEL: 1042870960 <\/p>\n","protected":false},"featured_media":14977,"template":"","meta":[],"location":[959,1260],"product_brand":[],"product_cat":[1354,1309],"product_tag":[2391,2397,2239,2396],"class_list":{"0":"post-14975","1":"product","2":"type-product","3":"status-publish","4":"has-post-thumbnail","6":"location-0-shop","7":"location-22-3","8":"product_cat-art-de-la-table-de","9":"product_cat-villeroy-boch-de","10":"product_tag-blumen","11":"product_tag-konfiturenhersteller","12":"product_tag-rosengarten","13":"product_tag-zuckerdose","15":"first","16":"instock","17":"shipping-taxable","18":"purchasable","19":"product-type-simple"},"supplier_id":9071,"supplier_sku":"1042870960","barcode":"4003686420274","atum_controlled":true,"out_stock_date":null,"out_stock_threshold":0,"inheritable":false,"inbound_stock":0,"stock_on_hold":0,"sold_today":0,"sales_last_days":0,"reserved_stock":0,"customer_returns":0,"warehouse_damage":null,"lost_in_post":0,"other_logs":0,"out_stock_days":0,"lost_sales":0,"has_location":false,"update_date":"2025-07-19T06:26:24","atum_locations":[{"id":960,"name":"0 SHOP","slug":"0-shop"},{"id":1276,"name":"223","slug":"223"}],"atum_stock_status":"instock","restock_status":false,"low_stock_amount":"","sales_update_date":"2025-07-19T06:26:24","calc_backorders":0,"locations":[],"_links":{"self":[{"href":"https:\/\/delices.lu\/de\/wp-json\/wp\/v2\/product\/14975","targetHints":{"allow":["GET"]}}],"collection":[{"href":"https:\/\/delices.lu\/de\/wp-json\/wp\/v2\/product"}],"about":[{"href":"https:\/\/delices.lu\/de\/wp-json\/wp\/v2\/types\/product"}],"wp:featuredmedia":[{"embeddable":true,"href":"https:\/\/delices.lu\/de\/wp-json\/wp\/v2\/media\/14977"}],"wp:attachment":[{"href":"https:\/\/delices.lu\/de\/wp-json\/wp\/v2\/media?parent=14975"}],"wp:term":[{"taxonomy":"location","embeddable":true,"href":"https:\/\/delices.lu\/de\/wp-json\/wp\/v2\/location?post=14975"},{"taxonomy":"product_brand","embeddable":true,"href":"https:\/\/delices.lu\/de\/wp-json\/wp\/v2\/product_brand?post=14975"},{"taxonomy":"product_cat","embeddable":true,"href":"https:\/\/delices.lu\/de\/wp-json\/wp\/v2\/product_cat?post=14975"},{"taxonomy":"product_tag","embeddable":true,"href":"https:\/\/delices.lu\/de\/wp-json\/wp\/v2\/product_tag?post=14975"}],"curies":[{"name":"wp","href":"https:\/\/api.w.org\/{rel}","templated":true}]}}