{"id":14976,"date":"2025-09-13T00:00:56","date_gmt":"2025-09-12T22:00:56","guid":{"rendered":"https:\/\/delices.lu\/produit\/rose-garden-grosse-weisse-untertasse\/"},"modified":"2025-03-20T11:48:42","modified_gmt":"2025-03-20T10:48:42","slug":"rose-garden-grosse-weisse-untertasse","status":"publish","type":"product","link":"https:\/\/delices.lu\/de\/produit\/rose-garden-grosse-weisse-untertasse\/","title":{"rendered":"Rose Garden &#8211; Gro\u00dfe wei\u00dfe Untertasse"},"content":{"rendered":"<p><strong>Eine gro\u00dfe, wei\u00dfe Untertasse f\u00fcr Kaffee oder Tee<\/strong><br \/>\nEin Croissant oder ein paar Macarons k\u00f6nnen elegant auf diesem wei\u00dfen St\u00fcck des Rose Garden Porzellan Geschirrs pr\u00e4sentiert werden. Diese Kaffee- oder Teeuntertasse kann die Fr\u00fchst\u00fcckstasse eines wei\u00dfen oder puderrosa Porzellanservices aus der Rose Garden Kollektion aufnehmen. Das zeitlose Design dieses Vintage-Service verspricht s\u00fc\u00dfe Momente des Genie\u00dfens. Die gut geformte Untertasse aus Porzellan ist perfekt, um Ihre Kaffee- oder Teetasse abzustellen, um Ihre Tischdecke oder Ihren Tisch zu sch\u00fctzen. Sie kann auch in einen kleinen runden Teller verwandelt werden, auf dem Sie eine Leckerei zum Fr\u00fchst\u00fcck oder am Ende des Essens zum Kaffee servieren k\u00f6nnen. Ein perfekter Start in den Tag.     <\/p>\n","protected":false},"excerpt":{"rendered":"<p>MATERIAL: Hochwertiges Porzellan<br \/>\nDURCHMESSER: ca. 174 mm<br \/>\nFARBE: wei\u00df<br \/>\nGARANTIERT SP\u00dcLMASCHINENGARANTIE: Ja<br \/>\nMIKROWELLENKOMPATIBEL: Ja<br \/>\nREF. ARTIKEL: 1042871251 <\/p>\n","protected":false},"featured_media":14983,"template":"","meta":[],"location":[959,1260],"product_brand":[],"product_cat":[1354,2235,2266,1309],"product_tag":[2239,2267,2299],"class_list":{"0":"post-14976","1":"product","2":"type-product","3":"status-publish","4":"has-post-thumbnail","6":"location-0-shop","7":"location-22-3","8":"product_cat-art-de-la-table-de","9":"product_cat-tasse-de","10":"product_cat-untertasse","11":"product_cat-villeroy-boch-de","12":"product_tag-rosengarten","13":"product_tag-untertasse-ohne-tasse","14":"product_tag-weis-de","16":"first","17":"instock","18":"shipping-taxable","19":"purchasable","20":"product-type-simple"},"supplier_id":9071,"supplier_sku":"1042871251","barcode":"4003686423404","atum_controlled":true,"out_stock_date":null,"out_stock_threshold":0,"inheritable":false,"inbound_stock":0,"stock_on_hold":0,"sold_today":0,"sales_last_days":0,"reserved_stock":0,"customer_returns":0,"warehouse_damage":null,"lost_in_post":0,"other_logs":0,"out_stock_days":0,"lost_sales":0,"has_location":false,"update_date":"2025-09-28T04:34:44","atum_locations":[{"id":960,"name":"0 SHOP","slug":"0-shop"},{"id":1276,"name":"223","slug":"223"}],"atum_stock_status":"instock","restock_status":false,"low_stock_amount":"","sales_update_date":"2025-07-19T06:26:31","calc_backorders":0,"locations":[],"_links":{"self":[{"href":"https:\/\/delices.lu\/de\/wp-json\/wp\/v2\/product\/14976","targetHints":{"allow":["GET"]}}],"collection":[{"href":"https:\/\/delices.lu\/de\/wp-json\/wp\/v2\/product"}],"about":[{"href":"https:\/\/delices.lu\/de\/wp-json\/wp\/v2\/types\/product"}],"wp:featuredmedia":[{"embeddable":true,"href":"https:\/\/delices.lu\/de\/wp-json\/wp\/v2\/media\/14983"}],"wp:attachment":[{"href":"https:\/\/delices.lu\/de\/wp-json\/wp\/v2\/media?parent=14976"}],"wp:term":[{"taxonomy":"location","embeddable":true,"href":"https:\/\/delices.lu\/de\/wp-json\/wp\/v2\/location?post=14976"},{"taxonomy":"product_brand","embeddable":true,"href":"https:\/\/delices.lu\/de\/wp-json\/wp\/v2\/product_brand?post=14976"},{"taxonomy":"product_cat","embeddable":true,"href":"https:\/\/delices.lu\/de\/wp-json\/wp\/v2\/product_cat?post=14976"},{"taxonomy":"product_tag","embeddable":true,"href":"https:\/\/delices.lu\/de\/wp-json\/wp\/v2\/product_tag?post=14976"}],"curies":[{"name":"wp","href":"https:\/\/api.w.org\/{rel}","templated":true}]}}