{"id":14984,"date":"2024-07-13T00:00:13","date_gmt":"2025-03-20T10:48:43","guid":{"rendered":"https:\/\/delices.lu\/produit\/rose-garden-milchkaennchen-mit-blumenmuster\/"},"modified":"2025-03-20T11:48:43","modified_gmt":"2025-03-20T10:48:43","slug":"rose-garden-milchkaennchen-mit-blumenmuster","status":"publish","type":"product","link":"https:\/\/delices.lu\/de\/produit\/rose-garden-milchkaennchen-mit-blumenmuster\/","title":{"rendered":"Rose Garden &#8211; Milchk\u00e4nnchen mit Blumenmuster"},"content":{"rendered":"<p><strong>Eine blumige und elegante Milchkanne aus Porzellan<\/strong><br \/>\nDiese Porzellan-Milchkanne im floralen Vintage-Stil hat einen sch\u00f6nen Retro-Charakter. Das gemalte Dekor im l\u00e4ndlichen Stil l\u00e4dt zu geselligen Momenten ein. Als dekoratives Milchk\u00e4nnchen, funktionelles Milchk\u00e4nnchen oder raffinierte Sauciere passt es zu allen Anl\u00e4ssen, von den einfachsten bis zu den besonderen, wie Ostern und Muttertag. Dieses wei\u00dfe Milchk\u00e4nnchen eignet sich perfekt f\u00fcr einen Brunch, einen Kaffee oder ein Essen und bietet Ihren G\u00e4sten einen eleganten Service. Der gro\u00dfe Griff und der Ausguss dieser bemalten Milchkanne erm\u00f6glichen es Ihnen, die perfekte Menge an Milch, Sahne oder So\u00dfe einzuf\u00fcllen. Diese Milchkanne passt perfekt zu den anderen Objekten der Rose Garden Kollektion, die das gleiche Muster auf den Kaffeetassen und Servierschalen haben. Stellen Sie mit diesem Mini-Milchk\u00e4nnchen wundersch\u00f6ne Kombinationen her. Setzen Sie auf ein zeitloses Design und trendige Blumenfarben.       <\/p>\n","protected":false},"excerpt":{"rendered":"<p>MATERIAL: Premium Porcelain<br \/>\nGR\u00d6\u00dfE: ca. 210 ml<br \/>\nFARBE: zartrosa<br \/>\nGARANTIERT SP\u00dcLMASCHINENGARANTIE: Ja<br \/>\nMIKROWELLENKOMPATIBEL: Ja<br \/>\nREF. ARTIKEL: 1042870780 <\/p>\n","protected":false},"featured_media":14986,"template":"","meta":[],"location":[959,1260],"product_brand":[],"product_cat":[1354,1309],"product_tag":[2391,2398,2239],"class_list":{"0":"post-14984","1":"product","2":"type-product","3":"status-publish","4":"has-post-thumbnail","6":"location-0-shop","7":"location-22-3","8":"product_cat-art-de-la-table-de","9":"product_cat-villeroy-boch-de","10":"product_tag-blumen","11":"product_tag-milchkanne","12":"product_tag-rosengarten","14":"first","15":"instock","16":"shipping-taxable","17":"purchasable","18":"product-type-simple"},"supplier_id":9071,"supplier_sku":"1042870780","barcode":"4003686420267","atum_controlled":true,"out_stock_date":null,"out_stock_threshold":0,"inheritable":false,"inbound_stock":0,"stock_on_hold":0,"sold_today":0,"sales_last_days":0,"reserved_stock":0,"customer_returns":0,"warehouse_damage":null,"lost_in_post":0,"other_logs":0,"out_stock_days":0,"lost_sales":0,"has_location":false,"update_date":"2025-07-19T06:26:24","atum_locations":[{"id":960,"name":"0 SHOP","slug":"0-shop"},{"id":1276,"name":"223","slug":"223"}],"atum_stock_status":"instock","restock_status":false,"low_stock_amount":"","sales_update_date":"2025-07-19T06:26:24","calc_backorders":0,"locations":[],"_links":{"self":[{"href":"https:\/\/delices.lu\/de\/wp-json\/wp\/v2\/product\/14984","targetHints":{"allow":["GET"]}}],"collection":[{"href":"https:\/\/delices.lu\/de\/wp-json\/wp\/v2\/product"}],"about":[{"href":"https:\/\/delices.lu\/de\/wp-json\/wp\/v2\/types\/product"}],"wp:featuredmedia":[{"embeddable":true,"href":"https:\/\/delices.lu\/de\/wp-json\/wp\/v2\/media\/14986"}],"wp:attachment":[{"href":"https:\/\/delices.lu\/de\/wp-json\/wp\/v2\/media?parent=14984"}],"wp:term":[{"taxonomy":"location","embeddable":true,"href":"https:\/\/delices.lu\/de\/wp-json\/wp\/v2\/location?post=14984"},{"taxonomy":"product_brand","embeddable":true,"href":"https:\/\/delices.lu\/de\/wp-json\/wp\/v2\/product_brand?post=14984"},{"taxonomy":"product_cat","embeddable":true,"href":"https:\/\/delices.lu\/de\/wp-json\/wp\/v2\/product_cat?post=14984"},{"taxonomy":"product_tag","embeddable":true,"href":"https:\/\/delices.lu\/de\/wp-json\/wp\/v2\/product_tag?post=14984"}],"curies":[{"name":"wp","href":"https:\/\/api.w.org\/{rel}","templated":true}]}}