{"id":14985,"date":"2025-09-13T00:00:34","date_gmt":"2025-09-12T22:00:34","guid":{"rendered":"https:\/\/delices.lu\/produit\/rose-garden-grosse-tasse\/"},"modified":"2025-03-20T11:48:43","modified_gmt":"2025-03-20T10:48:43","slug":"rose-garden-grosse-tasse","status":"publish","type":"product","link":"https:\/\/delices.lu\/de\/produit\/rose-garden-grosse-tasse\/","title":{"rendered":"Rose Garden &#8211; Gro\u00dfe Tasse"},"content":{"rendered":"<p><strong>Eine gro\u00dfe, elegante Porzellantasse mit Blumenmuster<\/strong><br \/>\nOb auf dem Tisch oder als dekoratives Element auf einem Sideboard, diese Fr\u00fchst\u00fcckstasse passt perfekt zu einer Vase oder einem Windlicht aus der Rose Garden Home Kollektion, um Ihrem Zuhause eine warme Atmosph\u00e4re zu verleihen. Mit ihrem gro\u00dfen Fassungsverm\u00f6gen von 300 ml ist diese elegante Porzellantasse ideal f\u00fcr einen guten Start in den Tag. Sie kann sowohl als Kaffeetasse als auch als Teetasse beim Fr\u00fchst\u00fcck verwendet werden. Mit ihrem Blumenmuster hat sie einen zeitlosen Stil, der zum Tr\u00e4umen einl\u00e4dt. Diese hochwertige Tasse wird ohne Untertasse verkauft. Setzen Sie auf ein zeitloses Design und trendige Blumenfarben.     <\/p>\n","protected":false},"excerpt":{"rendered":"<p>MATERIAL: Hochwertiges Porzellan<br \/>\nGR\u00d6SSE: ca. 300 ml<br \/>\nFARBE: Zartrosa<br \/>\nGARANTIERT SP\u00dcLMASCHINENGARANTIE: Ja<br \/>\nMIKROWELLENKOMPATIBEL: Ja<br \/>\nREF. ARTIKEL: 1042871240 <\/p>\n","protected":false},"featured_media":14991,"template":"","meta":[],"location":[959,1260],"product_brand":[],"product_cat":[1354,2235,1309],"product_tag":[2391,2239,2260],"class_list":{"0":"post-14985","1":"product","2":"type-product","3":"status-publish","4":"has-post-thumbnail","6":"location-0-shop","7":"location-22-3","8":"product_cat-art-de-la-table-de","9":"product_cat-tasse-de","10":"product_cat-villeroy-boch-de","11":"product_tag-blumen","12":"product_tag-rosengarten","13":"product_tag-tasse-ohne-untertasse","15":"first","16":"instock","17":"shipping-taxable","18":"purchasable","19":"product-type-simple"},"supplier_id":9071,"supplier_sku":"1042871240","barcode":"4003686420403","atum_controlled":true,"out_stock_date":null,"out_stock_threshold":0,"inheritable":false,"inbound_stock":0,"stock_on_hold":0,"sold_today":0,"sales_last_days":0,"reserved_stock":0,"customer_returns":0,"warehouse_damage":null,"lost_in_post":0,"other_logs":0,"out_stock_days":0,"lost_sales":0,"has_location":false,"update_date":"2025-09-28T04:34:09","atum_locations":[{"id":960,"name":"0 SHOP","slug":"0-shop"},{"id":1276,"name":"223","slug":"223"}],"atum_stock_status":"instock","restock_status":false,"low_stock_amount":"","sales_update_date":"2025-07-19T06:26:24","calc_backorders":0,"locations":[],"_links":{"self":[{"href":"https:\/\/delices.lu\/de\/wp-json\/wp\/v2\/product\/14985","targetHints":{"allow":["GET"]}}],"collection":[{"href":"https:\/\/delices.lu\/de\/wp-json\/wp\/v2\/product"}],"about":[{"href":"https:\/\/delices.lu\/de\/wp-json\/wp\/v2\/types\/product"}],"wp:featuredmedia":[{"embeddable":true,"href":"https:\/\/delices.lu\/de\/wp-json\/wp\/v2\/media\/14991"}],"wp:attachment":[{"href":"https:\/\/delices.lu\/de\/wp-json\/wp\/v2\/media?parent=14985"}],"wp:term":[{"taxonomy":"location","embeddable":true,"href":"https:\/\/delices.lu\/de\/wp-json\/wp\/v2\/location?post=14985"},{"taxonomy":"product_brand","embeddable":true,"href":"https:\/\/delices.lu\/de\/wp-json\/wp\/v2\/product_brand?post=14985"},{"taxonomy":"product_cat","embeddable":true,"href":"https:\/\/delices.lu\/de\/wp-json\/wp\/v2\/product_cat?post=14985"},{"taxonomy":"product_tag","embeddable":true,"href":"https:\/\/delices.lu\/de\/wp-json\/wp\/v2\/product_tag?post=14985"}],"curies":[{"name":"wp","href":"https:\/\/api.w.org\/{rel}","templated":true}]}}