{"id":14994,"date":"2024-04-23T00:00:21","date_gmt":"2025-03-20T10:48:43","guid":{"rendered":"https:\/\/delices.lu\/produit\/rose-garden-henkelbecher-rosa-und-weiss\/"},"modified":"2025-03-20T11:48:43","modified_gmt":"2025-03-20T10:48:43","slug":"rose-garden-henkelbecher-rosa-und-weiss","status":"publish","type":"product","link":"https:\/\/delices.lu\/de\/produit\/rose-garden-henkelbecher-rosa-und-weiss\/","title":{"rendered":"Rose Garden &#8211; Henkelbecher, rosa und wei\u00df"},"content":{"rendered":"<p><strong>Ein Gourmet-Henkelbecher mit sch\u00f6nem Blumendesign<\/strong><br \/>\nIst das Fr\u00fchst\u00fcck oder der Kaffee nicht ein ganz besonderer Geschmack, wenn er in einem sch\u00f6nen, hochwertigen Geschirr serviert wird? Dieser wei\u00dfe Henkelbecher aus der Rose Garden Kollektion hat ein wundersch\u00f6nes Vintage-Blumenmuster. Dieser Becher weckt die Sinne und die s\u00fc\u00dfen Erinnerungen an die hei\u00dfe Schokolade aus unserer Kindheit. Dieser Becher aus hochwertigem Porzellan kann sowohl als Kaffeebecher als auch als Teebecher verwendet werden. Sie m\u00fcssen nur noch ein paar s\u00fc\u00dfe oder leckere Noten daneben setzen, um das hei\u00dfe Getr\u00e4nk zu begleiten. Dieses St\u00fcck kann auch in einen Mug Cake verwandelt werden, um s\u00fc\u00dfe Leckereien mit Ihren Lieben zu teilen! Und das Porzellangeschirr kann sogar \u00fcber seinen \u00fcblichen Zweck hinausgehen, indem es einige Alltagsgegenst\u00e4nde wie Stifte oder Pinsel aufnimmt. Setzen Sie auf ein zeitloses Design und trendige Blumenfarben.       <\/p>\n","protected":false},"excerpt":{"rendered":"<p>MATERIAL: Premium Porcelain<br \/>\nGR\u00d6\u00dfE: ca. 290 ml<br \/>\nFARBE: zartrosa<br \/>\nGARANTIERT SP\u00dcLMASCHINENGARANTIE: Ja<br \/>\nMIKROWELLENKOMPATIBEL: Ja<br \/>\nREF. ARTIKEL: 1042879651 <\/p>\n","protected":false},"featured_media":14996,"template":"","meta":[],"location":[959],"product_brand":[],"product_cat":[2163,1309],"product_tag":[2391,1154,2239],"class_list":{"0":"post-14994","1":"product","2":"type-product","3":"status-publish","4":"has-post-thumbnail","6":"location-0-shop","7":"product_cat-tasse-krug","8":"product_cat-villeroy-boch-de","9":"product_tag-blumen","10":"product_tag-mug-becher","11":"product_tag-rosengarten","13":"first","14":"instock","15":"shipping-taxable","16":"purchasable","17":"product-type-simple"},"supplier_id":9071,"supplier_sku":"1042879651","barcode":"4003686420526","atum_controlled":true,"out_stock_date":null,"out_stock_threshold":0,"inheritable":false,"inbound_stock":0,"stock_on_hold":0,"sold_today":0,"sales_last_days":0,"reserved_stock":0,"customer_returns":0,"warehouse_damage":null,"lost_in_post":0,"other_logs":0,"out_stock_days":0,"lost_sales":0,"has_location":false,"update_date":"2025-07-19T06:26:26","atum_locations":[{"id":960,"name":"0 SHOP","slug":"0-shop"}],"atum_stock_status":"instock","restock_status":false,"low_stock_amount":"","sales_update_date":"2025-07-19T06:26:26","calc_backorders":0,"locations":[],"_links":{"self":[{"href":"https:\/\/delices.lu\/de\/wp-json\/wp\/v2\/product\/14994","targetHints":{"allow":["GET"]}}],"collection":[{"href":"https:\/\/delices.lu\/de\/wp-json\/wp\/v2\/product"}],"about":[{"href":"https:\/\/delices.lu\/de\/wp-json\/wp\/v2\/types\/product"}],"wp:featuredmedia":[{"embeddable":true,"href":"https:\/\/delices.lu\/de\/wp-json\/wp\/v2\/media\/14996"}],"wp:attachment":[{"href":"https:\/\/delices.lu\/de\/wp-json\/wp\/v2\/media?parent=14994"}],"wp:term":[{"taxonomy":"location","embeddable":true,"href":"https:\/\/delices.lu\/de\/wp-json\/wp\/v2\/location?post=14994"},{"taxonomy":"product_brand","embeddable":true,"href":"https:\/\/delices.lu\/de\/wp-json\/wp\/v2\/product_brand?post=14994"},{"taxonomy":"product_cat","embeddable":true,"href":"https:\/\/delices.lu\/de\/wp-json\/wp\/v2\/product_cat?post=14994"},{"taxonomy":"product_tag","embeddable":true,"href":"https:\/\/delices.lu\/de\/wp-json\/wp\/v2\/product_tag?post=14994"}],"curies":[{"name":"wp","href":"https:\/\/api.w.org\/{rel}","templated":true}]}}