{"id":14995,"date":"2024-07-13T00:00:39","date_gmt":"2025-03-20T10:48:43","guid":{"rendered":"https:\/\/delices.lu\/produit\/rose-garden-dessertteller\/"},"modified":"2025-03-20T11:48:43","modified_gmt":"2025-03-20T10:48:43","slug":"rose-garden-dessertteller","status":"publish","type":"product","link":"https:\/\/delices.lu\/de\/produit\/rose-garden-dessertteller\/","title":{"rendered":"Rose Garden &#8211; Dessertteller"},"content":{"rendered":"<p><strong>Ein Dessertteller inspiriert durch den Duft des Fr\u00fchlings<\/strong><br \/>\nVilleroy &amp; Boch hat sich bem\u00fcht, eine Kollektion von elegantem Porzellangeschirr zu entwerfen, um Ihre Lieben an einem sch\u00f6n gedeckten Tisch geb\u00fchrend zu empfangen. Rose Garden pr\u00e4sentiert ein Tafelservice im floralen Vintage-Look. Ein raffiniertes, sanftes Design, ideal f\u00fcr Mahlzeiten im Freien an sonnigen Tagen. Verpassen Sie nicht den Dessertteller aus hochwertigem Porzellan mit einer zarten, aquarellierten Blume! Tarte, Clafoutis, Macarons, Creme, Mousse, Obstsalat&#8230; K\u00f6stliche Desserts werden in der Mitte dieses Designtellers platziert. Kombinieren Sie ihn mit unserem anderen Geschirr, kristallklaren Wassergl\u00e4sern, flachen Tellern, Schalen oder Tassen f\u00fcr ein leckeres Fr\u00fchst\u00fcck, eine s\u00fc\u00dfe Pause oder einen herzhaften Brunch. So bieten Sie Ihren G\u00e4sten ein kulinarisches Erlebnis f\u00fcr Augen und Gaumen. Setzen Sie auf ein zeitloses Design und trendige Blumenfarben.       <\/p>\n","protected":false},"excerpt":{"rendered":"<p>MATERIAL: Hochwertiges Porzellan<br \/>\nDURCHMESSER: ca. 212 mm<br \/>\nFARBE: zartrosa<br \/>\nGARANTIERT SP\u00dcLMASCHINENGARANTIE: Ja<br \/>\nMIKROWELLENKOMPATIBEL: Ja<br \/>\nREF. ARTIKEL: 1042872651 <\/p>\n","protected":false},"featured_media":14999,"template":"","meta":[],"location":[959,1260],"product_brand":[],"product_cat":[1354,2231,1309],"product_tag":[2391,2250,2239],"class_list":{"0":"post-14995","1":"product","2":"type-product","3":"status-publish","4":"has-post-thumbnail","6":"location-0-shop","7":"location-22-3","8":"product_cat-art-de-la-table-de","9":"product_cat-teller","10":"product_cat-villeroy-boch-de","11":"product_tag-blumen","12":"product_tag-dessertteller","13":"product_tag-rosengarten","15":"first","16":"instock","17":"shipping-taxable","18":"purchasable","19":"product-type-simple"},"supplier_id":null,"supplier_sku":"1042872651","barcode":"4003686420496","atum_controlled":true,"out_stock_date":null,"out_stock_threshold":0,"inheritable":false,"inbound_stock":0,"stock_on_hold":0,"sold_today":0,"sales_last_days":0,"reserved_stock":0,"customer_returns":0,"warehouse_damage":null,"lost_in_post":0,"other_logs":0,"out_stock_days":0,"lost_sales":0,"has_location":false,"update_date":"2025-07-19T06:26:24","atum_locations":[{"id":960,"name":"0 SHOP","slug":"0-shop"},{"id":1276,"name":"223","slug":"223"}],"atum_stock_status":"instock","restock_status":false,"low_stock_amount":"","sales_update_date":"2025-07-19T06:26:24","calc_backorders":0,"locations":[],"_links":{"self":[{"href":"https:\/\/delices.lu\/de\/wp-json\/wp\/v2\/product\/14995","targetHints":{"allow":["GET"]}}],"collection":[{"href":"https:\/\/delices.lu\/de\/wp-json\/wp\/v2\/product"}],"about":[{"href":"https:\/\/delices.lu\/de\/wp-json\/wp\/v2\/types\/product"}],"wp:featuredmedia":[{"embeddable":true,"href":"https:\/\/delices.lu\/de\/wp-json\/wp\/v2\/media\/14999"}],"wp:attachment":[{"href":"https:\/\/delices.lu\/de\/wp-json\/wp\/v2\/media?parent=14995"}],"wp:term":[{"taxonomy":"location","embeddable":true,"href":"https:\/\/delices.lu\/de\/wp-json\/wp\/v2\/location?post=14995"},{"taxonomy":"product_brand","embeddable":true,"href":"https:\/\/delices.lu\/de\/wp-json\/wp\/v2\/product_brand?post=14995"},{"taxonomy":"product_cat","embeddable":true,"href":"https:\/\/delices.lu\/de\/wp-json\/wp\/v2\/product_cat?post=14995"},{"taxonomy":"product_tag","embeddable":true,"href":"https:\/\/delices.lu\/de\/wp-json\/wp\/v2\/product_tag?post=14995"}],"curies":[{"name":"wp","href":"https:\/\/api.w.org\/{rel}","templated":true}]}}