{"id":15008,"date":"2024-10-09T00:00:20","date_gmt":"2025-03-20T10:48:44","guid":{"rendered":"https:\/\/delices.lu\/produit\/manufacture-rock-grosser-flacher-teller-rund-schwarz\/"},"modified":"2025-03-20T11:48:44","modified_gmt":"2025-03-20T10:48:44","slug":"manufacture-rock-grosser-flacher-teller-rund-schwarz","status":"publish","type":"product","link":"https:\/\/delices.lu\/de\/produit\/manufacture-rock-grosser-flacher-teller-rund-schwarz\/","title":{"rendered":"Manufacture Rock &#8211; Gro\u00dfer flacher Teller, rund, schwarz"},"content":{"rendered":"<p><strong>Ein gro\u00dfer flacher Teller, der Ihren Tisch schm\u00fcckt und Ihre Speisen hervorhebt<\/strong><br \/>\nDer gro\u00dfe flache Teller aus der Kollektion Manufacture Rock erf\u00fcllt weit mehr als nur eine funktionale Rolle. Dieses Porzellangeschirr ist eine Augenweide und wird zum Mittelpunkt des Tisches. Sein handgefertigter Stil in Kombination mit der matten Textur und dem Schiefer-Look schafft eine anspruchsvolle \u00c4sthetik. Stellen Sie diesen Designerteller in die Mitte des Tisches. Vervollst\u00e4ndigen Sie das Ensemble mit dem Geschirr der Kollektion: flache und tiefe Teller, Sch\u00fcsseln&#8230; Versetzen Sie Ihre G\u00e4ste bei einem gem\u00fctlichen Essen mit einem eleganten Dressing in Erstaunen. Servieren Sie Ihre Lieblingsspeisen auf diesem gro\u00dfen Porzellanteller oder nutzen Sie ihn als Platzteller, um eine Auswahl an K\u00e4se und s\u00fc\u00dfen Leckereien zu pr\u00e4sentieren. Sie k\u00f6nnen ihn sogar zweckentfremden und ihn mit sch\u00f6nen Kerzen, einem Manufacture Rock Windlicht oder einem Trockenblumenarrangement zu einem einzigartigen Dekorationsst\u00fcck machen! Genie\u00dfen Sie Ihre Lieblingsgerichte auf die sch\u00f6nste Art und Weise mit Villeroy &amp; Boch.       <\/p>\n","protected":false},"excerpt":{"rendered":"<p>MATERIAL: Hochwertiges Porzellan<br \/>\nDURCHMESSER: ca. 318 mm<br \/>\nFARBE: schwarz<br \/>\nGARANTIE SP\u00dcLMASCHINENGARANTIE: nicht<br \/>\nMIKROWELLENKOMPATIBEL: nicht<br \/>\nGESCHENKVERPACKUNG: kostenlos, auf Anfrage<br \/>\nREF. ARTIKEL: 1042392590 <\/p>\n","protected":false},"featured_media":15010,"template":"","meta":[],"location":[],"product_brand":[],"product_cat":[1354,2231,1309],"product_tag":[2256,2286,2248],"class_list":{"0":"post-15008","1":"product","2":"type-product","3":"status-publish","4":"has-post-thumbnail","6":"product_cat-art-de-la-table-de","7":"product_cat-teller","8":"product_cat-villeroy-boch-de","9":"product_tag-rundschreiben","10":"product_tag-schwarz-de","11":"product_tag-teller","13":"first","14":"instock","15":"shipping-taxable","16":"purchasable","17":"product-type-simple"},"supplier_id":9071,"supplier_sku":"1042392590","barcode":"4003686346574","atum_controlled":true,"out_stock_date":"2024-10-09 12:58:59","out_stock_threshold":0,"inheritable":false,"inbound_stock":0,"stock_on_hold":0,"sold_today":0,"sales_last_days":0,"reserved_stock":0,"customer_returns":0,"warehouse_damage":null,"lost_in_post":0,"other_logs":0,"out_stock_days":282,"lost_sales":0,"has_location":false,"update_date":"2025-07-19T06:26:41","atum_locations":[],"atum_stock_status":"onbackorder","restock_status":false,"low_stock_amount":"","sales_update_date":"2025-07-19T06:26:41","calc_backorders":0,"locations":[],"_links":{"self":[{"href":"https:\/\/delices.lu\/de\/wp-json\/wp\/v2\/product\/15008","targetHints":{"allow":["GET"]}}],"collection":[{"href":"https:\/\/delices.lu\/de\/wp-json\/wp\/v2\/product"}],"about":[{"href":"https:\/\/delices.lu\/de\/wp-json\/wp\/v2\/types\/product"}],"wp:featuredmedia":[{"embeddable":true,"href":"https:\/\/delices.lu\/de\/wp-json\/wp\/v2\/media\/15010"}],"wp:attachment":[{"href":"https:\/\/delices.lu\/de\/wp-json\/wp\/v2\/media?parent=15008"}],"wp:term":[{"taxonomy":"location","embeddable":true,"href":"https:\/\/delices.lu\/de\/wp-json\/wp\/v2\/location?post=15008"},{"taxonomy":"product_brand","embeddable":true,"href":"https:\/\/delices.lu\/de\/wp-json\/wp\/v2\/product_brand?post=15008"},{"taxonomy":"product_cat","embeddable":true,"href":"https:\/\/delices.lu\/de\/wp-json\/wp\/v2\/product_cat?post=15008"},{"taxonomy":"product_tag","embeddable":true,"href":"https:\/\/delices.lu\/de\/wp-json\/wp\/v2\/product_tag?post=15008"}],"curies":[{"name":"wp","href":"https:\/\/api.w.org\/{rel}","templated":true}]}}