{"id":15009,"date":"2024-07-13T00:00:22","date_gmt":"2025-03-20T10:48:44","guid":{"rendered":"https:\/\/delices.lu\/produit\/rose-garden-eierbecher-in-rosa-und-weiss\/"},"modified":"2025-03-20T11:48:44","modified_gmt":"2025-03-20T10:48:44","slug":"rose-garden-eierbecher-in-rosa-und-weiss","status":"publish","type":"product","link":"https:\/\/delices.lu\/de\/produit\/rose-garden-eierbecher-in-rosa-und-weiss\/","title":{"rendered":"Rose Garden &#8211; Eierbecher in Rosa und Wei\u00df"},"content":{"rendered":"<p><strong>Ein Design-Eierbecher f\u00fcr die Vorspeise oder das Fr\u00fchst\u00fcck<\/strong><br \/>\nDieser originelle Eierbecher wurde f\u00fcr ein gekochtes Ei entworfen und kann leicht zweckentfremdet werden. Ob als kleiner Beh\u00e4lter f\u00fcr Gew\u00fcrze, pikante Dips oder einfach nur als Dekorationsobjekt, lassen Sie Ihrer Kreativit\u00e4t freien Lauf und nutzen Sie ihn vielseitig! Haben Sie Lust auf ein gewagtes Tafelservice? Verw\u00f6hnen Sie sich mit sch\u00f6nen Tellern, Schalen und Tassen im l\u00e4ndlichen Stil. Dieser h\u00fcbsche Eierbecher ist eine perfekte Erg\u00e4nzung zur Rose Garden-Kollektion und verleiht Ihrem Tisch den s\u00fc\u00dfen Touch, der ihm noch gefehlt hat. Vom Aperitif bis zum Dessert, verzaubern Sie Ihre G\u00e4ste mit den Geschirrsets von Villeroy &amp; Boch! Dieser moderne Eierbecher ist Teil der Rose Garden Kollektion, die Geschirr im floralen Vintage-Look anbietet. Sein Design macht ihn zum perfekten Begleiter f\u00fcr das Fr\u00fchst\u00fcck oder das Herzst\u00fcck eines erfolgreichen Brunchs. Die Muster kommen Ihnen bekannt vor? Kein Wunder, denn sie erinnern uns nostalgisch an den Charme von Porzellangeschirr aus der Vergangenheit&#8230; mit einem modernen Touch! Authentizit\u00e4t und Modernit\u00e4t sind die Werte, die wir mit der Herstellung unseres hochwertigen Tafelgeschirrs vermitteln m\u00f6chten. Setzen Sie auf ein zeitloses Design und trendige Blumenfarben.           <\/p>\n","protected":false},"excerpt":{"rendered":"<p>MATERIAL: Premium Porcelain<br \/>\nGR\u00d6\u00dfE: ca. 12 ml<br \/>\nFARBE: zartrosa<br \/>\nGARANTIERT SP\u00dcLMASCHINENGARANTIE: Ja<br \/>\nMIKROWELLENKOMPATIBEL: Ja<br \/>\nREF. ARTIKEL: 1042871951 <\/p>\n","protected":false},"featured_media":15016,"template":"","meta":[],"location":[959,1260],"product_brand":[],"product_cat":[1354,1309],"product_tag":[2391,2226,2239],"class_list":{"0":"post-15009","1":"product","2":"type-product","3":"status-publish","4":"has-post-thumbnail","6":"location-0-shop","7":"location-22-3","8":"product_cat-art-de-la-table-de","9":"product_cat-villeroy-boch-de","10":"product_tag-blumen","11":"product_tag-eierbecher","12":"product_tag-rosengarten","14":"first","15":"instock","16":"shipping-taxable","17":"purchasable","18":"product-type-simple"},"supplier_id":9071,"supplier_sku":"1042871951","barcode":"4003686420472","atum_controlled":true,"out_stock_date":null,"out_stock_threshold":0,"inheritable":false,"inbound_stock":0,"stock_on_hold":0,"sold_today":0,"sales_last_days":0,"reserved_stock":0,"customer_returns":0,"warehouse_damage":null,"lost_in_post":0,"other_logs":0,"out_stock_days":0,"lost_sales":0,"has_location":false,"update_date":"2025-07-19T06:26:26","atum_locations":[{"id":960,"name":"0 SHOP","slug":"0-shop"},{"id":1276,"name":"223","slug":"223"}],"atum_stock_status":"instock","restock_status":false,"low_stock_amount":"","sales_update_date":"2025-07-19T06:26:26","calc_backorders":0,"locations":[],"_links":{"self":[{"href":"https:\/\/delices.lu\/de\/wp-json\/wp\/v2\/product\/15009","targetHints":{"allow":["GET"]}}],"collection":[{"href":"https:\/\/delices.lu\/de\/wp-json\/wp\/v2\/product"}],"about":[{"href":"https:\/\/delices.lu\/de\/wp-json\/wp\/v2\/types\/product"}],"wp:featuredmedia":[{"embeddable":true,"href":"https:\/\/delices.lu\/de\/wp-json\/wp\/v2\/media\/15016"}],"wp:attachment":[{"href":"https:\/\/delices.lu\/de\/wp-json\/wp\/v2\/media?parent=15009"}],"wp:term":[{"taxonomy":"location","embeddable":true,"href":"https:\/\/delices.lu\/de\/wp-json\/wp\/v2\/location?post=15009"},{"taxonomy":"product_brand","embeddable":true,"href":"https:\/\/delices.lu\/de\/wp-json\/wp\/v2\/product_brand?post=15009"},{"taxonomy":"product_cat","embeddable":true,"href":"https:\/\/delices.lu\/de\/wp-json\/wp\/v2\/product_cat?post=15009"},{"taxonomy":"product_tag","embeddable":true,"href":"https:\/\/delices.lu\/de\/wp-json\/wp\/v2\/product_tag?post=15009"}],"curies":[{"name":"wp","href":"https:\/\/api.w.org\/{rel}","templated":true}]}}