{"id":15020,"date":"2023-06-12T14:55:06","date_gmt":"2025-03-20T10:48:53","guid":{"rendered":"https:\/\/delices.lu\/produit\/manufaktur-weisse-halskette-duftkerze-carre\/"},"modified":"2025-03-20T11:48:53","modified_gmt":"2025-03-20T10:48:53","slug":"manufaktur-weisse-halskette-duftkerze-carre","status":"publish","type":"product","link":"https:\/\/delices.lu\/de\/produit\/manufaktur-weisse-halskette-duftkerze-carre\/","title":{"rendered":"Manufaktur Wei\u00dfe Halskette Duftkerze Carre"},"content":{"rendered":"<p><strong>Duftkerze f\u00fcr ein einladendes und stilvolles Interieur.<\/strong><br \/>\nEine stilvolle Wohnkollektion, die die Manufacture Kollektion von Villeroy &amp; Boch erg\u00e4nzt: der perfekte Look f\u00fcr ausdrucksstarke Tischkonzepte und stilvolle Interieurs. Die Geschenkverpackung aus hochwertigem Karton macht es einfach, ein Geschenk zu verpacken.<br \/>\nDuft Mystery: F\u00fcr Mystery wurde ein besonders \u00fcppiges Blumenbouquet zusammengestellt. Die Opulenz stammt aus den kostbaren Noten von Rose, Jasmin und Maigl\u00f6ckchen. In Kombination mit Moschus und Patchouli entsteht ein sehr femininer und unvergesslicher Duft. Eine dekorative Kerze, die eine warme Note in Ihr Zuhause bringt. Sie ist auch eine perfekte Geschenkidee. Nach dem Abbrennen kann diese Duftkerze als multifunktionales Objekt (Bleistiftbecher, Vase) verwendet werden. Verschenken Sie sie an sich selbst oder an andere! Villeroy &amp; Boch        <\/p>\n","protected":false},"excerpt":{"rendered":"<p><strong>Manufaktur Wei\u00dfe Halskette Duftkerze Carre<\/strong><br \/>\nMATERIAL: Hochwertiges Porzellan Wachs<br \/>\nDURCHMESSER: ca. 85 mm<br \/>\nGR\u00d6\u00dfE: ca. 280 ml<br \/>\nFARBE: wei\u00df<br \/>\nGARANTIERT SP\u00dcLMASCHINENGARANTIE: Nicht<br \/>\nMIKROWELLENGER\u00c4TEKOMPATIBEL: Nicht<br \/>\nREF. ARTIKEL: 1016817891 <\/p>\n","protected":false},"featured_media":15023,"template":"","meta":[],"location":[],"product_brand":[],"product_cat":[1311,2399,1309],"product_tag":[743,2400,2401,2166],"class_list":{"0":"post-15020","1":"product","2":"type-product","3":"status-publish","4":"has-post-thumbnail","6":"product_cat-dekoration","7":"product_cat-kerze","8":"product_cat-villeroy-boch-de","9":"product_tag-decoration-de","10":"product_tag-kerze","11":"product_tag-kerzenhalter","12":"product_tag-weis","14":"first","15":"instock","16":"shipping-taxable","17":"purchasable","18":"product-type-simple"},"supplier_id":9071,"supplier_sku":"1016817891","barcode":"4003686420793","atum_controlled":true,"out_stock_date":null,"out_stock_threshold":0,"inheritable":false,"inbound_stock":0,"stock_on_hold":0,"sold_today":0,"sales_last_days":0,"reserved_stock":0,"customer_returns":0,"warehouse_damage":null,"lost_in_post":0,"other_logs":0,"out_stock_days":0,"lost_sales":0,"has_location":false,"update_date":"2025-07-19T06:26:23","atum_locations":[],"atum_stock_status":"instock","restock_status":false,"low_stock_amount":"","sales_update_date":"2025-07-19T06:26:23","calc_backorders":0,"locations":[],"_links":{"self":[{"href":"https:\/\/delices.lu\/de\/wp-json\/wp\/v2\/product\/15020","targetHints":{"allow":["GET"]}}],"collection":[{"href":"https:\/\/delices.lu\/de\/wp-json\/wp\/v2\/product"}],"about":[{"href":"https:\/\/delices.lu\/de\/wp-json\/wp\/v2\/types\/product"}],"wp:featuredmedia":[{"embeddable":true,"href":"https:\/\/delices.lu\/de\/wp-json\/wp\/v2\/media\/15023"}],"wp:attachment":[{"href":"https:\/\/delices.lu\/de\/wp-json\/wp\/v2\/media?parent=15020"}],"wp:term":[{"taxonomy":"location","embeddable":true,"href":"https:\/\/delices.lu\/de\/wp-json\/wp\/v2\/location?post=15020"},{"taxonomy":"product_brand","embeddable":true,"href":"https:\/\/delices.lu\/de\/wp-json\/wp\/v2\/product_brand?post=15020"},{"taxonomy":"product_cat","embeddable":true,"href":"https:\/\/delices.lu\/de\/wp-json\/wp\/v2\/product_cat?post=15020"},{"taxonomy":"product_tag","embeddable":true,"href":"https:\/\/delices.lu\/de\/wp-json\/wp\/v2\/product_tag?post=15020"}],"curies":[{"name":"wp","href":"https:\/\/api.w.org\/{rel}","templated":true}]}}