{"id":15021,"date":"2024-10-18T00:00:20","date_gmt":"2025-03-20T10:48:53","guid":{"rendered":"https:\/\/delices.lu\/produit\/beige-gewaschene-kaffeetasse-190-ml\/"},"modified":"2025-03-20T11:48:53","modified_gmt":"2025-03-20T10:48:53","slug":"beige-gewaschene-kaffeetasse-190-ml","status":"publish","type":"product","link":"https:\/\/delices.lu\/de\/produit\/beige-gewaschene-kaffeetasse-190-ml\/","title":{"rendered":"Beige gewaschene Kaffeetasse, 190 ml"},"content":{"rendered":"<p><strong>Ein au\u00dfergew\u00f6hnliches Produkt im trendigen T\u00f6pferstil<\/strong><br \/>\nDie Steinzeugkollektion Lave besticht durch ihre lebhaften Farben und ihr skandinavisches Design. Die spezielle Glasur erzeugt immer wieder andere Farbnuancen, so dass jedes St\u00fcck ein einzigartiges Kunstwerk ist, das K\u00f6stlichkeiten auf eine wirklich originelle Art und Weise in Szene setzt. Diese Kaffeetasse liegt wunderbar in der Hand und kann mit den verschiedenfarbigen Untertassen kombiniert werden. Unterstreichen Sie Ihren pers\u00f6nlichen Stil mit einem au\u00dfergew\u00f6hnlichen Geschirrdesign.   <\/p>\n<p>Preis f\u00fcr ein Zimmer ohne Untertasse.<\/p>\n","protected":false},"excerpt":{"rendered":"<p>Preis f\u00fcr ein St\u00fcck ohne Untertasse.<br \/>\nMATERIAL: Steingut<br \/>\nGR\u00d6\u00dfE: ca. 190 ml<br \/>\nFARBE: beige<br \/>\nGARANTIE F\u00dcR GESCHIRRSP\u00dcLER: Ja<br \/>\nMIKROWELLENKOMPATIBEL: Ja<br \/>\nREF. ARTIKEL: 1042811300 <\/p>\n","protected":false},"featured_media":15022,"template":"","meta":[],"location":[959],"product_brand":[],"product_cat":[1354,2235,1309],"product_tag":[2395,2165],"class_list":{"0":"post-15021","1":"product","2":"type-product","3":"status-publish","4":"has-post-thumbnail","6":"location-0-shop","7":"product_cat-art-de-la-table-de","8":"product_cat-tasse-de","9":"product_cat-villeroy-boch-de","10":"product_tag-ohne-untertasse","11":"product_tag-tasse-de","13":"first","14":"instock","15":"shipping-taxable","16":"purchasable","17":"product-type-simple"},"supplier_id":9071,"supplier_sku":"1042811300","barcode":"4003686403536","atum_controlled":true,"out_stock_date":"2024-10-18 11:14:43","out_stock_threshold":0,"inheritable":false,"inbound_stock":0,"stock_on_hold":0,"sold_today":0,"sales_last_days":0,"reserved_stock":0,"customer_returns":0,"warehouse_damage":null,"lost_in_post":0,"other_logs":0,"out_stock_days":273,"lost_sales":0,"has_location":false,"update_date":"2025-07-19T06:26:41","atum_locations":[{"id":960,"name":"0 SHOP","slug":"0-shop"}],"atum_stock_status":"onbackorder","restock_status":false,"low_stock_amount":"","sales_update_date":"2025-07-19T06:26:41","calc_backorders":0,"locations":[],"_links":{"self":[{"href":"https:\/\/delices.lu\/de\/wp-json\/wp\/v2\/product\/15021","targetHints":{"allow":["GET"]}}],"collection":[{"href":"https:\/\/delices.lu\/de\/wp-json\/wp\/v2\/product"}],"about":[{"href":"https:\/\/delices.lu\/de\/wp-json\/wp\/v2\/types\/product"}],"wp:featuredmedia":[{"embeddable":true,"href":"https:\/\/delices.lu\/de\/wp-json\/wp\/v2\/media\/15022"}],"wp:attachment":[{"href":"https:\/\/delices.lu\/de\/wp-json\/wp\/v2\/media?parent=15021"}],"wp:term":[{"taxonomy":"location","embeddable":true,"href":"https:\/\/delices.lu\/de\/wp-json\/wp\/v2\/location?post=15021"},{"taxonomy":"product_brand","embeddable":true,"href":"https:\/\/delices.lu\/de\/wp-json\/wp\/v2\/product_brand?post=15021"},{"taxonomy":"product_cat","embeddable":true,"href":"https:\/\/delices.lu\/de\/wp-json\/wp\/v2\/product_cat?post=15021"},{"taxonomy":"product_tag","embeddable":true,"href":"https:\/\/delices.lu\/de\/wp-json\/wp\/v2\/product_tag?post=15021"}],"curies":[{"name":"wp","href":"https:\/\/api.w.org\/{rel}","templated":true}]}}