{"id":15029,"date":"2024-08-03T00:00:09","date_gmt":"2025-03-20T10:48:54","guid":{"rendered":"https:\/\/delices.lu\/produit\/rose-garden-wasserbecher-set-4tlg\/"},"modified":"2025-03-20T11:48:54","modified_gmt":"2025-03-20T10:48:54","slug":"rose-garden-wasserbecher-set-4tlg","status":"publish","type":"product","link":"https:\/\/delices.lu\/de\/produit\/rose-garden-wasserbecher-set-4tlg\/","title":{"rendered":"Rose Garden Wasserbecher, Set 4tlg."},"content":{"rendered":"<p><strong>Gl\u00e4serset f\u00fcr Wasser, Softdrinks oder Fruchts\u00e4fte<\/strong><br \/>\nDie Kristallgl\u00e4ser von Rose Garden sind \u00fcberall im Haus zu Hause, wo sich romantischer Lebensstil und Designliebhaber begegnen. Mit ihrem Glanz und den sch\u00f6nen Lichtbrechungen tr\u00e4gt diese Glasform zu einer hochwertigen Atmosph\u00e4re auf dem Tisch bei. Dieses aufeinander abgestimmte Sortiment ist robust, sp\u00fclmaschinenfest und verleiht jedem Getr\u00e4nk einen Hauch von Luxus. Das Wasserglas Rose Garden verleiht dem stilvoll gedeckten Tisch eine einzigartige Ausstrahlung. Machen Sie Ihr Dinner mit diesen Blumengl\u00e4sern zu einem stilvollen Erlebnis.    <\/p>\n","protected":false},"excerpt":{"rendered":"<p>MATERIAL: Kristallglas<br \/>\nDURCHMESSER: ca. 85 mm<br \/>\nGR\u00d6SSE: ca. 200 ml<br \/>\nFARBE: transparent<br \/>\nGARANTIERT SP\u00dcLMASCHINENGARANTIE: Ja<br \/>\nMIKROWELLENKOMPATIBEL: Nein<br \/>\nREF. ARTIKEL: 1137258140 <\/p>\n","protected":false},"featured_media":15031,"template":"","meta":[],"location":[959],"product_brand":[],"product_cat":[1354,2359,1309],"product_tag":[2211,2379],"class_list":{"0":"post-15029","1":"product","2":"type-product","3":"status-publish","4":"has-post-thumbnail","6":"location-0-shop","7":"product_cat-art-de-la-table-de","8":"product_cat-glas","9":"product_cat-villeroy-boch-de","10":"product_tag-glas","11":"product_tag-set-aus-4-glasern","13":"first","14":"instock","15":"shipping-taxable","16":"purchasable","17":"product-type-simple"},"supplier_id":9071,"supplier_sku":"1137258140","barcode":"4003686420359","atum_controlled":true,"out_stock_date":null,"out_stock_threshold":0,"inheritable":false,"inbound_stock":0,"stock_on_hold":0,"sold_today":0,"sales_last_days":0,"reserved_stock":0,"customer_returns":0,"warehouse_damage":null,"lost_in_post":0,"other_logs":0,"out_stock_days":0,"lost_sales":0,"has_location":false,"update_date":"2025-07-19T06:26:28","atum_locations":[{"id":960,"name":"0 SHOP","slug":"0-shop"}],"atum_stock_status":"instock","restock_status":false,"low_stock_amount":"","sales_update_date":"2025-07-19T06:26:28","calc_backorders":0,"locations":[],"_links":{"self":[{"href":"https:\/\/delices.lu\/de\/wp-json\/wp\/v2\/product\/15029","targetHints":{"allow":["GET"]}}],"collection":[{"href":"https:\/\/delices.lu\/de\/wp-json\/wp\/v2\/product"}],"about":[{"href":"https:\/\/delices.lu\/de\/wp-json\/wp\/v2\/types\/product"}],"wp:featuredmedia":[{"embeddable":true,"href":"https:\/\/delices.lu\/de\/wp-json\/wp\/v2\/media\/15031"}],"wp:attachment":[{"href":"https:\/\/delices.lu\/de\/wp-json\/wp\/v2\/media?parent=15029"}],"wp:term":[{"taxonomy":"location","embeddable":true,"href":"https:\/\/delices.lu\/de\/wp-json\/wp\/v2\/location?post=15029"},{"taxonomy":"product_brand","embeddable":true,"href":"https:\/\/delices.lu\/de\/wp-json\/wp\/v2\/product_brand?post=15029"},{"taxonomy":"product_cat","embeddable":true,"href":"https:\/\/delices.lu\/de\/wp-json\/wp\/v2\/product_cat?post=15029"},{"taxonomy":"product_tag","embeddable":true,"href":"https:\/\/delices.lu\/de\/wp-json\/wp\/v2\/product_tag?post=15029"}],"curies":[{"name":"wp","href":"https:\/\/api.w.org\/{rel}","templated":true}]}}