{"id":15030,"date":"2024-10-13T00:00:45","date_gmt":"2025-03-20T10:48:54","guid":{"rendered":"https:\/\/delices.lu\/produit\/manufaktur-weisse-halskette-duftkerze-perle\/"},"modified":"2025-03-20T11:48:54","modified_gmt":"2025-03-20T10:48:54","slug":"manufaktur-weisse-halskette-duftkerze-perle","status":"publish","type":"product","link":"https:\/\/delices.lu\/de\/produit\/manufaktur-weisse-halskette-duftkerze-perle\/","title":{"rendered":"Manufaktur Wei\u00dfe Halskette Duftkerze Perle"},"content":{"rendered":"<p><strong>Duftkerze f\u00fcr ein einladendes und stilvolles Interieur.<\/strong><br \/>\nEine stilvolle Wohnkollektion, die die Manufacture Kollektion von Villeroy &amp; Boch erg\u00e4nzt: der perfekte Look f\u00fcr ausdrucksstarke Tischkonzepte und stilvolle Interieurs. Die Geschenkverpackung aus hochwertigem Karton macht es einfach, ein Geschenk zu verpacken.<br \/>\nDuft Sparkle: Eine fr\u00f6hliche und spritzige Komposition kombiniert Granatapfel, wei\u00dfe Trauben und Nektarine mit einer Brise wilder Rosen, auf einem Bett aus Rosenpulver, Patchouli und wei\u00dfem Moschus. Eine dekorative Duftkerze, um warme Noten in Ihrem Zuhause zu schaffen. Sie ist auch eine perfekte Geschenkidee. Nach dem Abbrennen kann diese Duftkerze als multifunktionales Objekt (Bleistiftbecher, Vase) verwendet werden. Brenndauer: 40 Stunden Als Geschenk oder f\u00fcr sich selbst! Villeroy &amp; Boch      <\/p>\n","protected":false},"excerpt":{"rendered":"<p>Manufaktur Wei\u00dfe Halskette Duftkerze Perle<br \/>\nMATERIAL: Hochwertiges Porzellan Wachs<br \/>\nDURCHMESSER: ca. 85 mm<br \/>\nGR\u00d6\u00dfE: ca. 280 ml<br \/>\nFARBE: wei\u00df<br \/>\nGARANTIERT SP\u00dcLMASCHINENGARANTIE: Nicht<br \/>\nMIKROWELLENGER\u00c4TEKOMPATIBEL: Nicht<br \/>\nREF. ARTIKEL: 1016817890 <\/p>\n","protected":false},"featured_media":15034,"template":"","meta":[],"location":[959],"product_brand":[],"product_cat":[1311,2399,1309],"product_tag":[743,2400,2401,2166],"class_list":{"0":"post-15030","1":"product","2":"type-product","3":"status-publish","4":"has-post-thumbnail","6":"location-0-shop","7":"product_cat-dekoration","8":"product_cat-kerze","9":"product_cat-villeroy-boch-de","10":"product_tag-decoration-de","11":"product_tag-kerze","12":"product_tag-kerzenhalter","13":"product_tag-weis","15":"first","16":"instock","17":"shipping-taxable","18":"purchasable","19":"product-type-simple"},"supplier_id":9071,"supplier_sku":"1016817890","barcode":"4003686420786","atum_controlled":true,"out_stock_date":null,"out_stock_threshold":0,"inheritable":false,"inbound_stock":0,"stock_on_hold":0,"sold_today":0,"sales_last_days":0,"reserved_stock":0,"customer_returns":0,"warehouse_damage":null,"lost_in_post":0,"other_logs":0,"out_stock_days":0,"lost_sales":0,"has_location":false,"update_date":"2025-07-19T06:26:34","atum_locations":[{"id":960,"name":"0 SHOP","slug":"0-shop"}],"atum_stock_status":"instock","restock_status":false,"low_stock_amount":"","sales_update_date":"2025-07-19T06:26:34","calc_backorders":0,"locations":[],"_links":{"self":[{"href":"https:\/\/delices.lu\/de\/wp-json\/wp\/v2\/product\/15030","targetHints":{"allow":["GET"]}}],"collection":[{"href":"https:\/\/delices.lu\/de\/wp-json\/wp\/v2\/product"}],"about":[{"href":"https:\/\/delices.lu\/de\/wp-json\/wp\/v2\/types\/product"}],"wp:featuredmedia":[{"embeddable":true,"href":"https:\/\/delices.lu\/de\/wp-json\/wp\/v2\/media\/15034"}],"wp:attachment":[{"href":"https:\/\/delices.lu\/de\/wp-json\/wp\/v2\/media?parent=15030"}],"wp:term":[{"taxonomy":"location","embeddable":true,"href":"https:\/\/delices.lu\/de\/wp-json\/wp\/v2\/location?post=15030"},{"taxonomy":"product_brand","embeddable":true,"href":"https:\/\/delices.lu\/de\/wp-json\/wp\/v2\/product_brand?post=15030"},{"taxonomy":"product_cat","embeddable":true,"href":"https:\/\/delices.lu\/de\/wp-json\/wp\/v2\/product_cat?post=15030"},{"taxonomy":"product_tag","embeddable":true,"href":"https:\/\/delices.lu\/de\/wp-json\/wp\/v2\/product_tag?post=15030"}],"curies":[{"name":"wp","href":"https:\/\/api.w.org\/{rel}","templated":true}]}}