{"id":15052,"date":"2024-07-25T00:00:38","date_gmt":"2025-03-20T10:48:55","guid":{"rendered":"https:\/\/delices.lu\/produit\/vinobile-medoc-karaffe-fuer-kenner\/"},"modified":"2025-03-20T11:48:55","modified_gmt":"2025-03-20T10:48:55","slug":"vinobile-medoc-karaffe-fuer-kenner","status":"publish","type":"product","link":"https:\/\/delices.lu\/de\/produit\/vinobile-medoc-karaffe-fuer-kenner\/","title":{"rendered":"Vinobile Medoc Karaffe f\u00fcr Kenner"},"content":{"rendered":"<p><strong>F\u00fcr verschiedene Rotweine, je nach Geschmack<\/strong><br \/>\nDie mundgeblasenen Karaffen der Kollektion Vinobile stehen mit ihrer klaren und authentischen Form f\u00fcr puren Genuss. Ihr schlichtes Design verleiht ihnen eine zeitgen\u00f6ssische \u00c4sthetik, die perfekt zum modernen Lebensstil passt. Die Form der Medoc-Karaffe f\u00fcr Kenner interpretiert die klassischen Modelle neu und eignet sich f\u00fcr verschiedene Rotweine. Servieren Sie Ihren Rotwein mit Stil.   <\/p>\n","protected":false},"excerpt":{"rendered":"<p><strong>Vinobile Medoc Karaffe f\u00fcr Kenner<\/strong><br \/>\nMATERIAL: kristallklar<br \/>\nDURCHMESSER: ca. 236 mm<br \/>\nGR\u00d6SSE: ca. 1000 ml<br \/>\nFARBE: transparent<br \/>\nGARANTIERT SP\u00dcLMASCHINENGARANTIE: Ja<br \/>\nMIKROWELLENKOMPATIBEL: Nein<br \/>\nGESCHENKVERPACKUNG: kostenlos, auf Anfrage<br \/>\nREF. ARTIKEL: 1176160231 <\/p>\n","protected":false},"featured_media":15056,"template":"","meta":[],"location":[959],"product_brand":[],"product_cat":[1354,2359,1309],"product_tag":[2378,2402],"class_list":{"0":"post-15052","1":"product","2":"type-product","3":"status-publish","4":"has-post-thumbnail","6":"location-0-shop","7":"product_cat-art-de-la-table-de","8":"product_cat-glas","9":"product_cat-villeroy-boch-de","10":"product_tag-kristallin","11":"product_tag-weinkaraffe","13":"first","14":"instock","15":"shipping-taxable","16":"purchasable","17":"product-type-simple"},"supplier_id":9071,"supplier_sku":"1176160231","barcode":"4003686047732","atum_controlled":true,"out_stock_date":null,"out_stock_threshold":0,"inheritable":false,"inbound_stock":0,"stock_on_hold":0,"sold_today":0,"sales_last_days":0,"reserved_stock":null,"customer_returns":null,"warehouse_damage":null,"lost_in_post":null,"other_logs":null,"out_stock_days":0,"lost_sales":0,"has_location":true,"update_date":"2025-07-19T06:26:26","atum_locations":[{"id":960,"name":"0 SHOP","slug":"0-shop"}],"atum_stock_status":"instock","restock_status":false,"low_stock_amount":"","sales_update_date":"2025-07-19T06:26:26","calc_backorders":0,"locations":[],"_links":{"self":[{"href":"https:\/\/delices.lu\/de\/wp-json\/wp\/v2\/product\/15052","targetHints":{"allow":["GET"]}}],"collection":[{"href":"https:\/\/delices.lu\/de\/wp-json\/wp\/v2\/product"}],"about":[{"href":"https:\/\/delices.lu\/de\/wp-json\/wp\/v2\/types\/product"}],"wp:featuredmedia":[{"embeddable":true,"href":"https:\/\/delices.lu\/de\/wp-json\/wp\/v2\/media\/15056"}],"wp:attachment":[{"href":"https:\/\/delices.lu\/de\/wp-json\/wp\/v2\/media?parent=15052"}],"wp:term":[{"taxonomy":"location","embeddable":true,"href":"https:\/\/delices.lu\/de\/wp-json\/wp\/v2\/location?post=15052"},{"taxonomy":"product_brand","embeddable":true,"href":"https:\/\/delices.lu\/de\/wp-json\/wp\/v2\/product_brand?post=15052"},{"taxonomy":"product_cat","embeddable":true,"href":"https:\/\/delices.lu\/de\/wp-json\/wp\/v2\/product_cat?post=15052"},{"taxonomy":"product_tag","embeddable":true,"href":"https:\/\/delices.lu\/de\/wp-json\/wp\/v2\/product_tag?post=15052"}],"curies":[{"name":"wp","href":"https:\/\/api.w.org\/{rel}","templated":true}]}}