{"id":15061,"date":"2023-06-12T15:03:26","date_gmt":"2025-03-20T10:48:56","guid":{"rendered":"https:\/\/delices.lu\/produit\/manufaktur-schwarze-halskette-duftkerze-perle\/"},"modified":"2025-03-20T11:48:56","modified_gmt":"2025-03-20T10:48:56","slug":"manufaktur-schwarze-halskette-duftkerze-perle","status":"publish","type":"product","link":"https:\/\/delices.lu\/de\/produit\/manufaktur-schwarze-halskette-duftkerze-perle\/","title":{"rendered":"Manufaktur Schwarze Halskette Duftkerze Perle"},"content":{"rendered":"<p><strong>Duftkerze zur Schaffung eines einladenden und stilvollen Interieurs.<\/strong><br \/>\nEine stilvolle Kollektion f\u00fcr den Wohnbereich, die die Manufaktur-Kollektion von Villeroy &amp; Boch erg\u00e4nzt: der perfekte Look f\u00fcr ausdrucksstarke Tischkonzepte und stilvolle Interieurs.<br \/>\nDuft Adventure: ein Duft voller Energie und Kraft, eine fruchtig-herbe orientalische Komposition mit einem Hauch von aromatischen und w\u00fcrzigen Elementen, die durch einen holzigen Abgang erg\u00e4nzt wird. Dekorative Duftkerze, um warme Noten im Haus zu schaffen. Sie ist auch eine perfekte Geschenkidee. Nach dem Abbrennen kann die Duftkerze als multifunktionales Objekt (Bleistiftbecher, Vase) verwendet werden. Brenndauer: 40 Stunden Als Geschenk oder f\u00fcr sich selbst! Villeroy &amp; Boch     <\/p>\n","protected":false},"excerpt":{"rendered":"<p><strong>Manufaktur Schwarze Halskette Duftkerze Perle<\/strong><br \/>\nMATERIAL: Hochwertiges Porzellan Wachs<br \/>\nDURCHMESSER: ca. 85 mm<br \/>\nGR\u00d6SSE: ca. 280 ml<br \/>\nFARBE: schwarz<br \/>\nGARANTIE SP\u00dcLMASCHINENGARANTIE: Nicht<br \/>\nMIKROWELLENKOMPATIBEL: Nicht<br \/>\nREF. ARTIKEL: 1016827890 <\/p>\n","protected":false},"featured_media":15068,"template":"","meta":[],"location":[],"product_brand":[],"product_cat":[1311,2399,1309],"product_tag":[743,2400,2401,2285],"class_list":{"0":"post-15061","1":"product","2":"type-product","3":"status-publish","4":"has-post-thumbnail","6":"product_cat-dekoration","7":"product_cat-kerze","8":"product_cat-villeroy-boch-de","9":"product_tag-decoration-de","10":"product_tag-kerze","11":"product_tag-kerzenhalter","12":"product_tag-schwarz","14":"first","15":"instock","16":"shipping-taxable","17":"purchasable","18":"product-type-simple"},"supplier_id":9071,"supplier_sku":"1016827890","barcode":"4003686420762","atum_controlled":true,"out_stock_date":null,"out_stock_threshold":0,"inheritable":false,"inbound_stock":0,"stock_on_hold":0,"sold_today":0,"sales_last_days":0,"reserved_stock":0,"customer_returns":0,"warehouse_damage":null,"lost_in_post":0,"other_logs":0,"out_stock_days":0,"lost_sales":0,"has_location":false,"update_date":"2025-07-19T06:26:23","atum_locations":[],"atum_stock_status":"instock","restock_status":false,"low_stock_amount":"","sales_update_date":"2025-07-19T06:26:23","calc_backorders":0,"locations":[],"_links":{"self":[{"href":"https:\/\/delices.lu\/de\/wp-json\/wp\/v2\/product\/15061","targetHints":{"allow":["GET"]}}],"collection":[{"href":"https:\/\/delices.lu\/de\/wp-json\/wp\/v2\/product"}],"about":[{"href":"https:\/\/delices.lu\/de\/wp-json\/wp\/v2\/types\/product"}],"wp:featuredmedia":[{"embeddable":true,"href":"https:\/\/delices.lu\/de\/wp-json\/wp\/v2\/media\/15068"}],"wp:attachment":[{"href":"https:\/\/delices.lu\/de\/wp-json\/wp\/v2\/media?parent=15061"}],"wp:term":[{"taxonomy":"location","embeddable":true,"href":"https:\/\/delices.lu\/de\/wp-json\/wp\/v2\/location?post=15061"},{"taxonomy":"product_brand","embeddable":true,"href":"https:\/\/delices.lu\/de\/wp-json\/wp\/v2\/product_brand?post=15061"},{"taxonomy":"product_cat","embeddable":true,"href":"https:\/\/delices.lu\/de\/wp-json\/wp\/v2\/product_cat?post=15061"},{"taxonomy":"product_tag","embeddable":true,"href":"https:\/\/delices.lu\/de\/wp-json\/wp\/v2\/product_tag?post=15061"}],"curies":[{"name":"wp","href":"https:\/\/api.w.org\/{rel}","templated":true}]}}