{"id":15071,"date":"2024-06-02T00:00:08","date_gmt":"2025-03-20T10:49:04","guid":{"rendered":"https:\/\/delices.lu\/produit\/manufacture-rock-home-kerzenhalter-tempete-m\/"},"modified":"2025-03-20T11:49:04","modified_gmt":"2025-03-20T10:49:04","slug":"manufacture-rock-home-kerzenhalter-tempete-m","status":"publish","type":"product","link":"https:\/\/delices.lu\/de\/produit\/manufacture-rock-home-kerzenhalter-tempete-m\/","title":{"rendered":"Manufacture Rock Home &#8211; Kerzenhalter Temp\u00eate M"},"content":{"rendered":"<p><strong>Ein raffiniertes Design-Windlicht aus Glas und Keramik<\/strong><br \/>\nMit seiner ausdrucksstarken matten Oberfl\u00e4che ist dieses Windlicht ein stilsicheres Statement mit einem exklusiven und eleganten Design. Dieses originelle Windlicht aus der Manufacture Rock Home Kollektion l\u00e4sst Ihr Zuhause in einem warmen, weichen Licht erstrahlen. Dieses dekorative Windlicht ist auch ein perfektes Geschenk der Marke Villeroy &amp; Boch. Das klare Design und der Kontrast zwischen der authentischen Schieferoptik und dem filigranen Glas machen diese Glas-Tischlampe zu einer sch\u00f6nen Tischdekoration. Die subtile Kombination von Schieferschwarz und Glas bei dieser Windlichtlampe l\u00e4dt dazu ein, den Moment zu genie\u00dfen. Dieses Design-Windlicht erinnert auch an die Faszination der Elemente f\u00fcr Erde und Feuer seit Urzeiten. Holen Sie sich exklusives Design in Ihr Zuhause mit der Manufacture Rock Kollektion von Villeroy &amp; Boch.      <\/p>\n","protected":false},"excerpt":{"rendered":"<p><strong>Manufaktur Rock Home<\/strong><br \/>\n<strong>Lampoe Sturm &#8211; Kerzenhalter<\/strong><br \/>\nWindlicht unter schwarzem Glas, Keramik<br \/>\nMATERIAL: Keramik Borosilikatglas<br \/>\nDURCHMESSER: ca. 121 mm<br \/>\nGR\u00d6SSE: ca. 1564 ml<br \/>\nFARBE: transparent<br \/>\nGARANTIE SP\u00dcLMASCHINENGARANTIE: Nicht<br \/>\nMIKROWELLENKOMPATIBEL: Nicht<br \/>\nREF. ARTIKEL: 1042898374 <\/p>\n","protected":false},"featured_media":15073,"template":"","meta":[],"location":[],"product_brand":[],"product_cat":[1311,2399,1309],"product_tag":[743,2400,2401,2403],"class_list":{"0":"post-15071","1":"product","2":"type-product","3":"status-publish","4":"has-post-thumbnail","6":"product_cat-dekoration","7":"product_cat-kerze","8":"product_cat-villeroy-boch-de","9":"product_tag-decoration-de","10":"product_tag-kerze","11":"product_tag-kerzenhalter","12":"product_tag-sturmlampe","14":"first","15":"instock","16":"shipping-taxable","17":"purchasable","18":"product-type-simple"},"supplier_id":9071,"supplier_sku":"1042898374","barcode":"4003686420700","atum_controlled":true,"out_stock_date":null,"out_stock_threshold":0,"inheritable":false,"inbound_stock":0,"stock_on_hold":0,"sold_today":0,"sales_last_days":0,"reserved_stock":0,"customer_returns":0,"warehouse_damage":null,"lost_in_post":0,"other_logs":0,"out_stock_days":0,"lost_sales":0,"has_location":false,"update_date":"2025-07-19T06:26:23","atum_locations":[],"atum_stock_status":"instock","restock_status":false,"low_stock_amount":"","sales_update_date":"2025-07-19T06:26:23","calc_backorders":0,"locations":[],"_links":{"self":[{"href":"https:\/\/delices.lu\/de\/wp-json\/wp\/v2\/product\/15071","targetHints":{"allow":["GET"]}}],"collection":[{"href":"https:\/\/delices.lu\/de\/wp-json\/wp\/v2\/product"}],"about":[{"href":"https:\/\/delices.lu\/de\/wp-json\/wp\/v2\/types\/product"}],"wp:featuredmedia":[{"embeddable":true,"href":"https:\/\/delices.lu\/de\/wp-json\/wp\/v2\/media\/15073"}],"wp:attachment":[{"href":"https:\/\/delices.lu\/de\/wp-json\/wp\/v2\/media?parent=15071"}],"wp:term":[{"taxonomy":"location","embeddable":true,"href":"https:\/\/delices.lu\/de\/wp-json\/wp\/v2\/location?post=15071"},{"taxonomy":"product_brand","embeddable":true,"href":"https:\/\/delices.lu\/de\/wp-json\/wp\/v2\/product_brand?post=15071"},{"taxonomy":"product_cat","embeddable":true,"href":"https:\/\/delices.lu\/de\/wp-json\/wp\/v2\/product_cat?post=15071"},{"taxonomy":"product_tag","embeddable":true,"href":"https:\/\/delices.lu\/de\/wp-json\/wp\/v2\/product_tag?post=15071"}],"curies":[{"name":"wp","href":"https:\/\/api.w.org\/{rel}","templated":true}]}}