{"id":15072,"date":"2024-06-09T00:00:26","date_gmt":"2025-03-20T10:49:04","guid":{"rendered":"https:\/\/delices.lu\/produit\/rose-garden-home-kerzenhalter-windlicht\/"},"modified":"2025-03-20T11:49:04","modified_gmt":"2025-03-20T10:49:04","slug":"rose-garden-home-kerzenhalter-windlicht","status":"publish","type":"product","link":"https:\/\/delices.lu\/de\/produit\/rose-garden-home-kerzenhalter-windlicht\/","title":{"rendered":"Rose Garden Home &#8211; Kerzenhalter Windlicht"},"content":{"rendered":"<p><strong>Ein sch\u00f6nes Windlicht aus Kristallglas, das das Licht im Raum reflektiert<\/strong><br \/>\nEs kann auch mit anderen Elementen der Kollektion kombiniert werden, wie z.B. einer Kristallglasvase mit Trockenblumen oder einem h\u00fcbschen Tischl\u00e4ufer. Nutzen Sie die Transparenz, um eine farbige oder duftende Kerze in die Mitte zu stellen, passend zu den anderen St\u00fccken der Rose Garden Kollektion. Diese Kollektion ist von der Natur inspiriert und duftet mit ihren Tellern, Tassen und Schalen mit Blumenmotiven nach Fr\u00fchling. Ein komplettes Porzellan-Geschirrset, das Ihrer Tischdekoration eine zarte Note verleiht. Bei einem Aperitif mit Freunden, einem Familienessen oder einfach einem romantischen Abend zu zweit schafft dieses transparente Windlicht eine einladende Atmosph\u00e4re im Esszimmer. Ob auf einem gedeckten Esstisch oder im Flur, dieses Design Windlicht macht Ihre Innendekoration perfekt. Schaffen Sie sich Ihre eigene Wohlf\u00fchloase mit den originellen Dekorationselementen von Villeroy &amp; Boch.      <\/p>\n","protected":false},"excerpt":{"rendered":"<p>MATERIAL: Kristallglas<br \/>\nDURCHMESSER: ca. 155 mm<br \/>\nGR\u00d6SSE: ca. 1640 ml<br \/>\nFARBE: transparent<br \/>\nGARANTIERT SP\u00dcLGER\u00c4TEFREI: Nicht<br \/>\nMIKROWELLENKOMPATIBEL: Nicht<br \/>\nREF. ARTIKEL: 1042888380 <\/p>\n","protected":false},"featured_media":15075,"template":"","meta":[],"location":[],"product_brand":[],"product_cat":[1311,2399,1309],"product_tag":[743,2400,2401],"class_list":{"0":"post-15072","1":"product","2":"type-product","3":"status-publish","4":"has-post-thumbnail","6":"product_cat-dekoration","7":"product_cat-kerze","8":"product_cat-villeroy-boch-de","9":"product_tag-decoration-de","10":"product_tag-kerze","11":"product_tag-kerzenhalter","13":"first","14":"instock","15":"shipping-taxable","16":"purchasable","17":"product-type-simple"},"supplier_id":9071,"supplier_sku":"1042888380","barcode":"4003686420977","atum_controlled":true,"out_stock_date":"2024-06-09 11:57:24","out_stock_threshold":null,"inheritable":false,"inbound_stock":0,"stock_on_hold":0,"sold_today":0,"sales_last_days":0,"reserved_stock":0,"customer_returns":0,"warehouse_damage":0,"lost_in_post":0,"other_logs":0,"out_stock_days":404,"lost_sales":0,"has_location":false,"update_date":"2025-07-19T06:26:23","atum_locations":[],"atum_stock_status":"onbackorder","restock_status":false,"low_stock_amount":"","sales_update_date":"2025-07-19T06:26:23","calc_backorders":0,"locations":[],"_links":{"self":[{"href":"https:\/\/delices.lu\/de\/wp-json\/wp\/v2\/product\/15072","targetHints":{"allow":["GET"]}}],"collection":[{"href":"https:\/\/delices.lu\/de\/wp-json\/wp\/v2\/product"}],"about":[{"href":"https:\/\/delices.lu\/de\/wp-json\/wp\/v2\/types\/product"}],"wp:featuredmedia":[{"embeddable":true,"href":"https:\/\/delices.lu\/de\/wp-json\/wp\/v2\/media\/15075"}],"wp:attachment":[{"href":"https:\/\/delices.lu\/de\/wp-json\/wp\/v2\/media?parent=15072"}],"wp:term":[{"taxonomy":"location","embeddable":true,"href":"https:\/\/delices.lu\/de\/wp-json\/wp\/v2\/location?post=15072"},{"taxonomy":"product_brand","embeddable":true,"href":"https:\/\/delices.lu\/de\/wp-json\/wp\/v2\/product_brand?post=15072"},{"taxonomy":"product_cat","embeddable":true,"href":"https:\/\/delices.lu\/de\/wp-json\/wp\/v2\/product_cat?post=15072"},{"taxonomy":"product_tag","embeddable":true,"href":"https:\/\/delices.lu\/de\/wp-json\/wp\/v2\/product_tag?post=15072"}],"curies":[{"name":"wp","href":"https:\/\/api.w.org\/{rel}","templated":true}]}}