{"id":15087,"date":"2024-04-20T00:00:53","date_gmt":"2025-03-20T10:49:05","guid":{"rendered":"https:\/\/delices.lu\/produit\/newmoon-home-kerzenhalter-photosphore\/"},"modified":"2025-03-20T11:49:05","modified_gmt":"2025-03-20T10:49:05","slug":"newmoon-home-kerzenhalter-photosphore","status":"publish","type":"product","link":"https:\/\/delices.lu\/de\/produit\/newmoon-home-kerzenhalter-photosphore\/","title":{"rendered":"NewMoon Home &#8211; Kerzenhalter Photosphore"},"content":{"rendered":"<p><strong>Ein schlichtes und auff\u00e4lliges Windlicht<\/strong><br \/>\nG\u00f6nnen Sie sich Momente des Wohlbefindens, indem Sie eine Duftkerze in diesem einzigartigen Windlicht von NewMoon anz\u00fcnden. Es wird eine sanfte, poetische und entspannende Atmosph\u00e4re in Ihrem Zuhause schaffen. Dieses sch\u00f6ne Dekorationsobjekt, das auf einem Couchtisch, einem Sideboard oder in der Mitte eines Esstisches steht, wird durch seine Raffinesse gl\u00e4nzen. Mit seinen asymmetrischen Linien zieht dieses Windlicht die Blicke auf sich. Sein Design ist bemerkenswert, da es eine feine Kombination aus mattem Beton und gl\u00e4nzendem Kristallglas darstellt. Das Windlicht erinnert an den Halbmond, ein Merkmal, das alle Tafelservices der NewMoon-Kollektion gemeinsam haben. Dieses einzigartige St\u00fcck ist eine ausgezeichnete Geschenkidee f\u00fcr alle Liebhaber von Kerzen und Windlichtern. Setzen Sie mit der Kollektion NewMoon von Villeroy &amp; Boch auf ein modernes, klares Design mit undefinierbarem Charme.       <\/p>\n","protected":false},"excerpt":{"rendered":"<p><strong>NewMoon Home &#8211; Kerzenhalter<br \/>\nWindlicht, beige,<br \/>\n<\/strong>MATERIAL: Betonkristall<br \/>\nDURCHMESSER: ca. 171 mm<br \/>\nGR\u00d6SSE: ca. 1640 ml<br \/>\nFARBE: transparent<br \/>\nGARANTIE SP\u00dcLGER\u00c4T: Nicht<br \/>\nMIKROWELLENKOMPATIBEL: Nicht<br \/>\nREF. ARTIKEL: 1042908375 <\/p>\n","protected":false},"featured_media":15090,"template":"","meta":[],"location":[959],"product_brand":[],"product_cat":[1311,2399,2296,1309],"product_tag":[743,2400,2401,2297],"class_list":{"0":"post-15087","1":"product","2":"type-product","3":"status-publish","4":"has-post-thumbnail","6":"location-0-shop","7":"product_cat-dekoration","8":"product_cat-kerze","9":"product_cat-newmoon-de","10":"product_cat-villeroy-boch-de","11":"product_tag-decoration-de","12":"product_tag-kerze","13":"product_tag-kerzenhalter","14":"product_tag-newmoon-de","16":"first","17":"instock","18":"shipping-taxable","19":"purchasable","20":"product-type-simple"},"supplier_id":9071,"supplier_sku":"1042908375","barcode":"4003686421547","atum_controlled":true,"out_stock_date":null,"out_stock_threshold":null,"inheritable":false,"inbound_stock":0,"stock_on_hold":0,"sold_today":0,"sales_last_days":0,"reserved_stock":0,"customer_returns":0,"warehouse_damage":0,"lost_in_post":0,"other_logs":0,"out_stock_days":0,"lost_sales":0,"has_location":false,"update_date":"2025-07-19T06:26:33","atum_locations":[{"id":960,"name":"0 SHOP","slug":"0-shop"}],"atum_stock_status":"instock","restock_status":false,"low_stock_amount":"","sales_update_date":"2025-07-19T06:26:33","calc_backorders":0,"locations":[],"_links":{"self":[{"href":"https:\/\/delices.lu\/de\/wp-json\/wp\/v2\/product\/15087","targetHints":{"allow":["GET"]}}],"collection":[{"href":"https:\/\/delices.lu\/de\/wp-json\/wp\/v2\/product"}],"about":[{"href":"https:\/\/delices.lu\/de\/wp-json\/wp\/v2\/types\/product"}],"wp:featuredmedia":[{"embeddable":true,"href":"https:\/\/delices.lu\/de\/wp-json\/wp\/v2\/media\/15090"}],"wp:attachment":[{"href":"https:\/\/delices.lu\/de\/wp-json\/wp\/v2\/media?parent=15087"}],"wp:term":[{"taxonomy":"location","embeddable":true,"href":"https:\/\/delices.lu\/de\/wp-json\/wp\/v2\/location?post=15087"},{"taxonomy":"product_brand","embeddable":true,"href":"https:\/\/delices.lu\/de\/wp-json\/wp\/v2\/product_brand?post=15087"},{"taxonomy":"product_cat","embeddable":true,"href":"https:\/\/delices.lu\/de\/wp-json\/wp\/v2\/product_cat?post=15087"},{"taxonomy":"product_tag","embeddable":true,"href":"https:\/\/delices.lu\/de\/wp-json\/wp\/v2\/product_tag?post=15087"}],"curies":[{"name":"wp","href":"https:\/\/api.w.org\/{rel}","templated":true}]}}