{"id":15100,"date":"2024-06-09T00:00:16","date_gmt":"2025-03-20T10:49:06","guid":{"rendered":"https:\/\/delices.lu\/produit\/la-divina-weissweinglas-4-stueck\/"},"modified":"2025-03-20T11:49:06","modified_gmt":"2025-03-20T10:49:06","slug":"la-divina-weissweinglas-4-stueck","status":"publish","type":"product","link":"https:\/\/delices.lu\/de\/produit\/la-divina-weissweinglas-4-stueck\/","title":{"rendered":"La Divina Wei\u00dfweinglas, 4 St\u00fcck"},"content":{"rendered":"<p><strong>Elegante Gl\u00e4ser in zeitloser Form mit feinem Rand<\/strong><br \/>\nDie Glaskollektion La Divina mit ihrem eleganten und zeitlosen Design ist genau das Richtige f\u00fcr die anspruchsvollsten Erwartungen und eignet sich perfekt f\u00fcr elegante Anl\u00e4sse. Diese raffinierten Wei\u00dfweingl\u00e4ser zeichnen sich durch ihre Anmut und diskrete Eleganz aus. Die abgerundete Form der Gl\u00e4ser erm\u00f6glicht eine perfekte Entwicklung der zarten Aromen. Servieren Sie den Wein nach Ihrem eigenen Stil.   <\/p>\n","protected":false},"excerpt":{"rendered":"<p><strong>La Divina Wei\u00dfweinglas, 4 St\u00fcck<br \/>\n<\/strong>MATERIAL: kristallklar<br \/>\nDURCHMESSER: ca. 87 mm<br \/>\nGR\u00d6\u00dfE: ca. 380 ml<br \/>\nFARBE: transparent<br \/>\nGARANTIERT SP\u00dcLGERECHT: Ja<br \/>\nMIKROWELLENKOMPATIBEL: Nein<br \/>\nGESCHENKVERPACKUNG: kostenlos auf Anfrage<br \/>\nREF. ARTIKEL: 1136678120 <strong><br \/>\n<\/strong><\/p>\n","protected":false},"featured_media":15102,"template":"","meta":[],"location":[959],"product_brand":[],"product_cat":[1354,2359,1309],"product_tag":[2379,2404],"class_list":{"0":"post-15100","1":"product","2":"type-product","3":"status-publish","4":"has-post-thumbnail","6":"location-0-shop","7":"product_cat-art-de-la-table-de","8":"product_cat-glas","9":"product_cat-villeroy-boch-de","10":"product_tag-set-aus-4-glasern","11":"product_tag-weinglas","13":"first","14":"instock","15":"shipping-taxable","16":"purchasable","17":"product-type-simple"},"supplier_id":9071,"supplier_sku":"1136678120","barcode":"4003686389106","atum_controlled":true,"out_stock_date":null,"out_stock_threshold":1,"inheritable":false,"inbound_stock":null,"stock_on_hold":0,"sold_today":0,"sales_last_days":0,"reserved_stock":null,"customer_returns":null,"warehouse_damage":null,"lost_in_post":null,"other_logs":null,"out_stock_days":0,"lost_sales":0,"has_location":false,"update_date":"2025-07-19T06:26:23","atum_locations":[{"id":960,"name":"0 SHOP","slug":"0-shop"}],"atum_stock_status":"instock","restock_status":false,"low_stock_amount":"","sales_update_date":"2025-07-19T06:26:23","calc_backorders":0,"locations":[],"_links":{"self":[{"href":"https:\/\/delices.lu\/de\/wp-json\/wp\/v2\/product\/15100","targetHints":{"allow":["GET"]}}],"collection":[{"href":"https:\/\/delices.lu\/de\/wp-json\/wp\/v2\/product"}],"about":[{"href":"https:\/\/delices.lu\/de\/wp-json\/wp\/v2\/types\/product"}],"wp:featuredmedia":[{"embeddable":true,"href":"https:\/\/delices.lu\/de\/wp-json\/wp\/v2\/media\/15102"}],"wp:attachment":[{"href":"https:\/\/delices.lu\/de\/wp-json\/wp\/v2\/media?parent=15100"}],"wp:term":[{"taxonomy":"location","embeddable":true,"href":"https:\/\/delices.lu\/de\/wp-json\/wp\/v2\/location?post=15100"},{"taxonomy":"product_brand","embeddable":true,"href":"https:\/\/delices.lu\/de\/wp-json\/wp\/v2\/product_brand?post=15100"},{"taxonomy":"product_cat","embeddable":true,"href":"https:\/\/delices.lu\/de\/wp-json\/wp\/v2\/product_cat?post=15100"},{"taxonomy":"product_tag","embeddable":true,"href":"https:\/\/delices.lu\/de\/wp-json\/wp\/v2\/product_tag?post=15100"}],"curies":[{"name":"wp","href":"https:\/\/api.w.org\/{rel}","templated":true}]}}