{"id":15101,"date":"2024-04-24T00:00:14","date_gmt":"2025-03-20T10:49:06","guid":{"rendered":"https:\/\/delices.lu\/produit\/newmoon-home-kerzenhalter-beige\/"},"modified":"2025-03-20T11:49:06","modified_gmt":"2025-03-20T10:49:06","slug":"newmoon-home-kerzenhalter-beige","status":"publish","type":"product","link":"https:\/\/delices.lu\/de\/produit\/newmoon-home-kerzenhalter-beige\/","title":{"rendered":"NewMoon Home &#8211; Kerzenhalter beige"},"content":{"rendered":"<p><strong>Ein sch\u00f6nes Windlicht f\u00fcr Ihre Lieblingskerzen<\/strong><br \/>\nSuchen Sie ein originelles Geschenk? Dieses Design-Windlicht ist ideal! Zum Geburtstag oder zum Einzug k\u00f6nnen Sie auch eine Duftkerze oder eine NewMoon Home Porzellanvase hinzuf\u00fcgen, um Ihren Lieben eine Freude zu machen. Inspiriert von der Sch\u00f6nheit des Mondes ist diese minimalistische und elegante Kollektion ein echter Hingucker! Was gibt es besseres, als ein paar Kerzen anzuz\u00fcnden, um die Stimmung zu d\u00e4mpfen oder einen Blumenduft in den Raum zu bringen? Mit diesem einzigartigen Windlicht aus Beton und Kristallglas kommen sie besonders gut zur Geltung. Stellen Sie ein Teelicht oder eine der Duftkerzen von Villeroy &amp; Boch hinein und genie\u00dfen Sie einen Moment der Entspannung, w\u00e4hrend Sie lesen oder einen Tee aus einem Porzellanbecher der gleichen Kollektion trinken. Setzen Sie mit der NewMoon-Kollektion von Villeroy &amp; Boch auf ein modernes und klares Design mit einem undefinierbaren Charme.       <\/p>\n","protected":false},"excerpt":{"rendered":"<p><strong>NewMoon Home &#8211; Kerzenhalter<br \/>\nWindlicht, beige,<br \/>\n<\/strong>MATERIAL: Betonkristall<br \/>\nDURCHMESSER: ca. 120 mm<br \/>\nGR\u00d6SSE: ca. 600 ml<br \/>\nFARBE: transparent<br \/>\nGARANTIE SP\u00dcLMASCHINENGARANTIE: Nicht<br \/>\nMIKROWELLENKOMPATIBEL: Nicht<br \/>\nREF. ARTIKEL: 1042905520 <\/p>\n","protected":false},"featured_media":15108,"template":"","meta":[],"location":[959],"product_brand":[],"product_cat":[1311,2399,2296,1309],"product_tag":[743,2400,2401,2297],"class_list":{"0":"post-15101","1":"product","2":"type-product","3":"status-publish","4":"has-post-thumbnail","6":"location-0-shop","7":"product_cat-dekoration","8":"product_cat-kerze","9":"product_cat-newmoon-de","10":"product_cat-villeroy-boch-de","11":"product_tag-decoration-de","12":"product_tag-kerze","13":"product_tag-kerzenhalter","14":"product_tag-newmoon-de","16":"first","17":"instock","18":"shipping-taxable","19":"purchasable","20":"product-type-simple"},"supplier_id":9071,"supplier_sku":"1042905520","barcode":"4003686421554","atum_controlled":true,"out_stock_date":null,"out_stock_threshold":null,"inheritable":false,"inbound_stock":0,"stock_on_hold":0,"sold_today":0,"sales_last_days":0,"reserved_stock":0,"customer_returns":0,"warehouse_damage":0,"lost_in_post":0,"other_logs":0,"out_stock_days":0,"lost_sales":0,"has_location":false,"update_date":"2025-07-19T06:26:33","atum_locations":[{"id":960,"name":"0 SHOP","slug":"0-shop"}],"atum_stock_status":"instock","restock_status":false,"low_stock_amount":"","sales_update_date":"2025-07-19T06:26:33","calc_backorders":0,"locations":[],"_links":{"self":[{"href":"https:\/\/delices.lu\/de\/wp-json\/wp\/v2\/product\/15101","targetHints":{"allow":["GET"]}}],"collection":[{"href":"https:\/\/delices.lu\/de\/wp-json\/wp\/v2\/product"}],"about":[{"href":"https:\/\/delices.lu\/de\/wp-json\/wp\/v2\/types\/product"}],"wp:featuredmedia":[{"embeddable":true,"href":"https:\/\/delices.lu\/de\/wp-json\/wp\/v2\/media\/15108"}],"wp:attachment":[{"href":"https:\/\/delices.lu\/de\/wp-json\/wp\/v2\/media?parent=15101"}],"wp:term":[{"taxonomy":"location","embeddable":true,"href":"https:\/\/delices.lu\/de\/wp-json\/wp\/v2\/location?post=15101"},{"taxonomy":"product_brand","embeddable":true,"href":"https:\/\/delices.lu\/de\/wp-json\/wp\/v2\/product_brand?post=15101"},{"taxonomy":"product_cat","embeddable":true,"href":"https:\/\/delices.lu\/de\/wp-json\/wp\/v2\/product_cat?post=15101"},{"taxonomy":"product_tag","embeddable":true,"href":"https:\/\/delices.lu\/de\/wp-json\/wp\/v2\/product_tag?post=15101"}],"curies":[{"name":"wp","href":"https:\/\/api.w.org\/{rel}","templated":true}]}}