{"id":15113,"date":"2024-04-24T00:00:00","date_gmt":"2025-03-20T10:49:07","guid":{"rendered":"https:\/\/delices.lu\/produit\/rose-garden-home-tischset\/"},"modified":"2025-03-20T11:49:07","modified_gmt":"2025-03-20T10:49:07","slug":"rose-garden-home-tischset","status":"publish","type":"product","link":"https:\/\/delices.lu\/de\/produit\/rose-garden-home-tischset\/","title":{"rendered":"Rose Garden Home &#8211; Tischset"},"content":{"rendered":"<p><strong>Ein rechteckiges Tischset im Vintage-Look, um den Tisch zu versch\u00f6nern<\/strong><br \/>\nDie Kollektion Rose Garden ist von der Natur inspiriert und verleiht Ihrer Tischdekoration einen fr\u00fchlingshaften Look. Zusammen mit den passenden Geschirrsets verleiht dieses h\u00fcbsche Tischset einem gedeckten Tisch einen poetischen, blumigen Touch. Muttertag, Ostern, Brunch mit der Familie oder mit Freunden&#8230; dieses Tischset aus Baumwolle sieht zu jedem Anlass gut aus. Kombinieren Sie es mit einer Kristallvase oder einem Design-Windlicht aus der gleichen Kollektion, um eine warme Atmosph\u00e4re zu schaffen. Dieses Tischset mit Blumenmuster passt perfekt zu den Gl\u00e4sern, Tellern und Schalen dieser Kollektion, die von Sanftheit gepr\u00e4gt ist. Geschirrsets mit Blumenmotiven, die uns nicht ohne Nostalgie an das sch\u00f6ne Geschirr von fr\u00fcher erinnern. Villeroy &amp; Boch bietet Ihnen hier hochwertige Geschirrsets und dekorative Elemente, die dazu beitragen, eine fr\u00f6hliche, l\u00e4ndliche oder romantische Atmosph\u00e4re zu schaffen. Auf der Suche nach einer Geschenkidee? Mit Rose Garden finden Sie die richtige Inspiration f\u00fcr eine Hochzeit oder eine Einweihungsparty. Bringen Sie mit Villeroy &amp; Boch ein Design auf h\u00f6chstem Niveau auf Ihren Tisch.         <\/p>\n","protected":false},"excerpt":{"rendered":"<p><strong>Rose Garden Home<br \/>\nRechteckiges Tischset mit Blumenmotiven<br \/>\n<\/strong>MATERIAL: Baumwolle und Polyester<br \/>\nFARBE: Zartrosa<br \/>\nGARANTIE SP\u00dcLMASCHINENGARANTIE: Nicht<br \/>\nMIKROWELLENKOMPATIBEL: Nicht<br \/>\nREF. ARTIKEL: 1042888300 <\/p>\n","protected":false},"featured_media":15115,"template":"","meta":[],"location":[],"product_brand":[],"product_cat":[1311,1309],"product_tag":[743,2275,2358],"class_list":{"0":"post-15113","1":"product","2":"type-product","3":"status-publish","4":"has-post-thumbnail","6":"product_cat-dekoration","7":"product_cat-villeroy-boch-de","8":"product_tag-decoration-de","9":"product_tag-rosa","10":"product_tag-tischset","12":"first","13":"instock","14":"shipping-taxable","15":"purchasable","16":"product-type-simple"},"supplier_id":9071,"supplier_sku":"1042888300","barcode":"4003686420564","atum_controlled":true,"out_stock_date":"2024-04-24 08:52:58","out_stock_threshold":0,"inheritable":false,"inbound_stock":0,"stock_on_hold":0,"sold_today":0,"sales_last_days":0,"reserved_stock":0,"customer_returns":0,"warehouse_damage":null,"lost_in_post":0,"other_logs":0,"out_stock_days":450,"lost_sales":0,"has_location":false,"update_date":"2025-07-19T06:26:31","atum_locations":[],"atum_stock_status":"onbackorder","restock_status":false,"low_stock_amount":"","sales_update_date":"2025-07-19T06:26:31","calc_backorders":0,"locations":[],"_links":{"self":[{"href":"https:\/\/delices.lu\/de\/wp-json\/wp\/v2\/product\/15113","targetHints":{"allow":["GET"]}}],"collection":[{"href":"https:\/\/delices.lu\/de\/wp-json\/wp\/v2\/product"}],"about":[{"href":"https:\/\/delices.lu\/de\/wp-json\/wp\/v2\/types\/product"}],"wp:featuredmedia":[{"embeddable":true,"href":"https:\/\/delices.lu\/de\/wp-json\/wp\/v2\/media\/15115"}],"wp:attachment":[{"href":"https:\/\/delices.lu\/de\/wp-json\/wp\/v2\/media?parent=15113"}],"wp:term":[{"taxonomy":"location","embeddable":true,"href":"https:\/\/delices.lu\/de\/wp-json\/wp\/v2\/location?post=15113"},{"taxonomy":"product_brand","embeddable":true,"href":"https:\/\/delices.lu\/de\/wp-json\/wp\/v2\/product_brand?post=15113"},{"taxonomy":"product_cat","embeddable":true,"href":"https:\/\/delices.lu\/de\/wp-json\/wp\/v2\/product_cat?post=15113"},{"taxonomy":"product_tag","embeddable":true,"href":"https:\/\/delices.lu\/de\/wp-json\/wp\/v2\/product_tag?post=15113"}],"curies":[{"name":"wp","href":"https:\/\/api.w.org\/{rel}","templated":true}]}}