{"id":15114,"date":"2024-04-24T00:00:49","date_gmt":"2025-03-20T10:49:07","guid":{"rendered":"https:\/\/delices.lu\/produit\/rose-garden-home-kerzenhalter\/"},"modified":"2025-03-20T11:49:07","modified_gmt":"2025-03-20T10:49:07","slug":"rose-garden-home-kerzenhalter","status":"publish","type":"product","link":"https:\/\/delices.lu\/de\/produit\/rose-garden-home-kerzenhalter\/","title":{"rendered":"Rose Garden Home &#8211; Kerzenhalter"},"content":{"rendered":"<p><strong>Ein Windlicht mit dezentem Design f\u00fcr eine warme Atmosph\u00e4re<\/strong><br \/>\nDieses Windlicht aus Kristallglas aus der Rose Garden Home Kollektion sorgt f\u00fcr eine sanfte und ged\u00e4mpfte Atmosph\u00e4re in Ihrem Zuhause. Stellen Sie das transparente Windlicht auf den Esstisch oder auf ein M\u00f6belst\u00fcck im Wohnzimmer und verleihen Sie Ihrer Innendekoration den letzten Schliff. Die Kombination aus Kristall und Keramik macht es zu einem modernen und diskreten Dekorationselement. Dieses Design-Windlicht eignet sich f\u00fcr ein gro\u00dfes Teelicht, ob duftend, farbig oder beides! Das ausgestrahlte Stimmungslicht wird von dem Kristallglas reflektiert und erhellt den Raum. Es schafft eine warme und beruhigende Atmosph\u00e4re. Aus diesem Grund ist dieses Windlicht besonders gut geeignet f\u00fcr die Mitte des gedeckten Esstisches. Zusammen mit den Tellern, Sch\u00fcsseln, Schalen und Gl\u00e4sern von Villeroy &amp; Boch wird es Ihre G\u00e4ste begeistern. Lassen Sie Ihrer Kreativit\u00e4t freien Lauf, indem Sie es mit anderen Windlichtern oder der Kristallvase aus der Rose Garden Kollektion kombinieren. Schaffen Sie sich Ihre eigene Wohlf\u00fchloase mit den originellen Dekorationselementen von Villeroy &amp; Boch.         <\/p>\n","protected":false},"excerpt":{"rendered":"<p><strong>Rose Garden Home &#8211; Kerzenhalter<br \/>\nTransparentes Windlicht<br \/>\n<\/strong>MATERIAL: Kristall<br \/>\nDURCHMESSER: ca. 110 mm<br \/>\nGR\u00d6SSE: ca. 600 ml<br \/>\nFARBE: transparent<br \/>\nGARANTIE SP\u00dcLMASCHINENGARANTIE: Nicht<br \/>\nMIKROWELLENKOMPATIBEL: Nicht<br \/>\nREF. ARTIKEL: 1042885520 <\/p>\n","protected":false},"featured_media":15117,"template":"","meta":[],"location":[],"product_brand":[],"product_cat":[1311,2399,1309],"product_tag":[743,2400,2401],"class_list":{"0":"post-15114","1":"product","2":"type-product","3":"status-publish","4":"has-post-thumbnail","6":"product_cat-dekoration","7":"product_cat-kerze","8":"product_cat-villeroy-boch-de","9":"product_tag-decoration-de","10":"product_tag-kerze","11":"product_tag-kerzenhalter","13":"first","14":"instock","15":"shipping-taxable","16":"purchasable","17":"product-type-simple"},"supplier_id":9071,"supplier_sku":"1042885520","barcode":"4003686420960","atum_controlled":true,"out_stock_date":"2024-04-24 08:51:01","out_stock_threshold":null,"inheritable":false,"inbound_stock":0,"stock_on_hold":0,"sold_today":0,"sales_last_days":0,"reserved_stock":0,"customer_returns":0,"warehouse_damage":0,"lost_in_post":0,"other_logs":0,"out_stock_days":450,"lost_sales":0,"has_location":false,"update_date":"2025-07-19T06:26:38","atum_locations":[],"atum_stock_status":"onbackorder","restock_status":false,"low_stock_amount":"","sales_update_date":"2025-07-19T06:26:38","calc_backorders":0,"locations":[],"_links":{"self":[{"href":"https:\/\/delices.lu\/de\/wp-json\/wp\/v2\/product\/15114","targetHints":{"allow":["GET"]}}],"collection":[{"href":"https:\/\/delices.lu\/de\/wp-json\/wp\/v2\/product"}],"about":[{"href":"https:\/\/delices.lu\/de\/wp-json\/wp\/v2\/types\/product"}],"wp:featuredmedia":[{"embeddable":true,"href":"https:\/\/delices.lu\/de\/wp-json\/wp\/v2\/media\/15117"}],"wp:attachment":[{"href":"https:\/\/delices.lu\/de\/wp-json\/wp\/v2\/media?parent=15114"}],"wp:term":[{"taxonomy":"location","embeddable":true,"href":"https:\/\/delices.lu\/de\/wp-json\/wp\/v2\/location?post=15114"},{"taxonomy":"product_brand","embeddable":true,"href":"https:\/\/delices.lu\/de\/wp-json\/wp\/v2\/product_brand?post=15114"},{"taxonomy":"product_cat","embeddable":true,"href":"https:\/\/delices.lu\/de\/wp-json\/wp\/v2\/product_cat?post=15114"},{"taxonomy":"product_tag","embeddable":true,"href":"https:\/\/delices.lu\/de\/wp-json\/wp\/v2\/product_tag?post=15114"}],"curies":[{"name":"wp","href":"https:\/\/api.w.org\/{rel}","templated":true}]}}