{"id":15122,"date":"2024-04-24T00:00:12","date_gmt":"2025-03-20T10:49:07","guid":{"rendered":"https:\/\/delices.lu\/produit\/rose-garden-home-windlichtvase\/"},"modified":"2025-03-20T11:49:07","modified_gmt":"2025-03-20T10:49:07","slug":"rose-garden-home-windlichtvase","status":"publish","type":"product","link":"https:\/\/delices.lu\/de\/produit\/rose-garden-home-windlichtvase\/","title":{"rendered":"Rose Garden Home, Windlichtvase"},"content":{"rendered":"<p><strong>Eine romantische Vase aus Kristallglas mit fantasievollen Kurven<\/strong><br \/>\nDiese schlichte Designvase ist diskret, um einen gedeckten Tisch mit einem Geschirrset aus Villeroy &amp; Boch Porzellan elegant zu dekorieren. Diese transparente Vase spielt mit sch\u00f6nen Lichteffekten, um einen Raum zu versch\u00f6nern und ihm eine warme Ausstrahlung zu verleihen. Die Rose Garden Home Kristallvase passt \u00fcbrigens perfekt zu allen Porzellangeschirrteilen aus der gleichen Kollektion. Die hohe Vase l\u00e4sst sich mit frisch geschnittenen Blumen f\u00fcllen. Es ist fast so, als ob sich der bet\u00f6rende Duft der Natur in Ihrem Zuhause ausbreitet. Wenn es dunkel wird, kann die gro\u00dfe Vase sogar ihren eigentlichen Zweck verfehlen, indem sie als Windlicht verwendet wird, um eine Tafel zu w\u00e4rmen. Schaffen Sie sich Ihre eigene Wohlf\u00fchloase mit den originellen Dekorationselementen von Villeroy &amp; Boch.      <\/p>\n","protected":false},"excerpt":{"rendered":"<p><strong>Rose Garden Home Glasvase<br \/>\nWindlicht<br \/>\n<\/strong>MATERIAL: Kristall<br \/>\nDURCHMESSER: ca. 128 mm<br \/>\nGR\u00d6\u00dfE: ca. 1426 ml<br \/>\nFARBE: blassblau, tranparent<br \/>\nGARANTIE SP\u00dcLMASCHINENGARANTIE: Nicht<br \/>\nMIKROWELLENKOMPATIBEL: Nicht<br \/>\nREF. ARTIKEL: 1042885400 <\/p>\n","protected":false},"featured_media":15124,"template":"","meta":[],"location":[],"product_brand":[],"product_cat":[1311,2333,1309],"product_tag":[743,2405,2406],"class_list":{"0":"post-15122","1":"product","2":"type-product","3":"status-publish","4":"has-post-thumbnail","6":"product_cat-dekoration","7":"product_cat-vase-de","8":"product_cat-villeroy-boch-de","9":"product_tag-decoration-de","10":"product_tag-vase-de","11":"product_tag-windlicht","13":"first","14":"instock","15":"shipping-taxable","16":"purchasable","17":"product-type-simple"},"supplier_id":9071,"supplier_sku":"1042885400","barcode":"4003686421325","atum_controlled":true,"out_stock_date":"2024-04-24 08:49:19","out_stock_threshold":null,"inheritable":false,"inbound_stock":0,"stock_on_hold":0,"sold_today":0,"sales_last_days":0,"reserved_stock":0,"customer_returns":0,"warehouse_damage":0,"lost_in_post":0,"other_logs":0,"out_stock_days":450,"lost_sales":0,"has_location":false,"update_date":"2025-07-19T06:26:22","atum_locations":[],"atum_stock_status":"onbackorder","restock_status":false,"low_stock_amount":"","sales_update_date":"2025-07-19T06:26:22","calc_backorders":0,"locations":[],"_links":{"self":[{"href":"https:\/\/delices.lu\/de\/wp-json\/wp\/v2\/product\/15122","targetHints":{"allow":["GET"]}}],"collection":[{"href":"https:\/\/delices.lu\/de\/wp-json\/wp\/v2\/product"}],"about":[{"href":"https:\/\/delices.lu\/de\/wp-json\/wp\/v2\/types\/product"}],"wp:featuredmedia":[{"embeddable":true,"href":"https:\/\/delices.lu\/de\/wp-json\/wp\/v2\/media\/15124"}],"wp:attachment":[{"href":"https:\/\/delices.lu\/de\/wp-json\/wp\/v2\/media?parent=15122"}],"wp:term":[{"taxonomy":"location","embeddable":true,"href":"https:\/\/delices.lu\/de\/wp-json\/wp\/v2\/location?post=15122"},{"taxonomy":"product_brand","embeddable":true,"href":"https:\/\/delices.lu\/de\/wp-json\/wp\/v2\/product_brand?post=15122"},{"taxonomy":"product_cat","embeddable":true,"href":"https:\/\/delices.lu\/de\/wp-json\/wp\/v2\/product_cat?post=15122"},{"taxonomy":"product_tag","embeddable":true,"href":"https:\/\/delices.lu\/de\/wp-json\/wp\/v2\/product_tag?post=15122"}],"curies":[{"name":"wp","href":"https:\/\/api.w.org\/{rel}","templated":true}]}}