{"id":15123,"date":"2024-04-24T00:00:27","date_gmt":"2025-03-20T10:49:08","guid":{"rendered":"https:\/\/delices.lu\/produit\/rose-garden-home-transparente-rosa-vase\/"},"modified":"2025-03-20T11:49:08","modified_gmt":"2025-03-20T10:49:08","slug":"rose-garden-home-transparente-rosa-vase","status":"publish","type":"product","link":"https:\/\/delices.lu\/de\/produit\/rose-garden-home-transparente-rosa-vase\/","title":{"rendered":"Rose Garden Home &#8211; Transparente rosa Vase"},"content":{"rendered":"<p><strong>Eine Vase aus Kristallglas f\u00fcr Ihre Tischdekoration<\/strong><br \/>\nDiese Designer-Vase aus der Rose Garden Home Kollektion ist das ideale Herzst\u00fcck f\u00fcr die Tischmitte. \u00dcberraschen Sie Ihre G\u00e4ste mit dieser originellen und zarten Vase. Die zartrosa Farbe und das raffinierte Design verleihen ihr einen romantischen und anmutigen Vintage-Look, w\u00e4hrend die Transparenz der Vase eine Vielzahl von Verwendungsm\u00f6glichkeiten bietet. Diese transparente rosa Vase kann einen sch\u00f6nen Fr\u00fchlingsstrau\u00df aufnehmen, perfekt f\u00fcr ein sanftes und l\u00e4ndliches Ambiente. Sie kann aber auch in ein Windlicht verwandelt werden, um eine w\u00e4rmere Atmosph\u00e4re zu schaffen. Seien Sie kreativ und stellen Sie eine sch\u00f6ne Kerze oder eine feine Girlande hinein. Zusammen mit einem kompletten Tafelservice aus der gleichen Kollektion verleiht diese Kristallvase Ihrer Tischdekoration den letzten Schliff. Teller, Gl\u00e4ser, Servierplatten, Schalen&#8230; Villeroy &amp; Boch begleitet alle Ihre gemeinsamen Momente. Schaffen Sie sich Ihre eigene Wohlf\u00fchloase mit den originellen Dekorationselementen von Villeroy &amp; Boch.        <\/p>\n","protected":false},"excerpt":{"rendered":"<p><strong>Rose Garden Home &#8211; Transparente rosa Vase<br \/>\n<\/strong>MATERIAL: kristallklar<br \/>\nDURCHMESSER: ca. 126 mm<br \/>\nGR\u00d6SSE: ca. 1456 ml<br \/>\nFARBE: blassrosa, <strong>transparent<\/strong><br \/>\nGARANTIE SP\u00dcLMASCHINENGARANTIE: Nicht<br \/>\nMIKROWELLENKOMPATIBEL: Nicht<br \/>\nREF. ARTIKEL: 1042885410 <\/p>\n","protected":false},"featured_media":15129,"template":"","meta":[],"location":[959],"product_brand":[],"product_cat":[1311,2333,1309],"product_tag":[743,2405,2406],"class_list":{"0":"post-15123","1":"product","2":"type-product","3":"status-publish","4":"has-post-thumbnail","6":"location-0-shop","7":"product_cat-dekoration","8":"product_cat-vase-de","9":"product_cat-villeroy-boch-de","10":"product_tag-decoration-de","11":"product_tag-vase-de","12":"product_tag-windlicht","14":"first","15":"instock","16":"shipping-taxable","17":"purchasable","18":"product-type-simple"},"supplier_id":9071,"supplier_sku":"1042885410","barcode":"4003686421219","atum_controlled":true,"out_stock_date":null,"out_stock_threshold":null,"inheritable":false,"inbound_stock":0,"stock_on_hold":0,"sold_today":0,"sales_last_days":0,"reserved_stock":0,"customer_returns":0,"warehouse_damage":0,"lost_in_post":0,"other_logs":0,"out_stock_days":0,"lost_sales":0,"has_location":false,"update_date":"2025-07-19T06:26:22","atum_locations":[{"id":960,"name":"0 SHOP","slug":"0-shop"}],"atum_stock_status":"instock","restock_status":false,"low_stock_amount":"","sales_update_date":"2025-07-19T06:26:22","calc_backorders":0,"locations":[],"_links":{"self":[{"href":"https:\/\/delices.lu\/de\/wp-json\/wp\/v2\/product\/15123","targetHints":{"allow":["GET"]}}],"collection":[{"href":"https:\/\/delices.lu\/de\/wp-json\/wp\/v2\/product"}],"about":[{"href":"https:\/\/delices.lu\/de\/wp-json\/wp\/v2\/types\/product"}],"wp:featuredmedia":[{"embeddable":true,"href":"https:\/\/delices.lu\/de\/wp-json\/wp\/v2\/media\/15129"}],"wp:attachment":[{"href":"https:\/\/delices.lu\/de\/wp-json\/wp\/v2\/media?parent=15123"}],"wp:term":[{"taxonomy":"location","embeddable":true,"href":"https:\/\/delices.lu\/de\/wp-json\/wp\/v2\/location?post=15123"},{"taxonomy":"product_brand","embeddable":true,"href":"https:\/\/delices.lu\/de\/wp-json\/wp\/v2\/product_brand?post=15123"},{"taxonomy":"product_cat","embeddable":true,"href":"https:\/\/delices.lu\/de\/wp-json\/wp\/v2\/product_cat?post=15123"},{"taxonomy":"product_tag","embeddable":true,"href":"https:\/\/delices.lu\/de\/wp-json\/wp\/v2\/product_tag?post=15123"}],"curies":[{"name":"wp","href":"https:\/\/api.w.org\/{rel}","templated":true}]}}