{"id":15136,"date":"2024-04-24T00:00:53","date_gmt":"2025-03-20T10:49:16","guid":{"rendered":"https:\/\/delices.lu\/produit\/rose-garden-home-windlichtvase-2\/"},"modified":"2025-03-20T11:49:16","modified_gmt":"2025-03-20T10:49:16","slug":"rose-garden-home-windlichtvase-2","status":"publish","type":"product","link":"https:\/\/delices.lu\/de\/produit\/rose-garden-home-windlichtvase-2\/","title":{"rendered":"Rose Garden Home, Windlichtvase"},"content":{"rendered":"<p><strong>Fr\u00fchlingshafte Genussmomente mit Rose Garden<\/strong><br \/>\nInspiriert durch den Fr\u00fchling und romantische Roseng\u00e4rten, schafft diese Kollektion die perfekte Atmosph\u00e4re f\u00fcr sch\u00f6ne Momente. Die Rose Garden Home Artikel, die das Blumengeschirr der Kollektion perfekt erg\u00e4nzen, sind zart und phantasievoll. Diese Vase aus hochwertigem Kristallglas ist ein authentisches Dekorationselement, das mit seinem wundersch\u00f6nen Relief alle Blicke auf sich ziehen wird und sowohl als Blumenvase als auch als Windlicht verwendet werden kann. Ideal auch als Geschenk! Artikel aus hochwertigem Kristallglas. Der Artikel ist nicht sp\u00fclmaschinengeeignet. F\u00fcr romantische Momente &#8211; mit der Rose Garden Kollektion.      <\/p>\n","protected":false},"excerpt":{"rendered":"<p><strong>Rose Garden Home Glasvase<br \/>\nWindlicht, 19 x 17 cm<br \/>\n<\/strong>MATERIAL: kristallklar<br \/>\nDURCHMESSER: ca. 190 mm<br \/>\nGR\u00d6SSE: ca. 2750 ml<br \/>\nFARBE: blassblau, tranparent<br \/>\nGARANTIERT SP\u00dcLGER\u00c4T: Nicht<br \/>\nMIKROWELLENKOMPATIBEL: Nicht<br \/>\nREF. ARTIKEL: 1042885401 <\/p>\n","protected":false},"featured_media":15137,"template":"","meta":[],"location":[959],"product_brand":[],"product_cat":[1311,2333,1309],"product_tag":[743,2405,2406],"class_list":{"0":"post-15136","1":"product","2":"type-product","3":"status-publish","4":"has-post-thumbnail","6":"location-0-shop","7":"product_cat-dekoration","8":"product_cat-vase-de","9":"product_cat-villeroy-boch-de","10":"product_tag-decoration-de","11":"product_tag-vase-de","12":"product_tag-windlicht","14":"first","15":"instock","16":"shipping-taxable","17":"purchasable","18":"product-type-simple"},"supplier_id":9071,"supplier_sku":"1042885401","barcode":"4003686421332","atum_controlled":true,"out_stock_date":null,"out_stock_threshold":null,"inheritable":false,"inbound_stock":0,"stock_on_hold":0,"sold_today":0,"sales_last_days":0,"reserved_stock":0,"customer_returns":0,"warehouse_damage":0,"lost_in_post":0,"other_logs":0,"out_stock_days":0,"lost_sales":0,"has_location":false,"update_date":"2025-07-19T06:26:22","atum_locations":[{"id":960,"name":"0 SHOP","slug":"0-shop"}],"atum_stock_status":"instock","restock_status":false,"low_stock_amount":"","sales_update_date":"2025-07-19T06:26:22","calc_backorders":0,"locations":[],"_links":{"self":[{"href":"https:\/\/delices.lu\/de\/wp-json\/wp\/v2\/product\/15136","targetHints":{"allow":["GET"]}}],"collection":[{"href":"https:\/\/delices.lu\/de\/wp-json\/wp\/v2\/product"}],"about":[{"href":"https:\/\/delices.lu\/de\/wp-json\/wp\/v2\/types\/product"}],"wp:featuredmedia":[{"embeddable":true,"href":"https:\/\/delices.lu\/de\/wp-json\/wp\/v2\/media\/15137"}],"wp:attachment":[{"href":"https:\/\/delices.lu\/de\/wp-json\/wp\/v2\/media?parent=15136"}],"wp:term":[{"taxonomy":"location","embeddable":true,"href":"https:\/\/delices.lu\/de\/wp-json\/wp\/v2\/location?post=15136"},{"taxonomy":"product_brand","embeddable":true,"href":"https:\/\/delices.lu\/de\/wp-json\/wp\/v2\/product_brand?post=15136"},{"taxonomy":"product_cat","embeddable":true,"href":"https:\/\/delices.lu\/de\/wp-json\/wp\/v2\/product_cat?post=15136"},{"taxonomy":"product_tag","embeddable":true,"href":"https:\/\/delices.lu\/de\/wp-json\/wp\/v2\/product_tag?post=15136"}],"curies":[{"name":"wp","href":"https:\/\/api.w.org\/{rel}","templated":true}]}}