{"id":15148,"date":"2024-04-11T00:00:31","date_gmt":"2025-03-20T10:49:17","guid":{"rendered":"https:\/\/delices.lu\/produit\/kerze-blumenarabeske\/"},"modified":"2025-03-20T11:49:17","modified_gmt":"2025-03-20T10:49:17","slug":"kerze-blumenarabeske","status":"publish","type":"product","link":"https:\/\/delices.lu\/de\/produit\/kerze-blumenarabeske\/","title":{"rendered":"Kerze, Blumenarabeske"},"content":{"rendered":"<p><strong>Kerze f\u00fcr das Osterfest<\/strong><br \/>\nK\u00fcndigen Sie den Fr\u00fchling mit den dekorativen Objekten aus der Kollektion Easter Accessories an. Diese gro\u00dfe Wachskerze mit einem Arabeskenmuster aus Blumen sorgt f\u00fcr eine frische und fr\u00f6hliche Atmosph\u00e4re auf Ihrem Ostertisch. Decken Sie Ihren Tisch mit h\u00fcbschen, schlichten Elementen.  <\/p>\n","protected":false},"excerpt":{"rendered":"<p><strong>Easter Accessories Kerze<\/strong><br \/>\n<strong>Arabeske aus Blumen<\/strong><br \/>\nMaterial: Wachs<br \/>\nMa\u00dfe: ca. 7 x 12 cm<br \/>\nWei\u00df<br \/>\nArtikelreferenz 3590720035 <\/p>\n","protected":false},"featured_media":15150,"template":"","meta":[],"location":[979],"product_brand":[],"product_cat":[740,1310,1309],"product_tag":[2400],"class_list":{"0":"post-15148","1":"product","2":"type-product","3":"status-publish","4":"has-post-thumbnail","6":"location-07-2","7":"product_cat-fruehling","8":"product_cat-ostern","9":"product_cat-villeroy-boch-de","10":"product_tag-kerze","12":"first","13":"instock","14":"shipping-taxable","15":"purchasable","16":"product-type-simple"},"supplier_id":9071,"supplier_sku":"3590720035","barcode":"4003686388758","atum_controlled":true,"out_stock_date":null,"out_stock_threshold":null,"inheritable":false,"inbound_stock":0,"stock_on_hold":0,"sold_today":0,"sales_last_days":0,"reserved_stock":0,"customer_returns":0,"warehouse_damage":0,"lost_in_post":0,"other_logs":0,"out_stock_days":0,"lost_sales":0,"has_location":false,"update_date":"2025-07-19T06:26:25","atum_locations":[{"id":850,"name":"072","slug":"072"}],"atum_stock_status":"instock","restock_status":false,"low_stock_amount":"","sales_update_date":"2025-07-19T06:26:25","calc_backorders":0,"locations":[],"_links":{"self":[{"href":"https:\/\/delices.lu\/de\/wp-json\/wp\/v2\/product\/15148","targetHints":{"allow":["GET"]}}],"collection":[{"href":"https:\/\/delices.lu\/de\/wp-json\/wp\/v2\/product"}],"about":[{"href":"https:\/\/delices.lu\/de\/wp-json\/wp\/v2\/types\/product"}],"wp:featuredmedia":[{"embeddable":true,"href":"https:\/\/delices.lu\/de\/wp-json\/wp\/v2\/media\/15150"}],"wp:attachment":[{"href":"https:\/\/delices.lu\/de\/wp-json\/wp\/v2\/media?parent=15148"}],"wp:term":[{"taxonomy":"location","embeddable":true,"href":"https:\/\/delices.lu\/de\/wp-json\/wp\/v2\/location?post=15148"},{"taxonomy":"product_brand","embeddable":true,"href":"https:\/\/delices.lu\/de\/wp-json\/wp\/v2\/product_brand?post=15148"},{"taxonomy":"product_cat","embeddable":true,"href":"https:\/\/delices.lu\/de\/wp-json\/wp\/v2\/product_cat?post=15148"},{"taxonomy":"product_tag","embeddable":true,"href":"https:\/\/delices.lu\/de\/wp-json\/wp\/v2\/product_tag?post=15148"}],"curies":[{"name":"wp","href":"https:\/\/api.w.org\/{rel}","templated":true}]}}