{"id":15149,"date":"2024-06-09T00:00:51","date_gmt":"2025-03-20T10:49:17","guid":{"rendered":"https:\/\/delices.lu\/produit\/like-lavender-wasserglas-2-stueck\/"},"modified":"2025-03-20T11:49:17","modified_gmt":"2025-03-20T10:49:17","slug":"like-lavender-wasserglas-2-stueck","status":"publish","type":"product","link":"https:\/\/delices.lu\/de\/produit\/like-lavender-wasserglas-2-stueck\/","title":{"rendered":"Like Lavender, Wasserglas, 2 St\u00fcck"},"content":{"rendered":"<p><strong>Farbige Wassergl\u00e4ser bringen Farbe auf den Tisch<\/strong><br \/>\nMit den get\u00f6nten Gl\u00e4sern Like von Villeroy &amp; Boch wird jede Mahlzeit zu einem wahren Fest! Dieses Set von Wassergl\u00e4sern bringt einen Hauch von Phantasie auf den Tisch. Die sanfte und elegante Farbe Lila ist ideal f\u00fcr eine romantische oder sommerliche Dekoration. Perfekt f\u00fcr ein Abendessen zu zweit, kann dieses Set von zwei Designgl\u00e4sern auch Ihre Sammlung von farbigen Gl\u00e4sern erg\u00e4nzen! Ein Muss f\u00fcr Grillpartys, Sommerabende oder Nachmittage am Pool. Sie haben noch keine Gl\u00e4ser? Werfen Sie einen Blick auf die Like Lavender Kollektion und stellen Sie sich jetzt Ihr eigenes Set mit originellen Gl\u00e4sern zusammen! Das Fassungsverm\u00f6gen dieser gro\u00dfen Gl\u00e4ser macht sie au\u00dferdem zu vielseitigen Beh\u00e4ltern. Warum verw\u00f6hnen Sie Ihre G\u00e4ste nicht mit einer oder zwei Kugeln Eis in diesen violetten Gl\u00e4sern? Und wenn Sie einen Brunch oder ein Mittagessen servieren wollen, w\u00e4hlen Sie eine trendige Kombination! Kombinieren Sie je nach Anlass Champagner-, Wein-, Wasser- oder Cocktailgl\u00e4ser mit den Steinguttellern der Lave-Kollektion. Der Effekt ist garantiert! Feiern Sie das Leben in seiner wunderbaren bunten Vielfalt, mit Like Glass von like. by Villeroy &amp; Boch.             <\/p>\n","protected":false},"excerpt":{"rendered":"<p><strong>Like Lavender &#8211; Set bestehend aus 2 Wassergl\u00e4sern<br \/>\nLavendel, aus Glas<\/strong><br \/>\nMATERIAL: Glas<br \/>\nDURCHMESSER: ca. 90 mm<br \/>\nGR\u00d6SSE: ca. 280 ml<br \/>\nFARBE: Lavendel, transparent<br \/>\nGARANTIE SP\u00dcLGER\u00c4T:Nicht<br \/>\nMIKROWELLENKOMPATIBEL: Nicht<br \/>\nREF. ARTIKEL: 1951828180 <\/p>\n","protected":false},"featured_media":15151,"template":"","meta":[],"location":[],"product_brand":[],"product_cat":[1354,2359,1309],"product_tag":[2211,2410,2408],"class_list":{"0":"post-15149","1":"product","2":"type-product","3":"status-publish","4":"has-post-thumbnail","6":"product_cat-art-de-la-table-de","7":"product_cat-glas","8":"product_cat-villeroy-boch-de","9":"product_tag-glas","10":"product_tag-lavendel","11":"product_tag-set-mit-2-glasern","13":"first","14":"instock","15":"shipping-taxable","16":"purchasable","17":"product-type-simple"},"supplier_id":9071,"supplier_sku":"1951828180","barcode":"4003686431539","atum_controlled":true,"out_stock_date":"2024-06-09 12:41:06","out_stock_threshold":null,"inheritable":false,"inbound_stock":0,"stock_on_hold":0,"sold_today":0,"sales_last_days":0,"reserved_stock":0,"customer_returns":0,"warehouse_damage":null,"lost_in_post":0,"other_logs":0,"out_stock_days":404,"lost_sales":0,"has_location":false,"update_date":"2025-07-19T06:26:38","atum_locations":[],"atum_stock_status":"onbackorder","restock_status":false,"low_stock_amount":"","sales_update_date":"2025-07-19T06:26:38","calc_backorders":0,"locations":[],"_links":{"self":[{"href":"https:\/\/delices.lu\/de\/wp-json\/wp\/v2\/product\/15149","targetHints":{"allow":["GET"]}}],"collection":[{"href":"https:\/\/delices.lu\/de\/wp-json\/wp\/v2\/product"}],"about":[{"href":"https:\/\/delices.lu\/de\/wp-json\/wp\/v2\/types\/product"}],"wp:featuredmedia":[{"embeddable":true,"href":"https:\/\/delices.lu\/de\/wp-json\/wp\/v2\/media\/15151"}],"wp:attachment":[{"href":"https:\/\/delices.lu\/de\/wp-json\/wp\/v2\/media?parent=15149"}],"wp:term":[{"taxonomy":"location","embeddable":true,"href":"https:\/\/delices.lu\/de\/wp-json\/wp\/v2\/location?post=15149"},{"taxonomy":"product_brand","embeddable":true,"href":"https:\/\/delices.lu\/de\/wp-json\/wp\/v2\/product_brand?post=15149"},{"taxonomy":"product_cat","embeddable":true,"href":"https:\/\/delices.lu\/de\/wp-json\/wp\/v2\/product_cat?post=15149"},{"taxonomy":"product_tag","embeddable":true,"href":"https:\/\/delices.lu\/de\/wp-json\/wp\/v2\/product_tag?post=15149"}],"curies":[{"name":"wp","href":"https:\/\/api.w.org\/{rel}","templated":true}]}}