{"id":15158,"date":"2024-04-04T00:00:01","date_gmt":"2025-03-20T10:49:18","guid":{"rendered":"https:\/\/delices.lu\/produit\/beige-waschmaschine-salatschuessel\/"},"modified":"2025-03-20T11:49:18","modified_gmt":"2025-03-20T10:49:18","slug":"beige-waschmaschine-salatschuessel","status":"publish","type":"product","link":"https:\/\/delices.lu\/de\/produit\/beige-waschmaschine-salatschuessel\/","title":{"rendered":"Beige Waschmaschine, Salatsch\u00fcssel"},"content":{"rendered":"<p><strong>F\u00fcr einen gedeckten Tisch im nordischen Stil<\/strong><br \/>\nEinzigartige St\u00fccke f\u00fcr Skandinavien-Fans: die Steinzeugkollektion Lave de like. by Villeroy &amp; Boch Eine spezielle Glasur f\u00fcr ein einzigartiges Geschmackserlebnis: Die beigefarbene Salatsch\u00fcssel Lave im trendigen T\u00f6pferstil besticht durch ihr au\u00dfergew\u00f6hnliches Geschirrdesign und ist ideal zum Kaffee oder Tee! Kaufen Sie einzigartige St\u00fccke im skandinavischen Look!  <\/p>\n<p>&nbsp;<\/p>\n","protected":false},"excerpt":{"rendered":"<p><strong>Beige Salatsch\u00fcssel<br \/>\n<\/strong>MATERIAL: Steingut<br \/>\nGR\u00d6SSE: ca. 2220 ml<br \/>\nFARBE: beige<br \/>\nGARANTIE SP\u00dcLMASCHINENGARANTIE: Ja<br \/>\nMIKROWELLENKOMPATIBEL: Ja<br \/>\nREF. ARTIKEL: 1042813160 <\/p>\n","protected":false},"featured_media":15160,"template":"","meta":[],"location":[],"product_brand":[],"product_cat":[1354,1309],"product_tag":[2343,2307],"class_list":{"0":"post-15158","1":"product","2":"type-product","3":"status-publish","4":"has-post-thumbnail","6":"product_cat-art-de-la-table-de","7":"product_cat-villeroy-boch-de","8":"product_tag-beige-de","9":"product_tag-salatschussel","11":"first","12":"instock","13":"shipping-taxable","14":"purchasable","15":"product-type-simple"},"supplier_id":9071,"supplier_sku":"1042813160","barcode":"4003686429321","atum_controlled":true,"out_stock_date":"2024-04-14 09:23:06","out_stock_threshold":null,"inheritable":false,"inbound_stock":0,"stock_on_hold":0,"sold_today":0,"sales_last_days":0,"reserved_stock":0,"customer_returns":0,"warehouse_damage":0,"lost_in_post":0,"other_logs":0,"out_stock_days":460,"lost_sales":0,"has_location":false,"update_date":"2025-07-19T06:26:38","atum_locations":[],"atum_stock_status":"onbackorder","restock_status":false,"low_stock_amount":"","sales_update_date":"2025-07-19T06:26:38","calc_backorders":0,"locations":[],"_links":{"self":[{"href":"https:\/\/delices.lu\/de\/wp-json\/wp\/v2\/product\/15158","targetHints":{"allow":["GET"]}}],"collection":[{"href":"https:\/\/delices.lu\/de\/wp-json\/wp\/v2\/product"}],"about":[{"href":"https:\/\/delices.lu\/de\/wp-json\/wp\/v2\/types\/product"}],"wp:featuredmedia":[{"embeddable":true,"href":"https:\/\/delices.lu\/de\/wp-json\/wp\/v2\/media\/15160"}],"wp:attachment":[{"href":"https:\/\/delices.lu\/de\/wp-json\/wp\/v2\/media?parent=15158"}],"wp:term":[{"taxonomy":"location","embeddable":true,"href":"https:\/\/delices.lu\/de\/wp-json\/wp\/v2\/location?post=15158"},{"taxonomy":"product_brand","embeddable":true,"href":"https:\/\/delices.lu\/de\/wp-json\/wp\/v2\/product_brand?post=15158"},{"taxonomy":"product_cat","embeddable":true,"href":"https:\/\/delices.lu\/de\/wp-json\/wp\/v2\/product_cat?post=15158"},{"taxonomy":"product_tag","embeddable":true,"href":"https:\/\/delices.lu\/de\/wp-json\/wp\/v2\/product_tag?post=15158"}],"curies":[{"name":"wp","href":"https:\/\/api.w.org\/{rel}","templated":true}]}}