{"id":15159,"date":"2024-06-09T00:00:23","date_gmt":"2025-03-20T10:49:18","guid":{"rendered":"https:\/\/delices.lu\/produit\/like-apricot-champagner-dessertschale-2-stueck\/"},"modified":"2025-03-20T11:49:18","modified_gmt":"2025-03-20T10:49:18","slug":"like-apricot-champagner-dessertschale-2-stueck","status":"publish","type":"product","link":"https:\/\/delices.lu\/de\/produit\/like-apricot-champagner-dessertschale-2-stueck\/","title":{"rendered":"Like Apricot Champagner-\/Dessertschale, 2 St\u00fcck"},"content":{"rendered":"<p><strong>Ein Set aus zwei vielseitigen Champagnergl\u00e4sern<\/strong><br \/>\nSuchen Sie eine Geschenkidee f\u00fcr einen besonderen Anlass? Z\u00f6gern Sie nicht, die Teile der Serie Like zu kombinieren und die Farben zu variieren! Teller, Weingl\u00e4ser, Sch\u00fcsseln oder Schalen lassen sich harmonisch zu einem trendigen Geschirrset kombinieren. Mit den farbenfrohen Gl\u00e4sern der Like Glass Kollektion wird jeder Anlass zu einem festlichen Ereignis! Bringen Sie Ihre Kreativit\u00e4t mit diesen h\u00fcbschen Stielgl\u00e4sern zum Ausdruck! Diese originellen Gl\u00e4ser k\u00f6nnen als Champagnergl\u00e4ser, Cocktailgl\u00e4ser, Aperitifgl\u00e4ser oder Dessertschalen verwendet werden und sind ein n\u00fctzlicher Helfer im Alltag. Ihre apricotfarbene Farbe verleiht ihnen einen sommerlichen Look, perfekt um dem gedeckten Aperitif- oder Esstisch einen s\u00e4uerlichen Touch zu verleihen! Zelebrieren Sie das Leben in seiner wunderbaren bunten Vielfalt mit Like Glass von like. by Villeroy &amp; Boch.        <\/p>\n","protected":false},"excerpt":{"rendered":"<p><strong>Like Apricot Champagnerschale<\/strong><br \/>\n<strong>Champagner oder Dessert, 100 ml, 2 St\u00fcck<\/strong><br \/>\nMATERIAL: kristallklar<br \/>\nDURCHMESSER: ca. 92 mm<br \/>\nGR\u00d6\u00dfE: ca. 100 ml<br \/>\nFARBE: apricot, transparent<br \/>\nGARANTIE SP\u00dcLMASCHINENGARANTIE:Nein<br \/>\nMIKROWELLENKOMPATIBEL: Nein<br \/>\nREF. ARTIKEL: 1951818210 <\/p>\n","protected":false},"featured_media":15163,"template":"","meta":[],"location":[959],"product_brand":[],"product_cat":[1354,2359,1309],"product_tag":[2411,2409,2378,2407,2408],"class_list":{"0":"post-15159","1":"product","2":"type-product","3":"status-publish","4":"has-post-thumbnail","6":"location-0-shop","7":"product_cat-art-de-la-table-de","8":"product_cat-glas","9":"product_cat-villeroy-boch-de","10":"product_tag-aprikose","11":"product_tag-champagner","12":"product_tag-kristallin","13":"product_tag-nachtisch","14":"product_tag-set-mit-2-glasern","16":"first","17":"instock","18":"shipping-taxable","19":"purchasable","20":"product-type-simple"},"supplier_id":9071,"supplier_sku":"1951818210","barcode":"4003686431515","atum_controlled":true,"out_stock_date":null,"out_stock_threshold":null,"inheritable":false,"inbound_stock":0,"stock_on_hold":0,"sold_today":0,"sales_last_days":0,"reserved_stock":0,"customer_returns":0,"warehouse_damage":null,"lost_in_post":0,"other_logs":0,"out_stock_days":0,"lost_sales":0,"has_location":false,"update_date":"2025-07-19T06:26:24","atum_locations":[{"id":960,"name":"0 SHOP","slug":"0-shop"}],"atum_stock_status":"instock","restock_status":false,"low_stock_amount":"","sales_update_date":"2025-07-19T06:26:24","calc_backorders":0,"locations":[],"_links":{"self":[{"href":"https:\/\/delices.lu\/de\/wp-json\/wp\/v2\/product\/15159","targetHints":{"allow":["GET"]}}],"collection":[{"href":"https:\/\/delices.lu\/de\/wp-json\/wp\/v2\/product"}],"about":[{"href":"https:\/\/delices.lu\/de\/wp-json\/wp\/v2\/types\/product"}],"wp:featuredmedia":[{"embeddable":true,"href":"https:\/\/delices.lu\/de\/wp-json\/wp\/v2\/media\/15163"}],"wp:attachment":[{"href":"https:\/\/delices.lu\/de\/wp-json\/wp\/v2\/media?parent=15159"}],"wp:term":[{"taxonomy":"location","embeddable":true,"href":"https:\/\/delices.lu\/de\/wp-json\/wp\/v2\/location?post=15159"},{"taxonomy":"product_brand","embeddable":true,"href":"https:\/\/delices.lu\/de\/wp-json\/wp\/v2\/product_brand?post=15159"},{"taxonomy":"product_cat","embeddable":true,"href":"https:\/\/delices.lu\/de\/wp-json\/wp\/v2\/product_cat?post=15159"},{"taxonomy":"product_tag","embeddable":true,"href":"https:\/\/delices.lu\/de\/wp-json\/wp\/v2\/product_tag?post=15159"}],"curies":[{"name":"wp","href":"https:\/\/api.w.org\/{rel}","templated":true}]}}