{"id":15169,"date":"2024-06-09T00:00:02","date_gmt":"2025-03-20T10:49:19","guid":{"rendered":"https:\/\/delices.lu\/produit\/like-apricot-weinglas-2-stueck\/"},"modified":"2025-03-20T11:49:19","modified_gmt":"2025-03-20T10:49:19","slug":"like-apricot-weinglas-2-stueck","status":"publish","type":"product","link":"https:\/\/delices.lu\/de\/produit\/like-apricot-weinglas-2-stueck\/","title":{"rendered":"Like Apricot, Weinglas, 2 St\u00fcck"},"content":{"rendered":"<p><strong>Ein Set von farbigen Weingl\u00e4sern f\u00fcr eine festliche Atmosph\u00e4re<\/strong><br \/>\nDiese farbigen Weingl\u00e4ser werden bei Ihren G\u00e4sten einen bleibenden Eindruck hinterlassen! Ihr sommerlicher und schicker Look ist ideal, um eine festliche und warme Atmosph\u00e4re zu schaffen. Dieses Set aus apricotfarbenen Weingl\u00e4sern kann mit Geschirr der gleichen Serie kombiniert werden: Teller, Schalen, Tassen&#8230; Es gibt nichts Besseres als ein trendiges Mix &amp; Match f\u00fcr einen Grillabend oder ein Aperitif-Dinner! Z\u00f6gern Sie nicht, sie mit den Pr\u00e4sentationsplatten und Dipschalen in Schieferoptik aus der Kollektion Manufacture Rock zu kombinieren! Toast und Aperitifgeb\u00e4ck mit einer k\u00f6stlichen Guacamole, Hummus oder hausgemachtem Auberginenkaviar zum Beispiel. Diese Designgl\u00e4ser wurden speziell f\u00fcr Weinproben entworfen. Wei\u00df, Rot, Ros\u00e9&#8230; Genie\u00dfen Sie Ihr Lieblingsgetr\u00e4nk aus diesen h\u00fcbschen Stielgl\u00e4sern! Suchen Sie eine Geschenkidee? Ein Geschirrset ist immer eine Freude f\u00fcr einen Geburtstag oder eine Einweihungsparty. Feiern Sie das Leben in seiner wunderbaren bunten Vielfalt, mit Like Glass von like. by Villeroy &amp; Boch.          <\/p>\n","protected":false},"excerpt":{"rendered":"<p><strong>Like Apricot Weingl\u00e4ser<br \/>\n<\/strong><strong>2er Set<\/strong><br \/>\nMATERIAL: kristallklar<br \/>\nDURCHMESSER: ca. 85 mm<br \/>\nGR\u00d6SSE: ca. 270 ml<br \/>\nFARBE: apricot, transparent<br \/>\nGARANTIE SP\u00dcLGERECHT:Nicht<br \/>\nMIKROWELLENKOMPATIBEL: Nicht<br \/>\nREF. ARTIKEL: 1951818200 <\/p>\n","protected":false},"featured_media":15173,"template":"","meta":[],"location":[],"product_brand":[],"product_cat":[1354,2359,1309],"product_tag":[2411,2378,2408,2404],"class_list":{"0":"post-15169","1":"product","2":"type-product","3":"status-publish","4":"has-post-thumbnail","6":"product_cat-art-de-la-table-de","7":"product_cat-glas","8":"product_cat-villeroy-boch-de","9":"product_tag-aprikose","10":"product_tag-kristallin","11":"product_tag-set-mit-2-glasern","12":"product_tag-weinglas","14":"first","15":"instock","16":"shipping-taxable","17":"purchasable","18":"product-type-simple"},"supplier_id":9071,"supplier_sku":"1951818200","barcode":"4003686431508","atum_controlled":true,"out_stock_date":"2024-06-09 12:39:41","out_stock_threshold":null,"inheritable":false,"inbound_stock":0,"stock_on_hold":0,"sold_today":0,"sales_last_days":0,"reserved_stock":0,"customer_returns":0,"warehouse_damage":null,"lost_in_post":0,"other_logs":0,"out_stock_days":404,"lost_sales":0,"has_location":false,"update_date":"2025-07-19T06:26:38","atum_locations":[],"atum_stock_status":"onbackorder","restock_status":false,"low_stock_amount":"","sales_update_date":"2025-07-19T06:26:38","calc_backorders":0,"locations":[],"_links":{"self":[{"href":"https:\/\/delices.lu\/de\/wp-json\/wp\/v2\/product\/15169","targetHints":{"allow":["GET"]}}],"collection":[{"href":"https:\/\/delices.lu\/de\/wp-json\/wp\/v2\/product"}],"about":[{"href":"https:\/\/delices.lu\/de\/wp-json\/wp\/v2\/types\/product"}],"wp:featuredmedia":[{"embeddable":true,"href":"https:\/\/delices.lu\/de\/wp-json\/wp\/v2\/media\/15173"}],"wp:attachment":[{"href":"https:\/\/delices.lu\/de\/wp-json\/wp\/v2\/media?parent=15169"}],"wp:term":[{"taxonomy":"location","embeddable":true,"href":"https:\/\/delices.lu\/de\/wp-json\/wp\/v2\/location?post=15169"},{"taxonomy":"product_brand","embeddable":true,"href":"https:\/\/delices.lu\/de\/wp-json\/wp\/v2\/product_brand?post=15169"},{"taxonomy":"product_cat","embeddable":true,"href":"https:\/\/delices.lu\/de\/wp-json\/wp\/v2\/product_cat?post=15169"},{"taxonomy":"product_tag","embeddable":true,"href":"https:\/\/delices.lu\/de\/wp-json\/wp\/v2\/product_tag?post=15169"}],"curies":[{"name":"wp","href":"https:\/\/api.w.org\/{rel}","templated":true}]}}