{"id":15179,"date":"2024-05-08T00:00:49","date_gmt":"2025-03-20T10:49:19","guid":{"rendered":"https:\/\/delices.lu\/produit\/samarkand-rubin-tasse\/"},"modified":"2025-03-20T11:49:19","modified_gmt":"2025-03-20T10:49:19","slug":"samarkand-rubin-tasse","status":"publish","type":"product","link":"https:\/\/delices.lu\/de\/produit\/samarkand-rubin-tasse\/","title":{"rendered":"Samarkand Rubin Tasse"},"content":{"rendered":"<p>Diese Tasse ist Teil der Villeroy &amp; Boch&#8217;s Oriental-inspirierten Dinnerware Kollektion Samarkand Rubin.<br \/>\nDas opulente Rubin Dekor zeigt eine kulturspezifische Verzierung und ein authentisches Muster, das die Charakteristik der vertretenen L\u00e4nder ausdr\u00fcckt.<br \/>\nRubin verwendet die traditionelle symbolische Figur des Elefanten, um Indien zu repr\u00e4sentieren.<br \/>\nFeine Goldakzente auf allen St\u00fccken erh\u00f6hen die hohe Qualit\u00e4t der Serie.<\/p>\n","protected":false},"excerpt":{"rendered":"<p><strong>Samarkand Rubin Tasse<\/strong><br \/>\nMATERIAL: Premium Bone Porcelain<br \/>\nGR\u00d6SSE: ca. 300 ml<br \/>\nFARBE: mehrfarbig<br \/>\nGARANTIERT SP\u00dcLMASCHINENGARANTIE: Ja<br \/>\nMIKROWELLENKOMPATIBEL: Nein<br \/>\nREF. ARTIKEL: 1047319651 <\/p>\n","protected":false},"featured_media":15181,"template":"","meta":[],"location":[959],"product_brand":[],"product_cat":[1354,1311,2347,2235,2163,1309],"product_tag":[2416,2415,2355,2165],"class_list":{"0":"post-15179","1":"product","2":"type-product","3":"status-publish","4":"has-post-thumbnail","6":"location-0-shop","7":"product_cat-art-de-la-table-de","8":"product_cat-dekoration","9":"product_cat-samarkand-de","10":"product_cat-tasse-de","11":"product_cat-tasse-krug","12":"product_cat-villeroy-boch-de","13":"product_tag-indien","14":"product_tag-porzellan-premium-bone","15":"product_tag-rubin-de","16":"product_tag-tasse-de","18":"first","19":"instock","20":"shipping-taxable","21":"purchasable","22":"product-type-simple"},"supplier_id":9071,"supplier_sku":"1047319651","barcode":"4003686159846","atum_controlled":true,"out_stock_date":null,"out_stock_threshold":null,"inheritable":false,"inbound_stock":0,"stock_on_hold":0,"sold_today":0,"sales_last_days":0,"reserved_stock":0,"customer_returns":0,"warehouse_damage":0,"lost_in_post":0,"other_logs":0,"out_stock_days":0,"lost_sales":0,"has_location":false,"update_date":"2025-07-19T06:26:22","atum_locations":[{"id":960,"name":"0 SHOP","slug":"0-shop"}],"atum_stock_status":"instock","restock_status":false,"low_stock_amount":"","sales_update_date":"2025-07-19T06:26:22","calc_backorders":0,"locations":[],"_links":{"self":[{"href":"https:\/\/delices.lu\/de\/wp-json\/wp\/v2\/product\/15179","targetHints":{"allow":["GET"]}}],"collection":[{"href":"https:\/\/delices.lu\/de\/wp-json\/wp\/v2\/product"}],"about":[{"href":"https:\/\/delices.lu\/de\/wp-json\/wp\/v2\/types\/product"}],"wp:featuredmedia":[{"embeddable":true,"href":"https:\/\/delices.lu\/de\/wp-json\/wp\/v2\/media\/15181"}],"wp:attachment":[{"href":"https:\/\/delices.lu\/de\/wp-json\/wp\/v2\/media?parent=15179"}],"wp:term":[{"taxonomy":"location","embeddable":true,"href":"https:\/\/delices.lu\/de\/wp-json\/wp\/v2\/location?post=15179"},{"taxonomy":"product_brand","embeddable":true,"href":"https:\/\/delices.lu\/de\/wp-json\/wp\/v2\/product_brand?post=15179"},{"taxonomy":"product_cat","embeddable":true,"href":"https:\/\/delices.lu\/de\/wp-json\/wp\/v2\/product_cat?post=15179"},{"taxonomy":"product_tag","embeddable":true,"href":"https:\/\/delices.lu\/de\/wp-json\/wp\/v2\/product_tag?post=15179"}],"curies":[{"name":"wp","href":"https:\/\/api.w.org\/{rel}","templated":true}]}}