{"id":15180,"date":"2024-06-09T00:00:42","date_gmt":"2025-03-20T10:49:19","guid":{"rendered":"https:\/\/delices.lu\/produit\/like-apricot-wasserglas-2-stueck\/"},"modified":"2025-03-20T11:49:19","modified_gmt":"2025-03-20T10:49:19","slug":"like-apricot-wasserglas-2-stueck","status":"publish","type":"product","link":"https:\/\/delices.lu\/de\/produit\/like-apricot-wasserglas-2-stueck\/","title":{"rendered":"Like Apricot, Wasserglas, 2 St\u00fcck"},"content":{"rendered":"<p><strong>Ein trendiges Set von Wassergl\u00e4sern in Apricot<\/strong><br \/>\nPeppen Sie Ihre Tischdekoration mit diesen originellen Wassergl\u00e4sern auf! Die h\u00fcbsche Aprikosenfarbe dieser transparenten Gl\u00e4ser ist sanft und diskret, so dass sie zu vielen Dekorationsstilen passen. Diese Farbe kann \u00fcbrigens wunderbar mit einem Tafelservice der gleichen Serie, wie z.B. einem Set Keramikteller, kombiniert werden. Dieses Gl\u00e4serset mit seinem sommerlichen und fr\u00f6hlichen Look wird alle in gute Laune versetzen! Bunte Gl\u00e4ser kombiniert mit sch\u00f6nen Tellern f\u00fcr ein trendiges Mix &amp; Match, das ist das Erfolgsrezept! Ihre G\u00e4ste werden Ihre Kreativit\u00e4t bewundern&#8230; und Ihre Kochk\u00fcnste. Diese Gl\u00e4ser eignen sich sowohl f\u00fcr den Alltag als auch f\u00fcr besondere Anl\u00e4sse: Brunch, Aperitif, Grillparty&#8230; Ihr Design macht jede Veranstaltung zu einem festlichen Moment! Ein Set von Villeroy &amp; Boch Gl\u00e4sern kann \u00fcbrigens auch eine ausgezeichnete Geschenkidee f\u00fcr einen Geburtstag oder eine Einweihungsparty sein. Feiern Sie das Leben in seiner wunderbaren bunten Vielfalt mit Like Glass von like. by Villeroy &amp; Boch.         <\/p>\n","protected":false},"excerpt":{"rendered":"<p><strong>Like Apricot &#8211; Set bestehend aus 2 Wassergl\u00e4sern<br \/>\nOrange, aus Glas<\/strong><br \/>\nMATERIAL: Glas<br \/>\nDURCHMESSER: ca. 90 mm<br \/>\nGR\u00d6SSE: ca. 280 ml<br \/>\nFARBE: Apricot, transparent<br \/>\nGARANTIE F\u00dcR SP\u00dcLGER\u00c4TE:Nicht<br \/>\nMIKROWELLENKOMPATIBEL: Nicht<br \/>\nREF. ARTIKEL: 1951818180 <\/p>\n","protected":false},"featured_media":15183,"template":"","meta":[],"location":[],"product_brand":[],"product_cat":[1354,2359,1309],"product_tag":[2411,2211,2408],"class_list":{"0":"post-15180","1":"product","2":"type-product","3":"status-publish","4":"has-post-thumbnail","6":"product_cat-art-de-la-table-de","7":"product_cat-glas","8":"product_cat-villeroy-boch-de","9":"product_tag-aprikose","10":"product_tag-glas","11":"product_tag-set-mit-2-glasern","13":"first","14":"instock","15":"shipping-taxable","16":"purchasable","17":"product-type-simple"},"supplier_id":9071,"supplier_sku":"1951818180","barcode":"4003686431522","atum_controlled":true,"out_stock_date":"2024-06-09 12:39:07","out_stock_threshold":null,"inheritable":false,"inbound_stock":0,"stock_on_hold":0,"sold_today":0,"sales_last_days":0,"reserved_stock":null,"customer_returns":null,"warehouse_damage":null,"lost_in_post":null,"other_logs":null,"out_stock_days":404,"lost_sales":0,"has_location":false,"update_date":"2025-07-19T06:26:38","atum_locations":[],"atum_stock_status":"onbackorder","restock_status":false,"low_stock_amount":"","sales_update_date":"2025-07-19T06:26:38","calc_backorders":0,"locations":[],"_links":{"self":[{"href":"https:\/\/delices.lu\/de\/wp-json\/wp\/v2\/product\/15180","targetHints":{"allow":["GET"]}}],"collection":[{"href":"https:\/\/delices.lu\/de\/wp-json\/wp\/v2\/product"}],"about":[{"href":"https:\/\/delices.lu\/de\/wp-json\/wp\/v2\/types\/product"}],"wp:featuredmedia":[{"embeddable":true,"href":"https:\/\/delices.lu\/de\/wp-json\/wp\/v2\/media\/15183"}],"wp:attachment":[{"href":"https:\/\/delices.lu\/de\/wp-json\/wp\/v2\/media?parent=15180"}],"wp:term":[{"taxonomy":"location","embeddable":true,"href":"https:\/\/delices.lu\/de\/wp-json\/wp\/v2\/location?post=15180"},{"taxonomy":"product_brand","embeddable":true,"href":"https:\/\/delices.lu\/de\/wp-json\/wp\/v2\/product_brand?post=15180"},{"taxonomy":"product_cat","embeddable":true,"href":"https:\/\/delices.lu\/de\/wp-json\/wp\/v2\/product_cat?post=15180"},{"taxonomy":"product_tag","embeddable":true,"href":"https:\/\/delices.lu\/de\/wp-json\/wp\/v2\/product_tag?post=15180"}],"curies":[{"name":"wp","href":"https:\/\/api.w.org\/{rel}","templated":true}]}}