{"id":15189,"date":"2024-06-09T00:00:15","date_gmt":"2025-03-20T10:49:28","guid":{"rendered":"https:\/\/delices.lu\/produit\/like-ice-champagner-dessertschale-2-stueck\/"},"modified":"2025-03-20T11:49:28","modified_gmt":"2025-03-20T10:49:28","slug":"like-ice-champagner-dessertschale-2-stueck","status":"publish","type":"product","link":"https:\/\/delices.lu\/de\/produit\/like-ice-champagner-dessertschale-2-stueck\/","title":{"rendered":"Like Ice Champagner-\/Dessertschale, 2 St\u00fcck"},"content":{"rendered":"<p><strong>Elegante Champagnergl\u00e4ser<\/strong><br \/>\nWenn man Champagner genie\u00dft, ist das Gef\u00e4\u00df genauso wichtig wie der Inhalt. Aus diesem Grund hat Villeroy &amp; Boch die Kollektion Like Ice entworfen, elegante Designgl\u00e4ser, die ein optimales Trinkerlebnis bieten. Diese beiden Champagnergl\u00e4ser auf einem Stiel zeichnen sich durch ihre trendige, leicht bl\u00e4uliche Farbe aus. Eine lebhafte Farbe, die eine festliche und gesellige Atmosph\u00e4re auf einer Dinnerparty oder einem anderen besonderen Anlass schafft. Diese Champagnergl\u00e4ser werden dank ihres doppelten Nutzens sehr beliebt sein. Ihr gro\u00dfes Fassungsverm\u00f6gen erm\u00f6glicht es Ihnen, sie in Aperitifgl\u00e4ser oder Dessertschalen zu verwandeln. So k\u00f6nnen Sie sie jeden Tag zur Schau stellen, zu Ihrer Freude! M\u00f6chten Sie jemanden zum Geburtstag oder zur Einweihungsparty verw\u00f6hnen? Diese edlen Champagnergl\u00e4ser sind eine sch\u00f6ne Geschenkidee! Feiern Sie das Leben in seiner wunderbaren bunten Vielfalt mit Like Glass von like. by Villeroy &amp; Boch.          <\/p>\n","protected":false},"excerpt":{"rendered":"<p><strong>Like Ice Champagnerschale<\/strong><br \/>\n<strong>Champagner oder Dessert, 100 ml, 2 St\u00fcck<\/strong><br \/>\nMATERIAL: kristallklar<br \/>\nDURCHMESSER: ca. 92 mm<br \/>\nGR\u00d6\u00dfE: ca. 100 ml<br \/>\nFARBE: blau, transparent<br \/>\nGARANTIE SP\u00dcLGER\u00c4T:Nicht<br \/>\nMIKROWELLENKOMPATIBEL: Nicht<br \/>\nREF. ARTIKEL: 1951808210 <\/p>\n","protected":false},"featured_media":15191,"template":"","meta":[],"location":[959],"product_brand":[],"product_cat":[1354,2359,1309],"product_tag":[2409,2378,2407,2408],"class_list":{"0":"post-15189","1":"product","2":"type-product","3":"status-publish","4":"has-post-thumbnail","6":"location-0-shop","7":"product_cat-art-de-la-table-de","8":"product_cat-glas","9":"product_cat-villeroy-boch-de","10":"product_tag-champagner","11":"product_tag-kristallin","12":"product_tag-nachtisch","13":"product_tag-set-mit-2-glasern","15":"first","16":"instock","17":"shipping-taxable","18":"purchasable","19":"product-type-simple"},"supplier_id":9071,"supplier_sku":"1951808210","barcode":"4003686429499","atum_controlled":true,"out_stock_date":null,"out_stock_threshold":null,"inheritable":false,"inbound_stock":0,"stock_on_hold":0,"sold_today":0,"sales_last_days":0,"reserved_stock":0,"customer_returns":0,"warehouse_damage":null,"lost_in_post":0,"other_logs":0,"out_stock_days":0,"lost_sales":0,"has_location":false,"update_date":"2025-07-19T06:26:23","atum_locations":[{"id":960,"name":"0 SHOP","slug":"0-shop"}],"atum_stock_status":"instock","restock_status":false,"low_stock_amount":"","sales_update_date":"2025-07-19T06:26:23","calc_backorders":0,"locations":[],"_links":{"self":[{"href":"https:\/\/delices.lu\/de\/wp-json\/wp\/v2\/product\/15189","targetHints":{"allow":["GET"]}}],"collection":[{"href":"https:\/\/delices.lu\/de\/wp-json\/wp\/v2\/product"}],"about":[{"href":"https:\/\/delices.lu\/de\/wp-json\/wp\/v2\/types\/product"}],"wp:featuredmedia":[{"embeddable":true,"href":"https:\/\/delices.lu\/de\/wp-json\/wp\/v2\/media\/15191"}],"wp:attachment":[{"href":"https:\/\/delices.lu\/de\/wp-json\/wp\/v2\/media?parent=15189"}],"wp:term":[{"taxonomy":"location","embeddable":true,"href":"https:\/\/delices.lu\/de\/wp-json\/wp\/v2\/location?post=15189"},{"taxonomy":"product_brand","embeddable":true,"href":"https:\/\/delices.lu\/de\/wp-json\/wp\/v2\/product_brand?post=15189"},{"taxonomy":"product_cat","embeddable":true,"href":"https:\/\/delices.lu\/de\/wp-json\/wp\/v2\/product_cat?post=15189"},{"taxonomy":"product_tag","embeddable":true,"href":"https:\/\/delices.lu\/de\/wp-json\/wp\/v2\/product_tag?post=15189"}],"curies":[{"name":"wp","href":"https:\/\/api.w.org\/{rel}","templated":true}]}}