{"id":15190,"date":"2024-06-09T00:00:23","date_gmt":"2025-03-20T10:49:28","guid":{"rendered":"https:\/\/delices.lu\/produit\/like-clay-champagner-dessertschale-2-stueck\/"},"modified":"2025-03-20T11:49:28","modified_gmt":"2025-03-20T10:49:28","slug":"like-clay-champagner-dessertschale-2-stueck","status":"publish","type":"product","link":"https:\/\/delices.lu\/de\/produit\/like-clay-champagner-dessertschale-2-stueck\/","title":{"rendered":"Like Clay Champagner-\/Dessertschale, 2 St\u00fcck"},"content":{"rendered":"<p><strong>Design-Champagnergl\u00e4ser f\u00fcr besondere Momente zu zweit<\/strong><br \/>\nStilvoll ansto\u00dfen mit den Champagnergl\u00e4sern von Like Clay! Geburtstage, Weihnachten, Promotionen&#8230; Es gibt viele Gelegenheiten, etwas Besonderes zu machen. Um diese Ereignisse geb\u00fchrend zu feiern, holen Sie sich diese beiden Kristallgl\u00e4ser mit Fu\u00df! Mit ihren feinen, minimalistischen und transparenten Linien zeigen sie eine raffinierte und trendige \u00c4sthetik. Zusammen mit den anderen farbigen Gl\u00e4sern der Serie bringen sie einen Hauch von Pep auf Ihren Tisch bei jeder festlichen Veranstaltung. Ob Champagner, Perlwein oder Cocktail: Genie\u00dfen Sie das Getr\u00e4nk Ihrer Wahl aus diesen vielseitigen Gl\u00e4sern! Sie k\u00f6nnen sie auch zweckentfremden, indem Sie sie in Gl\u00e4ser f\u00fcr den Aperitif oder in Schalen f\u00fcr das Dessert verwandeln. Wie auch immer Sie sie verwenden, sie werden nicht unbemerkt bleiben! M\u00f6chten Sie einen lieben Menschen an seinem Einweihungstag verw\u00f6hnen? Schenken Sie ihm dieses sch\u00f6ne Set mit Kristall-Champagnergl\u00e4sern! Feiern Sie das Leben in seiner wunderbaren bunten Vielfalt mit Like Glass von like. by Villeroy &amp; Boch.           <\/p>\n","protected":false},"excerpt":{"rendered":"<p><strong>Like Clay Champagnerschale<\/strong><br \/>\n<strong>Champagner oder Dessert, 100 ml, 2 St\u00fcck<\/strong><br \/>\nMATERIAL: kristallklar<br \/>\nDURCHMESSER: ca. 92 mm<br \/>\nGR\u00d6\u00dfE: ca. 100 ml<br \/>\nFARBE: braun, transparent<br \/>\nGARANTIE SP\u00dcLMASCHINENGARANTIE:Nein<br \/>\nMIKROWELLENKOMPATIBEL: Nein<br \/>\nREF. ARTIKEL: 1951798210 <\/p>\n","protected":false},"featured_media":15194,"template":"","meta":[],"location":[959],"product_brand":[],"product_cat":[1354,2359,1309],"product_tag":[2409,2378,2407,2408],"class_list":{"0":"post-15190","1":"product","2":"type-product","3":"status-publish","4":"has-post-thumbnail","6":"location-0-shop","7":"product_cat-art-de-la-table-de","8":"product_cat-glas","9":"product_cat-villeroy-boch-de","10":"product_tag-champagner","11":"product_tag-kristallin","12":"product_tag-nachtisch","13":"product_tag-set-mit-2-glasern","15":"first","16":"instock","17":"shipping-taxable","18":"purchasable","19":"product-type-simple"},"supplier_id":9071,"supplier_sku":"1951798210","barcode":"4003686429420","atum_controlled":true,"out_stock_date":null,"out_stock_threshold":null,"inheritable":false,"inbound_stock":0,"stock_on_hold":0,"sold_today":0,"sales_last_days":0,"reserved_stock":0,"customer_returns":0,"warehouse_damage":null,"lost_in_post":0,"other_logs":0,"out_stock_days":0,"lost_sales":0,"has_location":false,"update_date":"2025-07-19T06:26:23","atum_locations":[{"id":960,"name":"0 SHOP","slug":"0-shop"}],"atum_stock_status":"instock","restock_status":false,"low_stock_amount":"","sales_update_date":"2025-07-19T06:26:23","calc_backorders":0,"locations":[],"_links":{"self":[{"href":"https:\/\/delices.lu\/de\/wp-json\/wp\/v2\/product\/15190","targetHints":{"allow":["GET"]}}],"collection":[{"href":"https:\/\/delices.lu\/de\/wp-json\/wp\/v2\/product"}],"about":[{"href":"https:\/\/delices.lu\/de\/wp-json\/wp\/v2\/types\/product"}],"wp:featuredmedia":[{"embeddable":true,"href":"https:\/\/delices.lu\/de\/wp-json\/wp\/v2\/media\/15194"}],"wp:attachment":[{"href":"https:\/\/delices.lu\/de\/wp-json\/wp\/v2\/media?parent=15190"}],"wp:term":[{"taxonomy":"location","embeddable":true,"href":"https:\/\/delices.lu\/de\/wp-json\/wp\/v2\/location?post=15190"},{"taxonomy":"product_brand","embeddable":true,"href":"https:\/\/delices.lu\/de\/wp-json\/wp\/v2\/product_brand?post=15190"},{"taxonomy":"product_cat","embeddable":true,"href":"https:\/\/delices.lu\/de\/wp-json\/wp\/v2\/product_cat?post=15190"},{"taxonomy":"product_tag","embeddable":true,"href":"https:\/\/delices.lu\/de\/wp-json\/wp\/v2\/product_tag?post=15190"}],"curies":[{"name":"wp","href":"https:\/\/api.w.org\/{rel}","templated":true}]}}