{"id":15198,"date":"2024-06-09T00:00:09","date_gmt":"2025-03-20T10:49:28","guid":{"rendered":"https:\/\/delices.lu\/produit\/like-ice-weinglas-2-stueck\/"},"modified":"2025-03-20T11:49:28","modified_gmt":"2025-03-20T10:49:28","slug":"like-ice-weinglas-2-stueck","status":"publish","type":"product","link":"https:\/\/delices.lu\/de\/produit\/like-ice-weinglas-2-stueck\/","title":{"rendered":"Like Ice Weinglas, 2 St\u00fcck"},"content":{"rendered":"<p><strong>Weingl\u00e4ser aus Kristall f\u00fcr den<\/strong> Weingenuss<br \/>\nUm einen Wein zu genie\u00dfen, sollten Sie das Glas w\u00e4hlen, das ihn am besten zur Geltung bringt. Das Like Ice Weinglas mit seiner flachen, runden Form gibt alle Aromen des gew\u00e4hlten Weines frei. Au\u00dferdem wird er perfekt mit Sauerstoff versorgt! Die bl\u00e4uliche, leicht transparente Farbe dieser sch\u00f6nen Designgl\u00e4ser bietet jedem die M\u00f6glichkeit, die Farbe seines Getr\u00e4nks vor der Verkostung zu bewundern. Der lange Stiel sorgt f\u00fcr einen eleganten Griff. Alles in allem verspricht dieses Weingl\u00e4ser-Set Ihnen und Ihren G\u00e4sten einen optimalen Weingenuss. Diese Gl\u00e4ser eignen sich sowohl f\u00fcr den t\u00e4glichen Gebrauch als auch f\u00fcr festliche Anl\u00e4sse. F\u00fcr einen besonderen Anlass kombinieren Sie es mit den anderen Gl\u00e4sern der Serie : Like Clay, Grape, Apricot, etc. Sie erhalten ein trendiges Mix &amp; Match! Decken Sie dann einen sch\u00f6nen Tisch mit dem Villeroy &amp; Boch Designgeschirr: Teller, Besteck, Wassergl\u00e4ser, Salatsch\u00fcsseln, etc. Das ist alles! Feiern Sie das Leben in seiner wunderbaren bunten Vielfalt mit Like Glass von like. by Villeroy &amp; Boch.            <\/p>\n","protected":false},"excerpt":{"rendered":"<p><strong>Like Ice Weingl\u00e4ser<br \/>\n<\/strong><strong>2er-Set<\/strong><br \/>\nMATERIAL: kristallklar<br \/>\nDURCHMESSER: ca. 85 mm<br \/>\nGR\u00d6SSE: ca. 270 ml<br \/>\nFARBE: blau, transparent<br \/>\nGARANTIE SP\u00dcLGER\u00c4T:Nicht<br \/>\nMIKROWELLENKOMPATIBEL: Nicht<br \/>\nREF. ARTIKEL: 1951808200 <\/p>\n","protected":false},"featured_media":15200,"template":"","meta":[],"location":[],"product_brand":[],"product_cat":[1354,2359,1309],"product_tag":[2240,2378,2408,2404],"class_list":{"0":"post-15198","1":"product","2":"type-product","3":"status-publish","4":"has-post-thumbnail","6":"product_cat-art-de-la-table-de","7":"product_cat-glas","8":"product_cat-villeroy-boch-de","9":"product_tag-blau","10":"product_tag-kristallin","11":"product_tag-set-mit-2-glasern","12":"product_tag-weinglas","14":"first","15":"instock","16":"shipping-taxable","17":"purchasable","18":"product-type-simple"},"supplier_id":9071,"supplier_sku":"1951808200","barcode":"4003686429482","atum_controlled":true,"out_stock_date":"2024-06-09 12:37:39","out_stock_threshold":null,"inheritable":false,"inbound_stock":0,"stock_on_hold":0,"sold_today":0,"sales_last_days":0,"reserved_stock":0,"customer_returns":0,"warehouse_damage":null,"lost_in_post":0,"other_logs":0,"out_stock_days":404,"lost_sales":0,"has_location":false,"update_date":"2025-07-19T06:26:38","atum_locations":[],"atum_stock_status":"onbackorder","restock_status":false,"low_stock_amount":"","sales_update_date":"2025-07-19T06:26:38","calc_backorders":0,"locations":[],"_links":{"self":[{"href":"https:\/\/delices.lu\/de\/wp-json\/wp\/v2\/product\/15198","targetHints":{"allow":["GET"]}}],"collection":[{"href":"https:\/\/delices.lu\/de\/wp-json\/wp\/v2\/product"}],"about":[{"href":"https:\/\/delices.lu\/de\/wp-json\/wp\/v2\/types\/product"}],"wp:featuredmedia":[{"embeddable":true,"href":"https:\/\/delices.lu\/de\/wp-json\/wp\/v2\/media\/15200"}],"wp:attachment":[{"href":"https:\/\/delices.lu\/de\/wp-json\/wp\/v2\/media?parent=15198"}],"wp:term":[{"taxonomy":"location","embeddable":true,"href":"https:\/\/delices.lu\/de\/wp-json\/wp\/v2\/location?post=15198"},{"taxonomy":"product_brand","embeddable":true,"href":"https:\/\/delices.lu\/de\/wp-json\/wp\/v2\/product_brand?post=15198"},{"taxonomy":"product_cat","embeddable":true,"href":"https:\/\/delices.lu\/de\/wp-json\/wp\/v2\/product_cat?post=15198"},{"taxonomy":"product_tag","embeddable":true,"href":"https:\/\/delices.lu\/de\/wp-json\/wp\/v2\/product_tag?post=15198"}],"curies":[{"name":"wp","href":"https:\/\/api.w.org\/{rel}","templated":true}]}}