{"id":15199,"date":"2024-06-09T00:00:27","date_gmt":"2025-03-20T10:49:28","guid":{"rendered":"https:\/\/delices.lu\/produit\/like-clay-wasserglas-2-stueck\/"},"modified":"2025-03-20T11:49:28","modified_gmt":"2025-03-20T10:49:28","slug":"like-clay-wasserglas-2-stueck","status":"publish","type":"product","link":"https:\/\/delices.lu\/de\/produit\/like-clay-wasserglas-2-stueck\/","title":{"rendered":"Like Clay, Wasserglas, 2 St\u00fcck"},"content":{"rendered":"<p><strong>Ein Set von Wassergl\u00e4sern in nat\u00fcrlichen Farbt\u00f6nen<\/strong><br \/>\nDie farbigen Gl\u00e4ser von Villeroy &amp; Boch bilden zusammen ein harmonisches Ensemble auf dem Tisch. Orange, Blau, Violett&#8230; Lassen Sie Ihrer Kreativit\u00e4t freien Lauf mit den transparenten, gef\u00e4rbten Gl\u00e4sern aus der Like Glass Kollektion! Dieses Set aus zwei Wassergl\u00e4sern in der Farbe Ton verleiht dem gedeckten Esstisch einen nat\u00fcrlichen Touch. Eher Brunch, Aperitif oder Grillparty im Sommer? Eine trendige Tischdekoration im Landhausstil wird Ihre G\u00e4ste bei jeder Gelegenheit begeistern! Einige Designgl\u00e4ser, eine originelle Vase mit Trockenblumen, h\u00fcbsche Windlichter&#8230; Sie sind bereit f\u00fcr einen festlichen Moment mit der Familie oder mit Freunden! Mit dem Tafelservice und den Dekorationselementen von Villeroy &amp; Boch k\u00f6nnen Sie eine gem\u00fctliche Atmosph\u00e4re schaffen, die Ihre G\u00e4ste lieben werden. Auf der Suche nach einer Geschenkidee? Mit einem Geschirrset oder einem Set aus get\u00f6nten Gl\u00e4sern, die Sie kombinieren k\u00f6nnen, werden Sie Ihren Lieben garantiert eine Freude machen! Feiern Sie das Leben in seiner wunderbaren bunten Vielfalt, mit Like Glass von like. by Villeroy &amp; Boch.          <\/p>\n","protected":false},"excerpt":{"rendered":"<p><strong>Like Clay &#8211; 2er-Set Wassergl\u00e4ser<br \/>\nBraun, aus Glas<\/strong><br \/>\nMATERIAL: Glas<br \/>\nDURCHMESSER: ca. 90 mm<br \/>\nGR\u00d6SSE: ca. 280 ml<br \/>\nFARBE: braun, transparent<br \/>\nGARANTIE F\u00dcR GESCHIRRSP\u00dcLER:Nicht<br \/>\nMIKROWELLENKOMPATIBEL: Nicht<br \/>\nREF. ARTIKEL: 1951798180 <\/p>\n","protected":false},"featured_media":15203,"template":"","meta":[],"location":[],"product_brand":[],"product_cat":[1354,2359,1309],"product_tag":[2417,2211,2408],"class_list":{"0":"post-15199","1":"product","2":"type-product","3":"status-publish","4":"has-post-thumbnail","6":"product_cat-art-de-la-table-de","7":"product_cat-glas","8":"product_cat-villeroy-boch-de","9":"product_tag-braun","10":"product_tag-glas","11":"product_tag-set-mit-2-glasern","13":"first","14":"instock","15":"shipping-taxable","16":"purchasable","17":"product-type-simple"},"supplier_id":9071,"supplier_sku":"1951798180","barcode":"4003686429390","atum_controlled":true,"out_stock_date":"2024-06-09 12:35:05","out_stock_threshold":null,"inheritable":false,"inbound_stock":0,"stock_on_hold":0,"sold_today":0,"sales_last_days":0,"reserved_stock":0,"customer_returns":0,"warehouse_damage":null,"lost_in_post":0,"other_logs":0,"out_stock_days":404,"lost_sales":0,"has_location":false,"update_date":"2025-07-19T06:26:38","atum_locations":[],"atum_stock_status":"onbackorder","restock_status":false,"low_stock_amount":"","sales_update_date":"2025-07-19T06:26:38","calc_backorders":0,"locations":[],"_links":{"self":[{"href":"https:\/\/delices.lu\/de\/wp-json\/wp\/v2\/product\/15199","targetHints":{"allow":["GET"]}}],"collection":[{"href":"https:\/\/delices.lu\/de\/wp-json\/wp\/v2\/product"}],"about":[{"href":"https:\/\/delices.lu\/de\/wp-json\/wp\/v2\/types\/product"}],"wp:featuredmedia":[{"embeddable":true,"href":"https:\/\/delices.lu\/de\/wp-json\/wp\/v2\/media\/15203"}],"wp:attachment":[{"href":"https:\/\/delices.lu\/de\/wp-json\/wp\/v2\/media?parent=15199"}],"wp:term":[{"taxonomy":"location","embeddable":true,"href":"https:\/\/delices.lu\/de\/wp-json\/wp\/v2\/location?post=15199"},{"taxonomy":"product_brand","embeddable":true,"href":"https:\/\/delices.lu\/de\/wp-json\/wp\/v2\/product_brand?post=15199"},{"taxonomy":"product_cat","embeddable":true,"href":"https:\/\/delices.lu\/de\/wp-json\/wp\/v2\/product_cat?post=15199"},{"taxonomy":"product_tag","embeddable":true,"href":"https:\/\/delices.lu\/de\/wp-json\/wp\/v2\/product_tag?post=15199"}],"curies":[{"name":"wp","href":"https:\/\/api.w.org\/{rel}","templated":true}]}}