{"id":15208,"date":"2024-06-09T00:00:00","date_gmt":"2025-03-20T10:49:29","guid":{"rendered":"https:\/\/delices.lu\/produit\/like-ice-wasserglas-2-stueck\/"},"modified":"2025-03-20T11:49:29","modified_gmt":"2025-03-20T10:49:29","slug":"like-ice-wasserglas-2-stueck","status":"publish","type":"product","link":"https:\/\/delices.lu\/de\/produit\/like-ice-wasserglas-2-stueck\/","title":{"rendered":"Like Ice, Wasserglas, 2 St\u00fcck"},"content":{"rendered":"<p><strong>Wassergl\u00e4ser sorgen f\u00fcr gute Laune<\/strong><br \/>\nSehen Sie das Leben blau mit den Wassergl\u00e4sern aus der Like Ice Kollektion! Dieses farbenfrohe Gl\u00e4serset bringt schon beim Fr\u00fchst\u00fcck Schwung in die Bude. Mit seinem lebhaften und spritzigen Design weckt es jeden Tisch auf. Kein Zweifel, mit diesen Gl\u00e4sern werden Sie gute Laune haben! Dies gilt umso mehr, wenn Sie sie mit den fantasievollen Geschirrteilen der Serie Like kombinieren: tiefe Teller, flache Teller, Schalen, Weingl\u00e4ser, Kaffeetassen, etc. Sie k\u00f6nnen sogar ein trendiges Mix &amp; Match kreieren, indem Sie die blauen Wassergl\u00e4ser mit den braunen, gr\u00fcnen und orangen Gl\u00e4sern aus der gleichen Serie kombinieren. Lassen Sie Ihrer Kreativit\u00e4t freien Lauf! Schaffen Sie eine freundliche und fr\u00f6hliche Atmosph\u00e4re mit einer vitaminreichen Dekoration: eine zylindrische Designvase mit einfarbigen Trockenblumen, ein Windlicht in kr\u00e4ftigen Farben und ein paar bunte Dekorationselemente auf einem Tischl\u00e4ufer. Bringen Sie Farbe in Ihren Alltag, im Sommer wie im Winter! Feiern Sie das Leben in seiner wunderbaren bunten Vielfalt mit Like Glass von like. by Villeroy &amp; Boch.          <\/p>\n","protected":false},"excerpt":{"rendered":"<p><strong>Like Ice &#8211; Set bestehend aus 2 Wassergl\u00e4sern<br \/>\nBlau, aus Glas<\/strong><br \/>\nMATERIAL: Glas<br \/>\nDURCHMESSER: ca. 90 mm<br \/>\nGR\u00d6SSE: ca. 280 ml<br \/>\nFARBE: blau, transparent<br \/>\nGARANTIE SP\u00dcLGER\u00c4T:Nicht<br \/>\nMIKROWELLENKOMPATIBEL: Nicht<br \/>\nREF. ARTIKEL: 1951808180 <\/p>\n","protected":false},"featured_media":15209,"template":"","meta":[],"location":[],"product_brand":[],"product_cat":[1354,2359,1309],"product_tag":[2240,2211,2408],"class_list":{"0":"post-15208","1":"product","2":"type-product","3":"status-publish","4":"has-post-thumbnail","6":"product_cat-art-de-la-table-de","7":"product_cat-glas","8":"product_cat-villeroy-boch-de","9":"product_tag-blau","10":"product_tag-glas","11":"product_tag-set-mit-2-glasern","13":"first","14":"instock","15":"shipping-taxable","16":"purchasable","17":"product-type-simple"},"supplier_id":9071,"supplier_sku":"1951808180","barcode":"4003686429468","atum_controlled":true,"out_stock_date":"2024-06-09 12:37:10","out_stock_threshold":null,"inheritable":false,"inbound_stock":0,"stock_on_hold":0,"sold_today":0,"sales_last_days":0,"reserved_stock":0,"customer_returns":0,"warehouse_damage":null,"lost_in_post":0,"other_logs":0,"out_stock_days":404,"lost_sales":0,"has_location":false,"update_date":"2025-07-19T06:26:38","atum_locations":[],"atum_stock_status":"onbackorder","restock_status":false,"low_stock_amount":"","sales_update_date":"2025-07-19T06:26:38","calc_backorders":0,"locations":[],"_links":{"self":[{"href":"https:\/\/delices.lu\/de\/wp-json\/wp\/v2\/product\/15208","targetHints":{"allow":["GET"]}}],"collection":[{"href":"https:\/\/delices.lu\/de\/wp-json\/wp\/v2\/product"}],"about":[{"href":"https:\/\/delices.lu\/de\/wp-json\/wp\/v2\/types\/product"}],"wp:featuredmedia":[{"embeddable":true,"href":"https:\/\/delices.lu\/de\/wp-json\/wp\/v2\/media\/15209"}],"wp:attachment":[{"href":"https:\/\/delices.lu\/de\/wp-json\/wp\/v2\/media?parent=15208"}],"wp:term":[{"taxonomy":"location","embeddable":true,"href":"https:\/\/delices.lu\/de\/wp-json\/wp\/v2\/location?post=15208"},{"taxonomy":"product_brand","embeddable":true,"href":"https:\/\/delices.lu\/de\/wp-json\/wp\/v2\/product_brand?post=15208"},{"taxonomy":"product_cat","embeddable":true,"href":"https:\/\/delices.lu\/de\/wp-json\/wp\/v2\/product_cat?post=15208"},{"taxonomy":"product_tag","embeddable":true,"href":"https:\/\/delices.lu\/de\/wp-json\/wp\/v2\/product_tag?post=15208"}],"curies":[{"name":"wp","href":"https:\/\/api.w.org\/{rel}","templated":true}]}}