{"id":15213,"date":"2024-06-09T00:00:45","date_gmt":"2025-03-20T10:49:29","guid":{"rendered":"https:\/\/delices.lu\/produit\/like-grape-wasserglas-2-stueck\/"},"modified":"2025-03-20T11:49:29","modified_gmt":"2025-03-20T10:49:29","slug":"like-grape-wasserglas-2-stueck","status":"publish","type":"product","link":"https:\/\/delices.lu\/de\/produit\/like-grape-wasserglas-2-stueck\/","title":{"rendered":"Like Grape, Wasserglas, 2 St\u00fcck"},"content":{"rendered":"<p><strong>Moderne Wassergl\u00e4ser mit farbenfrohem Look<\/strong><br \/>\nVerleihen Sie Ihren Mahlzeiten mit den farbenfrohen Wassergl\u00e4sern Like Grape einen Hauch von Freude und guter Laune! Diese schlanken Gl\u00e4ser haben einen modernen Look und einen zarten Fliederton. Mit ihrem sanften Pastelldesign sorgen sie schon beim Fr\u00fchst\u00fcck f\u00fcr eine sommerliche Atmosph\u00e4re. Das Gl\u00e4serset in Lila eignet sich sowohl f\u00fcr den t\u00e4glichen Gebrauch bei einem intimen Mittag- und Abendessen, als auch f\u00fcr besondere Anl\u00e4sse und festliche Mahlzeiten im Freien. F\u00fcr ein noch frischeres Dressing k\u00f6nnen Sie ein kreatives Mix &amp; Match mit den anderen Teilen der Serie machen. Sie finden hier Gl\u00e4ser in Blau, Orange, Violett, Gr\u00fcn&#8230; Eine wahre Explosion der Farben! Dekorieren Sie Ihren Tisch mit einer h\u00fcbschen Designervase mit einigen Trockenblumen, einem eleganten Windlicht in einem kr\u00e4ftigen Farbton und pastellfarbenem Geschirr f\u00fcr ein farbenfrohes und lebendiges Ergebnis! Feiern Sie das Leben in seiner wunderbaren bunten Vielfalt mit Like Glass von like. by Villeroy &amp; Boch.        <\/p>\n","protected":false},"excerpt":{"rendered":"<p><strong>Like Grape &#8211; 2er-Set Wassergl\u00e4ser<br \/>\n<\/strong> Lila<strong>, aus Glas<\/strong><br \/>\nMATERIAL: kristallklar<br \/>\nDURCHMESSER: ca. 90 mm<br \/>\nGR\u00d6SSE: ca. 280 ml<br \/>\nFARBE: lila, transparent<br \/>\nGARANTIE SP\u00dcLGER\u00c4T:Nicht<br \/>\nMIKROWELLENKOMPATIBEL: Nicht<br \/>\nREF. ARTIKEL: 1951788180 <\/p>\n","protected":false},"featured_media":15214,"template":"","meta":[],"location":[959],"product_brand":[],"product_cat":[1354,2359,1309],"product_tag":[2418,2211,2378,2408],"class_list":{"0":"post-15213","1":"product","2":"type-product","3":"status-publish","4":"has-post-thumbnail","6":"location-0-shop","7":"product_cat-art-de-la-table-de","8":"product_cat-glas","9":"product_cat-villeroy-boch-de","10":"product_tag-flieder","11":"product_tag-glas","12":"product_tag-kristallin","13":"product_tag-set-mit-2-glasern","15":"first","16":"instock","17":"shipping-taxable","18":"purchasable","19":"product-type-simple"},"supplier_id":9071,"supplier_sku":"1951788180","barcode":"4003686429352","atum_controlled":true,"out_stock_date":null,"out_stock_threshold":null,"inheritable":false,"inbound_stock":0,"stock_on_hold":0,"sold_today":0,"sales_last_days":0,"reserved_stock":0,"customer_returns":0,"warehouse_damage":null,"lost_in_post":0,"other_logs":0,"out_stock_days":0,"lost_sales":0,"has_location":false,"update_date":"2025-07-19T06:26:26","atum_locations":[{"id":960,"name":"0 SHOP","slug":"0-shop"}],"atum_stock_status":"instock","restock_status":false,"low_stock_amount":"","sales_update_date":"2025-07-19T06:26:26","calc_backorders":0,"locations":[],"_links":{"self":[{"href":"https:\/\/delices.lu\/de\/wp-json\/wp\/v2\/product\/15213","targetHints":{"allow":["GET"]}}],"collection":[{"href":"https:\/\/delices.lu\/de\/wp-json\/wp\/v2\/product"}],"about":[{"href":"https:\/\/delices.lu\/de\/wp-json\/wp\/v2\/types\/product"}],"wp:featuredmedia":[{"embeddable":true,"href":"https:\/\/delices.lu\/de\/wp-json\/wp\/v2\/media\/15214"}],"wp:attachment":[{"href":"https:\/\/delices.lu\/de\/wp-json\/wp\/v2\/media?parent=15213"}],"wp:term":[{"taxonomy":"location","embeddable":true,"href":"https:\/\/delices.lu\/de\/wp-json\/wp\/v2\/location?post=15213"},{"taxonomy":"product_brand","embeddable":true,"href":"https:\/\/delices.lu\/de\/wp-json\/wp\/v2\/product_brand?post=15213"},{"taxonomy":"product_cat","embeddable":true,"href":"https:\/\/delices.lu\/de\/wp-json\/wp\/v2\/product_cat?post=15213"},{"taxonomy":"product_tag","embeddable":true,"href":"https:\/\/delices.lu\/de\/wp-json\/wp\/v2\/product_tag?post=15213"}],"curies":[{"name":"wp","href":"https:\/\/api.w.org\/{rel}","templated":true}]}}