{"id":15217,"date":"2024-06-09T00:00:14","date_gmt":"2025-03-20T10:49:30","guid":{"rendered":"https:\/\/delices.lu\/produit\/like-clay-weinglas-2-stueck\/"},"modified":"2025-03-20T11:49:30","modified_gmt":"2025-03-20T10:49:30","slug":"like-clay-weinglas-2-stueck","status":"publish","type":"product","link":"https:\/\/delices.lu\/de\/produit\/like-clay-weinglas-2-stueck\/","title":{"rendered":"Like Clay Weinglas, 2 St\u00fcck"},"content":{"rendered":"<p><strong>Ein Set aus 2 Weingl\u00e4sern mit raffiniertem Design<\/strong><br \/>\nEinen k\u00f6stlichen Wein zu genie\u00dfen ist ein Vergn\u00fcgen. Aber ihn aus einem eleganten Kristallglas mit Stiel zu genie\u00dfen, ist noch sch\u00f6ner! Die Weingl\u00e4ser der Like Clay Kollektion f\u00fcgen dem Geschmackserlebnis eine interessante Dimension hinzu. Mit diesem Set von Gl\u00e4sern f\u00fcr zwei Personen, die f\u00fcr einen optimalen Weingenuss konzipiert sind, kann die Magie nur funktionieren. In diesem Glas k\u00f6nnen sich die Aromen und Geschm\u00e4cker voll entfalten, so dass Sie einen perfekt bel\u00fcfteten Wein genie\u00dfen k\u00f6nnen. Ob fruchtiger Ros\u00e9, trockener Wei\u00dfwein oder holziger Rotwein, diese Gl\u00e4ser in braunem Kristallglas bringen den besten Nektar zur Geltung. Das transparente Design erm\u00f6glicht es Ihnen, die zarte Farbe des Weines zu bewundern und Ihre Sinne und die Ihrer G\u00e4ste zu stimulieren. Um dieses Erlebnis noch zu steigern, kombinieren Sie diese Designgl\u00e4ser mit dem farbenfrohen Tafelservice aus der Serie Like: flache Teller, Sch\u00fcsseln, Salatsch\u00fcsseln, Wassergl\u00e4ser, Tassen, etc. So erhalten Sie eine sch\u00f6ne Sommerdekoration! Feiern Sie das Leben in seiner wunderbaren bunten Vielfalt, mit Like Glass von like. by Villeroy &amp; Boch.          <\/p>\n","protected":false},"excerpt":{"rendered":"<p><strong>Like Clay Weingl\u00e4ser<\/strong><strong>, 2 St\u00fcck<\/strong><br \/>\nMATERIAL: kristallklar<br \/>\nDURCHMESSER: ca. 85 mm<br \/>\nGR\u00d6SSE: ca. 270 ml<br \/>\nFARBE: braun, transparent<br \/>\nGARANTIE SP\u00dcLMASCHINENGARANTIE:Nein<br \/>\nMIKROWELLENKOMPATIBEL: Nein<br \/>\nREF. ARTIKEL: 1951798200 <\/p>\n","protected":false},"featured_media":15218,"template":"","meta":[],"location":[],"product_brand":[],"product_cat":[1354,2359,1309],"product_tag":[2417,2378,2408,2404],"class_list":{"0":"post-15217","1":"product","2":"type-product","3":"status-publish","4":"has-post-thumbnail","6":"product_cat-art-de-la-table-de","7":"product_cat-glas","8":"product_cat-villeroy-boch-de","9":"product_tag-braun","10":"product_tag-kristallin","11":"product_tag-set-mit-2-glasern","12":"product_tag-weinglas","14":"first","15":"instock","16":"shipping-taxable","17":"purchasable","18":"product-type-simple"},"supplier_id":9071,"supplier_sku":"1951798200","barcode":"4003686429413","atum_controlled":true,"out_stock_date":null,"out_stock_threshold":null,"inheritable":false,"inbound_stock":0,"stock_on_hold":0,"sold_today":0,"sales_last_days":0,"reserved_stock":0,"customer_returns":0,"warehouse_damage":null,"lost_in_post":0,"other_logs":0,"out_stock_days":0,"lost_sales":0,"has_location":false,"update_date":"2025-07-19T06:26:37","atum_locations":[],"atum_stock_status":"onbackorder","restock_status":false,"low_stock_amount":"","sales_update_date":"2025-07-19T06:26:37","calc_backorders":0,"locations":[],"_links":{"self":[{"href":"https:\/\/delices.lu\/de\/wp-json\/wp\/v2\/product\/15217","targetHints":{"allow":["GET"]}}],"collection":[{"href":"https:\/\/delices.lu\/de\/wp-json\/wp\/v2\/product"}],"about":[{"href":"https:\/\/delices.lu\/de\/wp-json\/wp\/v2\/types\/product"}],"wp:featuredmedia":[{"embeddable":true,"href":"https:\/\/delices.lu\/de\/wp-json\/wp\/v2\/media\/15218"}],"wp:attachment":[{"href":"https:\/\/delices.lu\/de\/wp-json\/wp\/v2\/media?parent=15217"}],"wp:term":[{"taxonomy":"location","embeddable":true,"href":"https:\/\/delices.lu\/de\/wp-json\/wp\/v2\/location?post=15217"},{"taxonomy":"product_brand","embeddable":true,"href":"https:\/\/delices.lu\/de\/wp-json\/wp\/v2\/product_brand?post=15217"},{"taxonomy":"product_cat","embeddable":true,"href":"https:\/\/delices.lu\/de\/wp-json\/wp\/v2\/product_cat?post=15217"},{"taxonomy":"product_tag","embeddable":true,"href":"https:\/\/delices.lu\/de\/wp-json\/wp\/v2\/product_tag?post=15217"}],"curies":[{"name":"wp","href":"https:\/\/api.w.org\/{rel}","templated":true}]}}