{"id":15222,"date":"2024-06-09T00:00:00","date_gmt":"2025-03-20T10:49:30","guid":{"rendered":"https:\/\/delices.lu\/produit\/like-grape-champagner-dessertschale-2-stueck\/"},"modified":"2025-03-20T11:49:30","modified_gmt":"2025-03-20T10:49:30","slug":"like-grape-champagner-dessertschale-2-stueck","status":"publish","type":"product","link":"https:\/\/delices.lu\/de\/produit\/like-grape-champagner-dessertschale-2-stueck\/","title":{"rendered":"Like Grape Champagner-\/Dessertschale, 2 St\u00fcck"},"content":{"rendered":"<p><strong>Champagnergl\u00e4ser f\u00fcr stilvolles Trinken<\/strong><br \/>\nEin besonderer Anlass steht bevor? Ein festliches Essen bedeutet auch Champagner! Und dieses Mal ziehen Sie alle Register mit wundersch\u00f6nen Champagnergl\u00e4sern. Um Ihre G\u00e4ste oder Ihre Partnerin zu \u00fcberraschen, zeigen Sie Ihre neuen Designschalen aus der Like Grape Kollektion! Elegant, raffiniert, anspruchsvoll&#8230; Es gibt viele Adjektive, um diese pr\u00e4chtigen Kristallgl\u00e4ser zu beschreiben. Eines ist sicher: mit ihrem lilafarbenen, transparenten Design werden sie bei einem Dinner f\u00fcr Aufsehen sorgen. Es w\u00e4re eine Schande, sie nur bei gro\u00dfen Veranstaltungen zu zeigen! Um sie auch im Alltag zu genie\u00dfen, verwandeln Sie Ihre Champagnergl\u00e4ser in Aperitifgl\u00e4ser oder Dessertschalen. Ihre k\u00f6stlichen s\u00fc\u00dfen oder herzhaften Speisen kommen in diesem Beh\u00e4lter besonders gut zur Geltung. M\u00f6chten Sie einem lieben Menschen eine Freude machen? Schenken Sie ihm dieses Set mit zwei hochwertigen Champagnergl\u00e4sern! Feiern Sie das Leben in seiner wunderbaren bunten Vielfalt mit Like Glass von like. by Villeroy &amp; Boch.            <\/p>\n","protected":false},"excerpt":{"rendered":"<p><strong>Like Grape Champagnerschale<\/strong><br \/>\n<strong>Champagner oder Dessert, 100 ml, 2 St\u00fcck<\/strong><br \/>\nMATERIAL: kristallklar<br \/>\nDURCHMESSER: ca. 92 mm<br \/>\nGR\u00d6\u00dfE: ca. 100 ml<br \/>\nFARBE: lila, transparent<br \/>\nGARANTIE SP\u00dcLMASCHINENGARANTIE:Nicht<br \/>\nMIKROWELLENKOMPATIBEL: Nicht<br \/>\nREF. ARTIKEL: 1951788210 <\/p>\n","protected":false},"featured_media":15223,"template":"","meta":[],"location":[],"product_brand":[],"product_cat":[1354,2359,1309],"product_tag":[2409,2378,2407,2408],"class_list":{"0":"post-15222","1":"product","2":"type-product","3":"status-publish","4":"has-post-thumbnail","6":"product_cat-art-de-la-table-de","7":"product_cat-glas","8":"product_cat-villeroy-boch-de","9":"product_tag-champagner","10":"product_tag-kristallin","11":"product_tag-nachtisch","12":"product_tag-set-mit-2-glasern","14":"first","15":"instock","16":"shipping-taxable","17":"purchasable","18":"product-type-simple"},"supplier_id":9071,"supplier_sku":"1951788210","barcode":"4003686429383","atum_controlled":true,"out_stock_date":"2024-06-09 12:32:45","out_stock_threshold":null,"inheritable":false,"inbound_stock":0,"stock_on_hold":0,"sold_today":0,"sales_last_days":0,"reserved_stock":0,"customer_returns":0,"warehouse_damage":null,"lost_in_post":0,"other_logs":0,"out_stock_days":404,"lost_sales":0,"has_location":false,"update_date":"2025-07-19T06:26:38","atum_locations":[],"atum_stock_status":"onbackorder","restock_status":false,"low_stock_amount":"","sales_update_date":"2025-07-19T06:26:38","calc_backorders":0,"locations":[],"_links":{"self":[{"href":"https:\/\/delices.lu\/de\/wp-json\/wp\/v2\/product\/15222","targetHints":{"allow":["GET"]}}],"collection":[{"href":"https:\/\/delices.lu\/de\/wp-json\/wp\/v2\/product"}],"about":[{"href":"https:\/\/delices.lu\/de\/wp-json\/wp\/v2\/types\/product"}],"wp:featuredmedia":[{"embeddable":true,"href":"https:\/\/delices.lu\/de\/wp-json\/wp\/v2\/media\/15223"}],"wp:attachment":[{"href":"https:\/\/delices.lu\/de\/wp-json\/wp\/v2\/media?parent=15222"}],"wp:term":[{"taxonomy":"location","embeddable":true,"href":"https:\/\/delices.lu\/de\/wp-json\/wp\/v2\/location?post=15222"},{"taxonomy":"product_brand","embeddable":true,"href":"https:\/\/delices.lu\/de\/wp-json\/wp\/v2\/product_brand?post=15222"},{"taxonomy":"product_cat","embeddable":true,"href":"https:\/\/delices.lu\/de\/wp-json\/wp\/v2\/product_cat?post=15222"},{"taxonomy":"product_tag","embeddable":true,"href":"https:\/\/delices.lu\/de\/wp-json\/wp\/v2\/product_tag?post=15222"}],"curies":[{"name":"wp","href":"https:\/\/api.w.org\/{rel}","templated":true}]}}