{"id":15225,"date":"2024-06-09T00:00:44","date_gmt":"2025-03-20T10:49:30","guid":{"rendered":"https:\/\/delices.lu\/produit\/like-grape-weinglas-2-stueck\/"},"modified":"2025-03-20T11:49:30","modified_gmt":"2025-03-20T10:49:30","slug":"like-grape-weinglas-2-stueck","status":"publish","type":"product","link":"https:\/\/delices.lu\/de\/produit\/like-grape-weinglas-2-stueck\/","title":{"rendered":"Like Grape, Weinglas, 2 St\u00fcck"},"content":{"rendered":"<p><strong>Schicke Weingl\u00e4ser, leicht lila get\u00f6nt<\/strong><br \/>\nIst es nicht sch\u00f6n, einen guten Wein aus einem raffinierten Kristallglas zu genie\u00dfen? Die Erfahrung ist noch viel angenehmer: ein elegantes Weinglas bringt den kostbaren Nektar noch besser zur Geltung. Mit den lila Weingl\u00e4sern aus der Like Grape Kollektion k\u00f6nnen Sie dieses Vergn\u00fcgen noch steigern! Dieses Set von Stielgl\u00e4sern f\u00fcr zwei Personen hat ein schlichtes, schickes Design. Mit seinem leichten Fliederton verleiht das Glas einem Tisch einen sanften und charmanten Touch. Dank ihrer Transparenz bieten sie eine optimale Verkostung. Bevor Sie den Wein genie\u00dfen, k\u00f6nnen Sie sein Aussehen und seine Farbe beurteilen. Diese hochwertigen Gl\u00e4ser eignen sich sowohl f\u00fcr den t\u00e4glichen Gebrauch als auch f\u00fcr besondere Anl\u00e4sse. F\u00fcr ein kreatives Mix &amp; Match kombinieren Sie die lila Gl\u00e4ser mit den braunen, blauen, orangefarbenen, gr\u00fcnen und anderen Like-Gl\u00e4sern. Diese farbenfrohen Gl\u00e4ser sind auch eine sch\u00f6ne Geschenkidee f\u00fcr eine Einweihungsparty oder einen Geburtstag! Feiern Sie das Leben in seiner wunderbaren bunten Vielfalt mit Like Glass von like. by Villeroy &amp; Boch.           <\/p>\n","protected":false},"excerpt":{"rendered":"<p><strong>Like Grape, Weinglas, 2 St\u00fcck<\/strong><br \/>\nMATERIAL: kristallklar<br \/>\nDURCHMESSER: ca. 85 mm<br \/>\nGR\u00d6\u00dfE: ca. 270 ml<br \/>\nFARBE: lila, transparent<br \/>\nGARANTIE SP\u00dcLMASCHINENGARANTIE:Nicht<br \/>\nMIKROWELLENKOMPATIBEL: Nicht<br \/>\nREF. ARTIKEL: 1951788200 <\/p>\n","protected":false},"featured_media":15229,"template":"","meta":[],"location":[],"product_brand":[],"product_cat":[1354,2359,1309],"product_tag":[2211,2378,2408],"class_list":{"0":"post-15225","1":"product","2":"type-product","3":"status-publish","4":"has-post-thumbnail","6":"product_cat-art-de-la-table-de","7":"product_cat-glas","8":"product_cat-villeroy-boch-de","9":"product_tag-glas","10":"product_tag-kristallin","11":"product_tag-set-mit-2-glasern","13":"first","14":"instock","15":"shipping-taxable","16":"purchasable","17":"product-type-simple"},"supplier_id":9071,"supplier_sku":"1951788200","barcode":"4003686429376","atum_controlled":true,"out_stock_date":"2024-06-09 12:32:13","out_stock_threshold":null,"inheritable":false,"inbound_stock":0,"stock_on_hold":0,"sold_today":0,"sales_last_days":0,"reserved_stock":0,"customer_returns":0,"warehouse_damage":null,"lost_in_post":0,"other_logs":0,"out_stock_days":404,"lost_sales":0,"has_location":false,"update_date":"2025-07-19T06:26:38","atum_locations":[],"atum_stock_status":"onbackorder","restock_status":false,"low_stock_amount":"","sales_update_date":"2025-07-19T06:26:38","calc_backorders":0,"locations":[],"_links":{"self":[{"href":"https:\/\/delices.lu\/de\/wp-json\/wp\/v2\/product\/15225","targetHints":{"allow":["GET"]}}],"collection":[{"href":"https:\/\/delices.lu\/de\/wp-json\/wp\/v2\/product"}],"about":[{"href":"https:\/\/delices.lu\/de\/wp-json\/wp\/v2\/types\/product"}],"wp:featuredmedia":[{"embeddable":true,"href":"https:\/\/delices.lu\/de\/wp-json\/wp\/v2\/media\/15229"}],"wp:attachment":[{"href":"https:\/\/delices.lu\/de\/wp-json\/wp\/v2\/media?parent=15225"}],"wp:term":[{"taxonomy":"location","embeddable":true,"href":"https:\/\/delices.lu\/de\/wp-json\/wp\/v2\/location?post=15225"},{"taxonomy":"product_brand","embeddable":true,"href":"https:\/\/delices.lu\/de\/wp-json\/wp\/v2\/product_brand?post=15225"},{"taxonomy":"product_cat","embeddable":true,"href":"https:\/\/delices.lu\/de\/wp-json\/wp\/v2\/product_cat?post=15225"},{"taxonomy":"product_tag","embeddable":true,"href":"https:\/\/delices.lu\/de\/wp-json\/wp\/v2\/product_tag?post=15225"}],"curies":[{"name":"wp","href":"https:\/\/api.w.org\/{rel}","templated":true}]}}