{"id":15233,"date":"2024-08-24T00:00:34","date_gmt":"2025-03-20T10:49:31","guid":{"rendered":"https:\/\/delices.lu\/produit\/like-sage-champagner-dessertschale-2-stueck\/"},"modified":"2025-03-20T11:49:31","modified_gmt":"2025-03-20T10:49:31","slug":"like-sage-champagner-dessertschale-2-stueck","status":"publish","type":"product","link":"https:\/\/delices.lu\/de\/produit\/like-sage-champagner-dessertschale-2-stueck\/","title":{"rendered":"Like Sage Champagner-\/Dessertschale, 2 St\u00fcck"},"content":{"rendered":"<p><strong>Farbige Gl\u00e4ser, so bunt wie das Leben<\/strong><br \/>\nGemeinsam genie\u00dfen und das Leben in seiner ganzen Vielfalt feiern: Die Gl\u00e4ser der Kollektion Like Glass verbinden auf fantasievolle Weise Spontaneit\u00e4t und die Lust, immer wieder etwas Neues zu entdecken. Mit diesen farbigen Gl\u00e4sern werden Mix-and-Match-Kombinationen fr\u00f6hlich und das Ergebnis sind Momente, die so bunt sind wie das Leben. Mit diesem farbigen Glas aus der Like Glass Kollektion wird jeder Moment zu einem kleinen Fest. Mit seiner schlichten modernen Form und der zarten Farbe wird dieses Glas zu einem absolut trendigen Highlight &#8211; sowohl im Alltag als auch auf dem gedeckten Tisch f\u00fcr Ihre n\u00e4chste Dinnerparty. Feiern Sie das Leben in seiner wunderbaren bunten Vielfalt, mit Like Glass von like. by Villeroy &amp; Boch.     <\/p>\n","protected":false},"excerpt":{"rendered":"<p><strong>Like Sage Champagnerschale<\/strong><br \/>\n<strong>Champagner oder Dessert, 100 ml, 2 St\u00fcck<\/strong><br \/>\nMATERIAL: kristallklar<br \/>\nDURCHMESSER: ca. 92 mm<br \/>\nGR\u00d6\u00dfE: ca. 100 ml<br \/>\nFARBE: gr\u00fcn, transparent<br \/>\nGARANTIE SP\u00dcLGERECHT:Nicht<br \/>\nMIKROWELLENKOMPATIBEL: Nicht<br \/>\nREF. ARTIKEL: 1951778210 <\/p>\n","protected":false},"featured_media":15234,"template":"","meta":[],"location":[959],"product_brand":[],"product_cat":[1354,2359,1309],"product_tag":[2409,2378,2407,2408],"class_list":{"0":"post-15233","1":"product","2":"type-product","3":"status-publish","4":"has-post-thumbnail","6":"location-0-shop","7":"product_cat-art-de-la-table-de","8":"product_cat-glas","9":"product_cat-villeroy-boch-de","10":"product_tag-champagner","11":"product_tag-kristallin","12":"product_tag-nachtisch","13":"product_tag-set-mit-2-glasern","15":"first","16":"instock","17":"shipping-taxable","18":"purchasable","19":"product-type-simple"},"supplier_id":9071,"supplier_sku":"1951778210","barcode":"4003686428058","atum_controlled":true,"out_stock_date":null,"out_stock_threshold":null,"inheritable":false,"inbound_stock":0,"stock_on_hold":0,"sold_today":0,"sales_last_days":0,"reserved_stock":0,"customer_returns":0,"warehouse_damage":null,"lost_in_post":0,"other_logs":0,"out_stock_days":0,"lost_sales":0,"has_location":false,"update_date":"2025-07-19T06:26:30","atum_locations":[{"id":960,"name":"0 SHOP","slug":"0-shop"}],"atum_stock_status":"instock","restock_status":false,"low_stock_amount":"","sales_update_date":"2025-07-19T06:26:30","calc_backorders":0,"locations":[],"_links":{"self":[{"href":"https:\/\/delices.lu\/de\/wp-json\/wp\/v2\/product\/15233","targetHints":{"allow":["GET"]}}],"collection":[{"href":"https:\/\/delices.lu\/de\/wp-json\/wp\/v2\/product"}],"about":[{"href":"https:\/\/delices.lu\/de\/wp-json\/wp\/v2\/types\/product"}],"wp:featuredmedia":[{"embeddable":true,"href":"https:\/\/delices.lu\/de\/wp-json\/wp\/v2\/media\/15234"}],"wp:attachment":[{"href":"https:\/\/delices.lu\/de\/wp-json\/wp\/v2\/media?parent=15233"}],"wp:term":[{"taxonomy":"location","embeddable":true,"href":"https:\/\/delices.lu\/de\/wp-json\/wp\/v2\/location?post=15233"},{"taxonomy":"product_brand","embeddable":true,"href":"https:\/\/delices.lu\/de\/wp-json\/wp\/v2\/product_brand?post=15233"},{"taxonomy":"product_cat","embeddable":true,"href":"https:\/\/delices.lu\/de\/wp-json\/wp\/v2\/product_cat?post=15233"},{"taxonomy":"product_tag","embeddable":true,"href":"https:\/\/delices.lu\/de\/wp-json\/wp\/v2\/product_tag?post=15233"}],"curies":[{"name":"wp","href":"https:\/\/api.w.org\/{rel}","templated":true}]}}