{"id":15239,"date":"2024-06-09T00:00:20","date_gmt":"2025-03-20T10:49:39","guid":{"rendered":"https:\/\/delices.lu\/produit\/like-sage-wasserglas-2-stueck\/"},"modified":"2025-03-20T11:49:39","modified_gmt":"2025-03-20T10:49:39","slug":"like-sage-wasserglas-2-stueck","status":"publish","type":"product","link":"https:\/\/delices.lu\/de\/produit\/like-sage-wasserglas-2-stueck\/","title":{"rendered":"Like Sage, Wasserglas, 2 St\u00fcck"},"content":{"rendered":"<p><strong>Get\u00f6nte Wassergl\u00e4ser f\u00fcr eine farbenfrohe Tischdekoration<\/strong><br \/>\nDiese transparenten, leicht get\u00f6nten Gl\u00e4ser aus der Kollektion Like Sage bringen einen Hauch von Originalit\u00e4t auf den Tisch. Gr\u00fcn ist eine frische und trendige Farbe, die an die Natur erinnert. Daher ist dieses Gl\u00e4serset ideal, um eine Tischdekoration in einem l\u00e4ndlichen oder sommerlichen Stil zu vervollst\u00e4ndigen. Die farbigen Gl\u00e4ser von Villeroy &amp; Boch sind praktisch f\u00fcr Mahlzeiten mit der Familie oder mit Freunden. Gr\u00fcn, Orange, Blau, Lila&#8230; Jeder kann seine Lieblingsfarbe w\u00e4hlen und sein Getr\u00e4nk genie\u00dfen! Wie w\u00e4re es, wenn Sie Ihre Sammlung von get\u00f6nten Gl\u00e4sern mit diesem zweiteiligen Set beginnen w\u00fcrden? Die Gr\u00f6\u00dfe und das Design dieser originellen Gl\u00e4ser machen sie auch zu vielseitigen Beh\u00e4ltern, in denen Sie Ihre Mahlzeiten genie\u00dfen k\u00f6nnen. Sie k\u00f6nnen als Aperitifgl\u00e4ser oder als Dessertschalen verwendet werden! Sind Sie ein Fan von Mix &amp; Match? Dann w\u00e4hlen Sie eine harmonische Kombination mit den farbenfrohen Gl\u00e4sern der Kollektion Like und dem Tafelservice im T\u00f6pferei-Look der Kollektion Lave. Zelebrieren Sie das Leben in seiner wunderbaren bunten Vielfalt mit Like Glass von like. by Villeroy &amp; Boch.           <\/p>\n","protected":false},"excerpt":{"rendered":"<p><strong>Like Sage &#8211; 2er-Set Wassergl\u00e4ser<br \/>\nGr\u00fcn, aus Glas<\/strong><br \/>\nMATERIAL: kristallklar<br \/>\nDURCHMESSER: ca. 90 mm<br \/>\nGR\u00d6SSE: ca. 280 ml<br \/>\nFARBE: gr\u00fcn, transparent<br \/>\nGARANTIE F\u00dcR GESCHIRRSP\u00dcLER:Nein<br \/>\nMIKROWELLENKOMPATIBEL: Nein<br \/>\nREF. ARTIKEL: 1951778180 <\/p>\n","protected":false},"featured_media":15241,"template":"","meta":[],"location":[959],"product_brand":[],"product_cat":[1354,2359,1309],"product_tag":[2211,2378,2408],"class_list":{"0":"post-15239","1":"product","2":"type-product","3":"status-publish","4":"has-post-thumbnail","6":"location-0-shop","7":"product_cat-art-de-la-table-de","8":"product_cat-glas","9":"product_cat-villeroy-boch-de","10":"product_tag-glas","11":"product_tag-kristallin","12":"product_tag-set-mit-2-glasern","14":"first","15":"instock","16":"shipping-taxable","17":"purchasable","18":"product-type-simple"},"supplier_id":9071,"supplier_sku":"1951778180","barcode":"4003686428027","atum_controlled":true,"out_stock_date":null,"out_stock_threshold":null,"inheritable":false,"inbound_stock":0,"stock_on_hold":0,"sold_today":0,"sales_last_days":0,"reserved_stock":0,"customer_returns":0,"warehouse_damage":null,"lost_in_post":0,"other_logs":0,"out_stock_days":0,"lost_sales":0,"has_location":false,"update_date":"2025-07-19T06:26:26","atum_locations":[{"id":960,"name":"0 SHOP","slug":"0-shop"}],"atum_stock_status":"instock","restock_status":false,"low_stock_amount":"","sales_update_date":"2025-07-19T06:26:26","calc_backorders":0,"locations":[],"_links":{"self":[{"href":"https:\/\/delices.lu\/de\/wp-json\/wp\/v2\/product\/15239","targetHints":{"allow":["GET"]}}],"collection":[{"href":"https:\/\/delices.lu\/de\/wp-json\/wp\/v2\/product"}],"about":[{"href":"https:\/\/delices.lu\/de\/wp-json\/wp\/v2\/types\/product"}],"wp:featuredmedia":[{"embeddable":true,"href":"https:\/\/delices.lu\/de\/wp-json\/wp\/v2\/media\/15241"}],"wp:attachment":[{"href":"https:\/\/delices.lu\/de\/wp-json\/wp\/v2\/media?parent=15239"}],"wp:term":[{"taxonomy":"location","embeddable":true,"href":"https:\/\/delices.lu\/de\/wp-json\/wp\/v2\/location?post=15239"},{"taxonomy":"product_brand","embeddable":true,"href":"https:\/\/delices.lu\/de\/wp-json\/wp\/v2\/product_brand?post=15239"},{"taxonomy":"product_cat","embeddable":true,"href":"https:\/\/delices.lu\/de\/wp-json\/wp\/v2\/product_cat?post=15239"},{"taxonomy":"product_tag","embeddable":true,"href":"https:\/\/delices.lu\/de\/wp-json\/wp\/v2\/product_tag?post=15239"}],"curies":[{"name":"wp","href":"https:\/\/api.w.org\/{rel}","templated":true}]}}